{"id":7627,"date":"2025-10-29T10:38:29","date_gmt":"2025-10-29T09:38:29","guid":{"rendered":"https:\/\/siltisud.test3d0.it\/product\/pali-in-vetroresina-7-metri\/"},"modified":"2026-03-03T12:16:15","modified_gmt":"2026-03-03T11:16:15","slug":"fiberglass-poles-grp-poles-for-lighting","status":"publish","type":"product","link":"https:\/\/siltisud.com\/en\/product\/fiberglass-poles-grp-poles-for-lighting\/","title":{"rendered":"Fiberglass poles \/ GRP poles for lighting"},"content":{"rendered":"<p><strong>FEATURES DESCRIPTION \/ CARACT\u00c9RISTIQUES<\/strong><\/p>\n<table width=\"690\">\n<tbody>\n<tr>\n<td width=\"120\"><strong>Structure <\/strong><\/td>\n<td width=\"570\">Monolithic, tubular, frusto-conical element, with optional closing lids on the top and on the bottom. Made by centrifugation molding machines, that are fully automated in order to guarantee steady product characteristics.<strong> \/ \u00c9l\u00e9ment monolithique, tubulaire, tronconique, avec couvercles de fermeture optionnels en haut et en bas. <\/strong><strong>Fabriqu\u00e9 par des machines de moulage par centrifugation, enti\u00e8rement automatis\u00e9es afin de garantir des caract\u00e9ristiques de produit stables.<\/strong><\/td>\n<\/tr>\n<tr>\n<td width=\"120\"><strong>Use \/ Utilisation<\/strong><\/td>\n<td width=\"570\">Support for aerial cable networks: telecommunications and electric copper lines, optic fibers lines. \u00a0Support for public lighting, video surveillance, hidden antennas. \/ <strong>Appui pour les r\u00e9seaux c\u00e2bl\u00e9s a\u00e9riens : t\u00e9l\u00e9communications et lignes \u00e9lectriques en cuivre, lignes en fibres optiques. Appui pour l&#8217;\u00e9clairage public, la vid\u00e9osurveillance, les antennes cach\u00e9es.<\/strong><\/td>\n<\/tr>\n<tr>\n<td width=\"120\"><strong>Materials \/ <\/strong><strong>Mat\u00e9riaux<\/strong><\/td>\n<td width=\"570\">Orthophthalic polyester resin, flame retardant and fireproof, reinforced by fiberglass fabric, with an external plastic film for finishing and UV protection. Final colors at customer\u2019s choice. \u00a0\/\u00a0 <strong>R\u00e9sine polyester orthophtalique, r\u00e9sistant au feu et ignifuge, renforc\u00e9e par un tissu en fibre de verre, avec un film plastique externe pour la finition et la protection UV. Couleurs finales au choix <\/strong><\/td>\n<\/tr>\n<tr>\n<td width=\"120\"><strong>Characteristics \u00a0\/ Caract\u00e9ristiques<\/strong><\/td>\n<td width=\"570\">Self-extinguishing. Resistant to chemical agents, to harmful and industrial environments, water resistant, UV resistant. No maintenance needed. Paintable, recoverable, and reusable. Easy to carry and install. \u00a0Zero environmental impact: full recyclable. \u00a0\/\u00a0 <strong>Autoextinguible. R\u00e9sistant aux agents chimiques, aux environnements nocifs et industriels, r\u00e9sistant \u00e0 l&#8217;eau, r\u00e9sistant aux UV. Aucun entretien n\u00e9cessaire. Peut \u00eatre peint, r\u00e9cup\u00e9r\u00e9 et r\u00e9utilisable. Facile \u00e0 transporter et \u00e0 installer. Z\u00e9ro impact environnemental : enti\u00e8rement recyclable.<\/strong><\/td>\n<\/tr>\n<\/tbody>\n<\/table>\n","protected":false},"excerpt":{"rendered":"<p>In the street lighting sector, fiberglass poles represent an ideal solution for urban settings and green spaces, thanks to their ability to blend harmoniously into the environment, fully respecting the landscape and environmental sustainability.<\/p>\n<p>For further details and videos: <a href=\"https:\/\/siltisud.com\/en\/fiberglass-poles\/\">Link<\/a><\/p>\n","protected":false},"featured_media":10599,"template":"","meta":[],"product_brand":[],"product_cat":[89],"product_tag":[],"class_list":{"0":"post-7627","1":"product","2":"type-product","3":"status-publish","4":"has-post-thumbnail","6":"product_cat-lighting-poles","8":"first","9":"instock","10":"shipping-taxable","11":"product-type-external"},"_links":{"self":[{"href":"https:\/\/siltisud.com\/en\/wp-json\/wp\/v2\/product\/7627","targetHints":{"allow":["GET"]}}],"collection":[{"href":"https:\/\/siltisud.com\/en\/wp-json\/wp\/v2\/product"}],"about":[{"href":"https:\/\/siltisud.com\/en\/wp-json\/wp\/v2\/types\/product"}],"wp:featuredmedia":[{"embeddable":true,"href":"https:\/\/siltisud.com\/en\/wp-json\/wp\/v2\/media\/10599"}],"wp:attachment":[{"href":"https:\/\/siltisud.com\/en\/wp-json\/wp\/v2\/media?parent=7627"}],"wp:term":[{"taxonomy":"product_brand","embeddable":true,"href":"https:\/\/siltisud.com\/en\/wp-json\/wp\/v2\/product_brand?post=7627"},{"taxonomy":"product_cat","embeddable":true,"href":"https:\/\/siltisud.com\/en\/wp-json\/wp\/v2\/product_cat?post=7627"},{"taxonomy":"product_tag","embeddable":true,"href":"https:\/\/siltisud.com\/en\/wp-json\/wp\/v2\/product_tag?post=7627"}],"curies":[{"name":"wp","href":"https:\/\/api.w.org\/{rel}","templated":true}]}}