{"id":6779,"date":"2025-10-29T18:07:05","date_gmt":"2025-10-29T17:07:05","guid":{"rendered":"http:\/\/siltisud.test3d0.it\/qualita\/"},"modified":"2025-11-20T13:07:59","modified_gmt":"2025-11-20T12:07:59","slug":"qualite","status":"publish","type":"page","link":"https:\/\/siltisud.com\/fr\/qualite\/","title":{"rendered":"Qualit\u00e9"},"content":{"rendered":"\t\t<div data-elementor-type=\"wp-page\" data-elementor-id=\"6779\" class=\"elementor elementor-6779 elementor-6560\" data-elementor-post-type=\"page\">\n\t\t\t\t\t\t<section class=\"elementor-section elementor-top-section elementor-element elementor-element-209d031 elementor-section-boxed elementor-section-height-default elementor-section-height-default\" data-id=\"209d031\" data-element_type=\"section\">\n\t\t\t\t\t\t<div class=\"elementor-container elementor-column-gap-default\">\n\t\t\t\t\t<div class=\"elementor-column elementor-col-100 elementor-top-column elementor-element elementor-element-826eceb\" data-id=\"826eceb\" data-element_type=\"column\">\n\t\t\t<div class=\"elementor-widget-wrap elementor-element-populated\">\n\t\t\t\t\t\t<div class=\"elementor-element elementor-element-fe36cd9 elementor-widget elementor-widget-text-editor\" data-id=\"fe36cd9\" data-element_type=\"widget\" data-widget_type=\"text-editor.default\">\n\t\t\t\t\t\t\t\t\t<p><span data-contrast=\"auto\" xml:lang=\"FR-FR\" lang=\"FR-FR\" class=\"TextRun SCXW105515243 BCX0\"><span class=\"NormalTextRun SCXW105515243 BCX0\">Nous avons mis en \u0153uvre avec succ\u00e8s un Syst\u00e8me Int\u00e9gr\u00e9 de Gestion de la Qualit\u00e9, de la S\u00e9curit\u00e9 et de l\u2019Environnement (QSSE), un mod\u00e8le qui unifie les principes et les processus de gestion de la qualit\u00e9 (ISO 9001), de la sant\u00e9 et de la s\u00e9curit\u00e9 au travail (ISO 45001) et de l\u2019environnement (ISO 14001) dans une vision strat\u00e9gique unique.<\/span><\/span><span class=\"EOP SCXW105515243 BCX0\" data-ccp-props=\"{}\">\u00a0<\/span><\/p>\t\t\t\t\t\t\t\t<\/div>\n\t\t\t\t<div class=\"elementor-element elementor-element-8759c68 elementor-invisible elementor-widget elementor-widget-image\" data-id=\"8759c68\" data-element_type=\"widget\" data-settings=\"{&quot;_animation&quot;:&quot;fadeInUp&quot;}\" data-widget_type=\"image.default\">\n\t\t\t\t\t\t\t\t\t\t\t\t\t\t\t<img fetchpriority=\"high\" decoding=\"async\" width=\"1307\" height=\"851\" src=\"https:\/\/siltisud.com\/wp-content\/uploads\/2025\/10\/qualita-img1.jpg\" class=\"attachment-full size-full wp-image-6780\" alt=\"\" srcset=\"https:\/\/siltisud.com\/wp-content\/uploads\/2025\/10\/qualita-img1.jpg 1307w, https:\/\/siltisud.com\/wp-content\/uploads\/2025\/10\/qualita-img1-300x195.jpg 300w, https:\/\/siltisud.com\/wp-content\/uploads\/2025\/10\/qualita-img1-1024x667.jpg 1024w, https:\/\/siltisud.com\/wp-content\/uploads\/2025\/10\/qualita-img1-768x500.jpg 768w, https:\/\/siltisud.com\/wp-content\/uploads\/2025\/10\/qualita-img1-1080x703.jpg 1080w\" sizes=\"(max-width: 1307px) 100vw, 1307px\" \/>\t\t\t\t\t\t\t\t\t\t\t\t\t\t\t<\/div>\n\t\t\t\t<div class=\"elementor-element elementor-element-708d22a elementor-view-default elementor-widget elementor-widget-wgl-toggle-accordion\" data-id=\"708d22a\" data-element_type=\"widget\" data-widget_type=\"wgl-toggle-accordion.default\">\n\t\t\t\t<div class=\"elementor-widget-container\">\n\t\t\t\t\t<div class=\"wgl-accordion icon-plus\" id=\"wgl-accordion-708d22a\" data-type=\"toggle\"><div class=\"wgl-accordion_panel\"><h4 id=\"wgl-accordion_header-1181\" class=\"wgl-accordion_header\" data-default=\"yes\"><span class=\"wgl-accordion_title\">Avantages de l'int\u00e9gration<\/span><i class=\"wgl-accordion_icon elementor-icon \"><\/i><\/h4><div class=\"wgl-accordion_content\"><p><span data-contrast=\"auto\" xml:lang=\"FR-FR\" lang=\"FR-FR\" class=\"TextRun SCXW257290939 BCX0\"><span class=\"NormalTextRun SCXW257290939 BCX0\">L'adoption d'un syst\u00e8me de gestion int\u00e9gr\u00e9 nous a permis d'optimiser nos op\u00e9rations et d'am\u00e9liorer nos performances sur plusieurs fronts. L'un des principaux avantages r\u00e9side dans la synergie entre les diff\u00e9rents syst\u00e8mes. Plut\u00f4t que de g\u00e9rer s\u00e9par\u00e9ment la qualit\u00e9, la s\u00e9curit\u00e9 et l'environnement, nous pouvons d\u00e9sormais aborder les probl\u00e8mes de mani\u00e8re globale, r\u00e9duisant ainsi la bureaucratie et les doublons. Par exemple, un processus am\u00e9liorant l'efficacit\u00e9 de la production (Qualit\u00e9) r\u00e9duit souvent \u00e9galement la consommation d'\u00e9nergie (Environnement) et les risques pour les op\u00e9rateurs (S\u00e9curit\u00e9).<\/span><\/span><span class=\"EOP SCXW257290939 BCX0\" data-ccp-props=\"{}\">\u00a0<\/span><\/p><\/div><\/div><div class=\"wgl-accordion_panel\"><h4 id=\"wgl-accordion_header-1182\" class=\"wgl-accordion_header\" data-default=\"\"><span class=\"wgl-accordion_title\">Impact sur la qualit\u00e9 des processus de production <\/span><i class=\"wgl-accordion_icon elementor-icon \"><\/i><\/h4><div class=\"wgl-accordion_content\"><p><span data-contrast=\"auto\" xml:lang=\"FR-FR\" lang=\"FR-FR\" class=\"TextRun SCXW219931157 BCX0\"><span class=\"NormalTextRun SCXW219931157 BCX0\">Notre syst\u00e8me de gestion int\u00e9gr\u00e9 a un impact direct et significatif sur la qualit\u00e9 des processus de production. Gr\u00e2ce \u00e0 la mise en \u0153uvre des meilleures pratiques d\u00e9finies par les r\u00e9glementations internationales, nous avons obtenu une meilleure standardisation des op\u00e9rations, r\u00e9duit les d\u00e9chets et les d\u00e9fauts. Cela se traduit par des produits finis plus fiables et plus homog\u00e8nes. De plus, l'accent mis sur la s\u00e9curit\u00e9 et l'environnement am\u00e9liore le moral et la sensibilisation des employ\u00e9s, contribuant ainsi \u00e0 une culture d'entreprise ax\u00e9e sur l'excellence. La gestion des risques est devenue plus efficace\u202f: gr\u00e2ce \u00e0 une surveillance constante de nos processus et de notre environnement de travail, nous pouvons pr\u00e9venir les accidents et les blessures tout en minimisant notre impact environnemental. Cela se traduit par une confiance accrue de nos clients et une solide r\u00e9putation sur le march\u00e9.<\/span><\/span><span class=\"EOP SCXW219931157 BCX0\" data-ccp-props=\"{}\">\u00a0<\/span><\/p><\/div><\/div><\/div>\t\t\t\t<\/div>\n\t\t\t\t<\/div>\n\t\t\t\t<div class=\"elementor-element elementor-element-73c7eba elementor-widget elementor-widget-spacer\" data-id=\"73c7eba\" data-element_type=\"widget\" data-widget_type=\"spacer.default\">\n\t\t\t\t\t\t\t<div class=\"elementor-spacer\">\n\t\t\t<div class=\"elementor-spacer-inner\"><\/div>\n\t\t<\/div>\n\t\t\t\t\t\t<\/div>\n\t\t\t\t\t<\/div>\n\t\t<\/div>\n\t\t\t\t\t<\/div>\n\t\t<\/section>\n\t\t\t\t<\/div>\n\t\t","protected":false},"excerpt":{"rendered":"<p>Nous avons mis en \u0153uvre avec succ\u00e8s un Syst\u00e8me Int\u00e9gr\u00e9 de Gestion de la Qualit\u00e9, de la S\u00e9curit\u00e9 et de l\u2019Environnement (QSSE), un mod\u00e8le qui unifie les principes et les processus de gestion de la qualit\u00e9 (ISO 9001), de la sant\u00e9 et de la s\u00e9curit\u00e9 au travail (ISO 45001) et de l\u2019environnement (ISO 14001) dans [&hellip;]<\/p>\n","protected":false},"author":1,"featured_media":0,"parent":0,"menu_order":0,"comment_status":"closed","ping_status":"closed","template":"","meta":{"footnotes":""},"class_list":["post-6779","page","type-page","status-publish","hentry"],"_links":{"self":[{"href":"https:\/\/siltisud.com\/fr\/wp-json\/wp\/v2\/pages\/6779","targetHints":{"allow":["GET"]}}],"collection":[{"href":"https:\/\/siltisud.com\/fr\/wp-json\/wp\/v2\/pages"}],"about":[{"href":"https:\/\/siltisud.com\/fr\/wp-json\/wp\/v2\/types\/page"}],"author":[{"embeddable":true,"href":"https:\/\/siltisud.com\/fr\/wp-json\/wp\/v2\/users\/1"}],"replies":[{"embeddable":true,"href":"https:\/\/siltisud.com\/fr\/wp-json\/wp\/v2\/comments?post=6779"}],"version-history":[{"count":7,"href":"https:\/\/siltisud.com\/fr\/wp-json\/wp\/v2\/pages\/6779\/revisions"}],"predecessor-version":[{"id":7203,"href":"https:\/\/siltisud.com\/fr\/wp-json\/wp\/v2\/pages\/6779\/revisions\/7203"}],"wp:attachment":[{"href":"https:\/\/siltisud.com\/fr\/wp-json\/wp\/v2\/media?parent=6779"}],"curies":[{"name":"wp","href":"https:\/\/api.w.org\/{rel}","templated":true}]}}