{"id":6832,"date":"2025-10-27T11:49:57","date_gmt":"2025-10-27T10:49:57","guid":{"rendered":"http:\/\/siltisud.test3d0.it\/azienda\/"},"modified":"2026-02-04T13:04:44","modified_gmt":"2026-02-04T12:04:44","slug":"lentreprise","status":"publish","type":"page","link":"https:\/\/siltisud.com\/fr\/lentreprise\/","title":{"rendered":"L&rsquo;Entreprise"},"content":{"rendered":"\t\t<div data-elementor-type=\"wp-page\" data-elementor-id=\"6832\" class=\"elementor elementor-6832 elementor-5977\" data-elementor-post-type=\"page\">\n\t\t\t\t\t\t<section class=\"elementor-section elementor-top-section elementor-element elementor-element-209d031 elementor-section-boxed elementor-section-height-default elementor-section-height-default\" data-id=\"209d031\" data-element_type=\"section\">\n\t\t\t\t\t\t<div class=\"elementor-container elementor-column-gap-default\">\n\t\t\t\t\t<div class=\"elementor-column elementor-col-100 elementor-top-column elementor-element elementor-element-826eceb\" data-id=\"826eceb\" data-element_type=\"column\">\n\t\t\t<div class=\"elementor-widget-wrap elementor-element-populated\">\n\t\t\t\t\t\t<div class=\"elementor-element elementor-element-6a3dbfd elementor-widget elementor-widget-wgl-time-line-vertical\" data-id=\"6a3dbfd\" data-element_type=\"widget\" data-widget_type=\"wgl-time-line-vertical.default\">\n\t\t\t\t<div class=\"elementor-widget-container\">\n\t\t\t\t\t<div class=\"wgl-timeline-vertical appear_animation\">        <div class=\"tlv__items-start\"><\/div>\r\n        <div class=\"tlv__items-wrapper\">            <div class=\"tlv__item\">\r\n                <div class=\"tlv__curve-wrapper\"><span><\/span><\/div>\r\n                <div class=\"tlv__volume-wrapper\">\r\n                                        <div class=\"tlv__content-wrapper\">\r\n\t                    <div class=\"tlv__content\">\r\n                                                            <div class=\"tlv__date-wrapper\">\r\n                                    <span class=\"tlv__date\">\r\n                                        Ann\u00e9es 1990                                    <\/span>\r\n                                <\/div>\r\n                                \t\t                        <div class=\"tlv__text\"><p><span>Au milieu des ann\u00e9es 1990, <strong>S.I.L.T.I. SUD<\/strong> a \u00e9t\u00e9 l'une des premi\u00e8res entreprises italiennes \u00e0 obtenir la certification de qualit\u00e9 <strong>ISO 9001,<\/strong> \u00e0 la demande expresse de ce qui \u00e9tait alors devenu Telecom Italia.<\/span><span>\u00a0<\/span><\/p><p><span>\u00a0<\/span><\/p><p><span>Par la suite, au d\u00e9but des ann\u00e9es 2000, l'entreprise a \u00e9largi sa gamme de produits en introduisant des poteaux en fibre de verre avec des accessoires sp\u00e9cifiques pour l'\u00e9clairage public.<\/span><span>\u00a0<\/span><\/p><p><span>\u00a0<\/span><\/p><p><span>Au cours de ses pr\u00e8s de 50 ans d'histoire, S.I.L.T.I. SUD a travaill\u00e9 avec de grandes et petites entreprises de t\u00e9l\u00e9communications en Europe et dans le monde entier, r\u00e9volutionnant l'industrie des r\u00e9seaux de t\u00e9l\u00e9communications\/donn\u00e9es : les poteaux en fibre de verre, gr\u00e2ce \u00e0 leurs innombrables avantages, remplacent progressivement ceux en bois et en m\u00e9tal.<\/span><span>\u00a0<\/span><\/p>\t\t                        <\/div>\t                    <\/div>\r\n                    <\/div>\r\n                <\/div>\r\n\r\n            <\/div>            <div class=\"tlv__item\">\r\n                <div class=\"tlv__curve-wrapper\"><span><\/span><\/div>\r\n                <div class=\"tlv__volume-wrapper\">\r\n                                        <div class=\"tlv__content-wrapper\">\r\n\t                    <div class=\"tlv__content\">\r\n                                                            <div class=\"tlv__date-wrapper\">\r\n                                    <span class=\"tlv__date\">\r\n                                        1977                                    <\/span>\r\n                                <\/div>\r\n                                \t\t                        <div class=\"tlv__text\"><p><span><strong>S.I.L.T.I. SUD S.p.A.<\/strong> a \u00e9t\u00e9 fond\u00e9e en 1977. Sp\u00e9cialis\u00e9e dans le traitement des mat\u00e9riaux thermodurcissables et thermoplastiques, elle fait partie du <strong>Groupe Belforte,<\/strong> un groupe d'entreprises sp\u00e9cialis\u00e9 dans la production de composants et d'accessoires pour r\u00e9seaux t\u00e9l\u00e9phoniques SIP (plus tard Telecom Italia).<\/span><span>\u00a0<\/span><\/p><p><span>\u00a0<\/span><\/p><p><span>Elle fut l'une des premi\u00e8res entreprises du sud de l'Italie \u00e0 poss\u00e9der une presse de 2\u202f000 tonnes, permettant la production de pi\u00e8ces de grandes dimensions en une seule op\u00e9ration. Gr\u00e2ce \u00e0 cette presse et \u00e0 d'autres presses pour mat\u00e9riaux thermoplastiques et thermodurcissables, l'entreprise a produit de nombreux types de coffrets de rue pour la distribution de lignes t\u00e9l\u00e9phoniques.<\/span><span>\u00a0<\/span><\/p><p><span>\u00a0<\/span><\/p><p><span>L'expertise acquise dans la production de ce type de produit a conduit l'entreprise \u00e0 collaborer avec les ing\u00e9nieurs de SIP, qui devaient r\u00e9soudre le probl\u00e8me de la d\u00e9t\u00e9rioration des poteaux en bois. La r\u00e9glementation europ\u00e9enne sur le traitement du bois devenait de plus en plus restrictive, r\u00e9duisant consid\u00e9rablement la dur\u00e9e de vie de ce type de support et augmentant les co\u00fbts d'inspection et de maintenance du r\u00e9seau.<\/span><span>\u00a0<\/span><\/p><p><span>\u00a0<\/span><\/p><p><span>La solution d\u00e9velopp\u00e9e \u00e9tait un poteau monolithique de section conique enti\u00e8rement en fibre de verre<strong> (GRP PALI VTR),<\/strong> un mat\u00e9riau composite compos\u00e9 de r\u00e9sine polyester et d'un tissu sp\u00e9cial en fibre de verre. Ce support, gr\u00e2ce \u00e0 sa grande r\u00e9sistance aux conditions environnementales et \u00e0 sa facilit\u00e9 d'installation, est devenu la solution id\u00e9ale pour la r\u00e9alisation de lignes t\u00e9l\u00e9phoniques a\u00e9riennes en cuivre (et maintenant en fibre optique), notamment dans les zones difficiles d'acc\u00e8s ou dans les environnements tr\u00e8s critiques (zones fortement expos\u00e9es aux vents forts, milieux salins ou pollu\u00e9s, ou zones sujettes \u00e0 des inondations p\u00e9riodiques).<\/span><span>\u00a0<\/span><\/p>\t\t                        <\/div>\t                    <\/div>\r\n                    <\/div>\r\n                <\/div>\r\n\r\n            <\/div>                <\/div><div class=\"tlv__items-wrapper\">            <div class=\"tlv__item\">\r\n                <div class=\"tlv__curve-wrapper\"><span><\/span><\/div>\r\n                <div class=\"tlv__volume-wrapper\">\r\n                                        <div class=\"tlv__content-wrapper\">\r\n\t                    <div class=\"tlv__content\">\r\n                                                            <div class=\"tlv__date-wrapper\">\r\n                                    <span class=\"tlv__date\">\r\n                                        2018                                    <\/span>\r\n                                <\/div>\r\n                                \t\t                        <div class=\"tlv__text\"><p><span class=\"TextRun SCXW221289006 BCX0\"><span class=\"NormalTextRun SCXW221289006 BCX0\"><strong>ORANGE France,<\/strong> premier op\u00e9rateur fran\u00e7ais de t\u00e9l\u00e9communications, a envoy\u00e9 ses responsables techniques chez SILTI Sud pour \u00e9tudier et tester les caract\u00e9ristiques des m\u00e2ts en fibre de verre, afin de d\u00e9finir les sp\u00e9cifications techniques des m\u00e2ts destin\u00e9s au r\u00e9seau de t\u00e9l\u00e9communications a\u00e9rien en France (cuivre et fibre optique). C'est ainsi qu'est n\u00e9 le <\/span><\/span><strong><span class=\"TextRun SCXW221289006 BCX0\"><span class=\"NormalTextRun SCXW221289006 BCX0\">poteau<\/span><span class=\"NormalTextRun SCXW221289006 BCX0\"> R0<\/span><\/span><\/strong><span class=\"TextRun SCXW221289006 BCX0\"><span class=\"NormalTextRun SCXW221289006 BCX0\"><strong>,<\/strong> avec sa couleur \u00ab\u202fimitation bois\u202f\u00bb distinctive, qui, au cours des ann\u00e9es suivantes, allait se r\u00e9pandre dans d'autres pays et gagner en popularit\u00e9, rempla\u00e7ant souvent les anciens <\/span><span class=\"NormalTextRun SCXW221289006 BCX0\">poteaux<\/span><span class=\"NormalTextRun SCXW221289006 BCX0\"> bois<\/span><span class=\"NormalTextRun SCXW221289006 BCX0\">,<\/span><span class=\"NormalTextRun SCXW221289006 BCX0\"> jusqu'\u00e0 leur remplacement complet en France.<\/span><\/span><span class=\"EOP SCXW221289006 BCX0\">\u00a0<\/span><\/p>\t\t                        <\/div>\t                    <\/div>\r\n                    <\/div>\r\n                <\/div>\r\n\r\n            <\/div>            <div class=\"tlv__item\">\r\n                <div class=\"tlv__curve-wrapper\"><span><\/span><\/div>\r\n                <div class=\"tlv__volume-wrapper\">\r\n                                        <div class=\"tlv__content-wrapper\">\r\n\t                    <div class=\"tlv__content\">\r\n                                                            <div class=\"tlv__date-wrapper\">\r\n                                    <span class=\"tlv__date\">\r\n                                        2000                                    <\/span>\r\n                                <\/div>\r\n                                \t\t                        <div class=\"tlv__text\"><p><span class=\"TextRun SCXW238205224 BCX0\"><span class=\"NormalTextRun SCXW238205224 BCX0\">En Italie, les poteaux en fibre de verre de <strong>TELECOM ITALIA (TIM)<\/strong> sont d\u00e9sormais r\u00e9pandus dans tout le pays, suscitant l'int\u00e9r\u00eat pour de nouvelles applications potentielles<\/span><span class=\"NormalTextRun SCXW238205224 BCX0\">.<\/span><span class=\"NormalTextRun SCXW238205224 BCX0\"> Ils commenc\u00e8rent \u00e0 \u00eatre utilis\u00e9s \u00e0 cette \u00e9poque pour l'\u00e9clairage des quais ferroviaires<\/span><span class=\"NormalTextRun SCXW238205224 BCX0\"> et<\/span><span class=\"NormalTextRun SCXW238205224 BCX0\"> des cours ext\u00e9rieures, <\/span><span class=\"NormalTextRun SCXW238205224 BCX0\">pour <\/span><span class=\"NormalTextRun SCXW238205224 BCX0\">des sections de r\u00e9seaux <\/span><span class=\"NormalTextRun SCXW238205224 BCX0\">\u00e9lectriques moyenne et basse tension, comme supports pour cam\u00e9ras de surveillance et m\u00eame comme fondations immerg\u00e9es pour la construction de jet\u00e9es d'amarrage en mer.<\/span><\/span><span class=\"EOP SCXW238205224 BCX0\">\u00a0<\/span><\/p>\t\t                        <\/div>\t                    <\/div>\r\n                    <\/div>\r\n                <\/div>\r\n\r\n            <\/div>                <\/div><div class=\"tlv__items-wrapper\">            <div class=\"tlv__item\">\r\n                <div class=\"tlv__curve-wrapper\"><span><\/span><\/div>\r\n                <div class=\"tlv__volume-wrapper\">\r\n                                        <div class=\"tlv__content-wrapper\">\r\n\t                    <div class=\"tlv__content\">\r\n                                                            <div class=\"tlv__date-wrapper\">\r\n                                    <span class=\"tlv__date\">\r\n                                        2025                                    <\/span>\r\n                                <\/div>\r\n                                \t\t                        <div class=\"tlv__text\"><p><span>En 2025, S.I.L.T.I. SUD a particip\u00e9 \u00e0 un appel national \u00e0 projets pour la <strong>Transition 4.0.<\/strong> Gr\u00e2ce notamment \u00e0 un financement du Minist\u00e8re des Entreprises et du Made in Italy (MIMIT), l'entreprise a investi dans de nouvelles machines afin d'augmenter sa capacit\u00e9 de production annuelle de poteaux en fibre de verre (atteignant 150\u202f000 poteaux par an) et de connecter ses machines de g\u00e9n\u00e9ration pr\u00e9c\u00e9dente \u00e0 Internet.<\/span><span>\u00a0<\/span><\/p><p><span>Face \u00e0 l'importance croissante du d\u00e9veloppement durable ces derni\u00e8res ann\u00e9es, l'entreprise a renforc\u00e9 son engagement en faveur de cette probl\u00e9matique en obtenant la certification <strong>ISO\u202f14001<\/strong> et en installant un <strong>syst\u00e8me photovolta\u00efque de 250\u202fkW.<\/strong> Gr\u00e2ce \u00e0 l'excellente exposition solaire sous nos latitudes, cet investissement lui a permis d'\u00eatre ind\u00e9pendante du r\u00e9seau \u00e9lectrique national pour 50\u202f% de ses besoins \u00e9nerg\u00e9tiques.\u00a0<\/span><span>\u00a0<\/span><\/p>\t\t                        <\/div>\t                    <\/div>\r\n                    <\/div>\r\n                <\/div>\r\n\r\n            <\/div>            <div class=\"tlv__item\">\r\n                <div class=\"tlv__curve-wrapper\"><span><\/span><\/div>\r\n                <div class=\"tlv__volume-wrapper\">\r\n                                        <div class=\"tlv__content-wrapper\">\r\n\t                    <div class=\"tlv__content\">\r\n                                                            <div class=\"tlv__date-wrapper\">\r\n                                    <span class=\"tlv__date\">\r\n                                        2021                                    <\/span>\r\n                                <\/div>\r\n                                \t\t                        <div class=\"tlv__text\"><p><span class=\"TextRun SCXW165729157 BCX0\"><span class=\"NormalTextRun SCXW165729157 BCX0\">En 2021, S.I.L.T.I. Sud a ouvert une nouvelle unit\u00e9 commerciale\u202f: <strong>WBS <\/strong><\/span><strong><span class=\"NormalTextRun SpellingErrorV2Themed SCXW165729157 BCX0\">Wallbox<\/span><\/strong><span class=\"NormalTextRun SCXW165729157 BCX0\"><strong> Station.<\/strong> Dans le sillage de la mobilit\u00e9 \u00e9lectrique, l\u2019entreprise est devenue distributeur et installateur des bornes murales Wallbow.com. Pour plus d\u2019informations\u202f: www.wbstation.com\/<\/span><\/span><span class=\"EOP SCXW165729157 BCX0\">\u00a0<\/span><\/p>\t\t                        <\/div>\t                    <\/div>\r\n                    <\/div>\r\n                <\/div>\r\n\r\n            <\/div>        <\/div>\r\n        <div class=\"tlv__items-end\"><\/div><\/div>\t\t\t\t<\/div>\n\t\t\t\t<\/div>\n\t\t\t\t\t<\/div>\n\t\t<\/div>\n\t\t\t\t\t<\/div>\n\t\t<\/section>\n\t\t\t\t<section class=\"elementor-section elementor-top-section elementor-element elementor-element-605f558f elementor-section-content-middle elementor-section-boxed elementor-section-height-default elementor-section-height-default\" data-id=\"605f558f\" data-element_type=\"section\">\n\t\t\t\t\t\t<div class=\"elementor-container elementor-column-gap-default\">\n\t\t\t\t\t<div class=\"elementor-column elementor-col-50 elementor-top-column elementor-element elementor-element-5693b962\" data-id=\"5693b962\" data-element_type=\"column\">\n\t\t\t<div class=\"elementor-widget-wrap elementor-element-populated\">\n\t\t\t\t\t\t<div class=\"elementor-element elementor-element-50f86e54 elementor-invisible elementor-widget elementor-widget-image\" data-id=\"50f86e54\" data-element_type=\"widget\" data-settings=\"{&quot;_animation&quot;:&quot;fadeInUp&quot;}\" data-widget_type=\"image.default\">\n\t\t\t\t\t\t\t\t\t\t\t\t\t\t\t<img fetchpriority=\"high\" decoding=\"async\" width=\"1345\" height=\"1493\" src=\"https:\/\/siltisud.com\/wp-content\/uploads\/2025\/11\/azienda-banner-2.png\" class=\"attachment-full size-full wp-image-9890\" alt=\"\" srcset=\"https:\/\/siltisud.com\/wp-content\/uploads\/2025\/11\/azienda-banner-2.png 1345w, https:\/\/siltisud.com\/wp-content\/uploads\/2025\/11\/azienda-banner-2-270x300.png 270w, https:\/\/siltisud.com\/wp-content\/uploads\/2025\/11\/azienda-banner-2-922x1024.png 922w, https:\/\/siltisud.com\/wp-content\/uploads\/2025\/11\/azienda-banner-2-768x853.png 768w, https:\/\/siltisud.com\/wp-content\/uploads\/2025\/11\/azienda-banner-2-1080x1199.png 1080w\" sizes=\"(max-width: 1345px) 100vw, 1345px\" \/>\t\t\t\t\t\t\t\t\t\t\t\t\t\t\t<\/div>\n\t\t\t\t\t<\/div>\n\t\t<\/div>\n\t\t\t\t<div class=\"elementor-column elementor-col-50 elementor-top-column elementor-element elementor-element-4301fe3a\" data-id=\"4301fe3a\" data-element_type=\"column\">\n\t\t\t<div class=\"elementor-widget-wrap elementor-element-populated\">\n\t\t\t\t\t\t<div class=\"elementor-element elementor-element-698f0e6f elementor-invisible elementor-widget elementor-widget-heading\" data-id=\"698f0e6f\" data-element_type=\"widget\" data-settings=\"{&quot;_animation&quot;:&quot;fadeInUp&quot;,&quot;_animation_delay&quot;:400}\" data-widget_type=\"heading.default\">\n\t\t\t\t\t<h3 class=\"elementor-heading-title elementor-size-default\">Activit\u00e9s de production<\/h3>\t\t\t\t<\/div>\n\t\t\t\t<div class=\"elementor-element elementor-element-2910feb elementor-widget elementor-widget-text-editor\" data-id=\"2910feb\" data-element_type=\"widget\" data-widget_type=\"text-editor.default\">\n\t\t\t\t\t\t\t\t\t<p><span data-contrast=\"auto\">Toutes nos activit\u00e9s sont r\u00e9alis\u00e9es dans le strict respect des r\u00e9glementations en vigueur en mati\u00e8re de s\u00e9curit\u00e9, d&rsquo;hygi\u00e8ne du travail, de gestion et d&rsquo;\u00e9limination des d\u00e9chets.<\/span><span data-ccp-props=\"{}\">\u00a0<\/span><\/p><p><span data-contrast=\"auto\">Nous adh\u00e9rons \u00e0 un code RSE strict. De plus, toutes nos activit\u00e9s de production sont FABRIQU\u00c9ES en Italie et toutes les mati\u00e8res premi\u00e8res proviennent de fournisseurs europ\u00e9ens.<\/span><span data-ccp-props=\"{}\">\u00a0<\/span><\/p>\t\t\t\t\t\t\t\t<\/div>\n\t\t\t\t<div class=\"elementor-element elementor-element-069bbb2 hover_links  elementor-widget__width-initial elementor-widget elementor-widget-text-editor\" data-id=\"069bbb2\" data-element_type=\"widget\" data-widget_type=\"text-editor.default\">\n\t\t\t\t\t\t\t\t\t<ul class=\"transmax_list transmax_square\"><li><span data-contrast=\"auto\" xml:lang=\"FR-FR\" lang=\"FR-FR\" class=\"TextRun SCXW216943369 BCX0\"><span class=\"NormalTextRun SCXW216943369 BCX0\">MOULAGE THERMODURCISSABLE<\/span><\/span><\/li><li><span data-contrast=\"auto\" xml:lang=\"FR-FR\" lang=\"FR-FR\" class=\"TextRun SCXW207016120 BCX0\"><span class=\"NormalTextRun SCXW207016120 BCX0\">PRODUCTION DE THERMODURCISSABLES SP\u00c9CIAUX (POTEAUX EN FIBRE DE VERRE)<\/span><\/span><span class=\"EOP SCXW207016120 BCX0\" data-ccp-props=\"{}\">\u00a0<\/span><\/li><li><span data-contrast=\"auto\" xml:lang=\"FR-FR\" lang=\"FR-FR\" class=\"TextRun SCXW223353747 BCX0\"><span class=\"NormalTextRun SCXW223353747 BCX0\">MOULAGE THERMOPLASTIQUE<\/span><\/span><span class=\"EOP SCXW223353747 BCX0\" data-ccp-props=\"{}\">\u00a0<\/span><\/li><li><span data-contrast=\"auto\" xml:lang=\"FR-FR\" lang=\"FR-FR\" class=\"TextRun SCXW258181136 BCX0\"><span class=\"NormalTextRun SCXW258181136 BCX0\">STRUCTURES L\u00c9G\u00c8RES EN ACIER ET ALUMINIUM<\/span><\/span><\/li><li><span data-contrast=\"auto\" xml:lang=\"FR-FR\" lang=\"FR-FR\" class=\"TextRun SCXW13639653 BCX0\"><span class=\"NormalTextRun SCXW13639653 BCX0\">LIGNES D&rsquo;ASSEMBLAGE<\/span><\/span><span class=\"EOP SCXW13639653 BCX0\" data-ccp-props=\"{}\">\u00a0<\/span><\/li><\/ul>\t\t\t\t\t\t\t\t<\/div>\n\t\t\t\t\t<\/div>\n\t\t<\/div>\n\t\t\t\t\t<\/div>\n\t\t<\/section>\n\t\t\t\t<section class=\"elementor-section elementor-top-section elementor-element elementor-element-1e001999 elementor-section-boxed elementor-section-height-default elementor-section-height-default\" data-id=\"1e001999\" data-element_type=\"section\">\n\t\t\t\t\t\t<div class=\"elementor-container elementor-column-gap-default\">\n\t\t\t\t\t<div class=\"elementor-column elementor-col-100 elementor-top-column elementor-element elementor-element-5a83834c\" data-id=\"5a83834c\" data-element_type=\"column\">\n\t\t\t<div class=\"elementor-widget-wrap elementor-element-populated\">\n\t\t\t\t\t\t<div class=\"elementor-element elementor-element-5b7750e elementor-invisible elementor-widget elementor-widget-heading\" data-id=\"5b7750e\" data-element_type=\"widget\" data-settings=\"{&quot;_animation&quot;:&quot;fadeInUp&quot;,&quot;_animation_delay&quot;:400}\" data-widget_type=\"heading.default\">\n\t\t\t\t\t<h3 class=\"elementor-heading-title elementor-size-default\">Certifications<\/h3>\t\t\t\t<\/div>\n\t\t\t\t<div class=\"elementor-element elementor-element-1dab8ddc elementor-widget-image-box wgl-image-box elementor-widget elementor-widget-wgl-info-box\" data-id=\"1dab8ddc\" data-element_type=\"widget\" data-widget_type=\"wgl-info-box.default\">\n\t\t\t\t<div class=\"elementor-widget-container\">\n\t\t\t\t\t<div class=\"wgl-infobox\"><div class=\"wgl-infobox_wrapper wgl-layout-left\"><div class=\"media-wrapper img-wrapper\"><figure class=\"wgl-image-box_img\"><span ><img decoding=\"async\" width=\"94\" height=\"72\" src=\"https:\/\/siltisud.com\/wp-content\/uploads\/2025\/10\/Logo_IQNET.svg\" class=\"attachment-full size-full wp-image-5964\" alt=\"\" \/><\/span><\/figure><\/div><div class=\"content_wrapper\"><div class=\"wgl-infobox-title_wrapper\"><div class=\"wgl-infobox_subtitle\">System de management qualit\u00e9<\/div><div class=\"wgl-infobox_title\"><span class=\"wgl-infobox_title-idle\">ISO 9001<\/span><\/div><\/div><div class=\"wgl-infobox-button_wrapper\"><a href=\"\/wp-content\/uploads\/2025\/11\/ISO-9001-2015-.jpg\" target=\"_blank\" class=\"wgl-infobox_button button-read-more\"><span>Decharger<\/span><\/a><\/div><\/div><\/div><\/div>\t\t\t\t<\/div>\n\t\t\t\t<\/div>\n\t\t\t\t<div class=\"elementor-element elementor-element-f35e2f0 elementor-widget-image-box wgl-image-box elementor-widget elementor-widget-wgl-info-box\" data-id=\"f35e2f0\" data-element_type=\"widget\" data-widget_type=\"wgl-info-box.default\">\n\t\t\t\t<div class=\"elementor-widget-container\">\n\t\t\t\t\t<div class=\"wgl-infobox\"><div class=\"wgl-infobox_wrapper wgl-layout-left\"><div class=\"media-wrapper img-wrapper\"><figure class=\"wgl-image-box_img\"><span ><img decoding=\"async\" width=\"114\" height=\"44\" src=\"https:\/\/siltisud.com\/wp-content\/uploads\/2025\/10\/llc-certification.svg\" class=\"attachment-full size-full wp-image-5963\" alt=\"\" \/><\/span><\/figure><\/div><div class=\"content_wrapper\"><div class=\"wgl-infobox-title_wrapper\"><div class=\"wgl-infobox_subtitle\">System de management environnementale<\/div><div class=\"wgl-infobox_title\"><span class=\"wgl-infobox_title-idle\">ISO 14001<\/span><\/div><\/div><div class=\"wgl-infobox-button_wrapper\"><a href=\"\/wp-content\/uploads\/2026\/02\/CERTIFICATO-SILTI-14001-ING.pdf\" target=\"_blank\" class=\"wgl-infobox_button button-read-more\"><span>Decharger<\/span><\/a><\/div><\/div><\/div><\/div>\t\t\t\t<\/div>\n\t\t\t\t<\/div>\n\t\t\t\t<div class=\"elementor-element elementor-element-502c795 elementor-widget-image-box wgl-image-box elementor-widget elementor-widget-wgl-info-box\" data-id=\"502c795\" data-element_type=\"widget\" data-widget_type=\"wgl-info-box.default\">\n\t\t\t\t<div class=\"elementor-widget-container\">\n\t\t\t\t\t<div class=\"wgl-infobox\"><div class=\"wgl-infobox_wrapper wgl-layout-left\"><div class=\"media-wrapper img-wrapper\"><figure class=\"wgl-image-box_img\"><span ><img loading=\"lazy\" decoding=\"async\" width=\"67\" height=\"48\" src=\"https:\/\/siltisud.com\/wp-content\/uploads\/2025\/10\/ce.svg\" class=\"attachment-full size-full wp-image-5961\" alt=\"\" \/><\/span><\/figure><\/div><div class=\"content_wrapper\"><div class=\"wgl-infobox-title_wrapper\"><div class=\"wgl-infobox_subtitle\">Marquage  CE<\/div><div class=\"wgl-infobox_title\"><span class=\"wgl-infobox_title-idle\">EN 40-7<\/span><\/div><\/div><div class=\"wgl-infobox-button_wrapper\"><a href=\"\/wp-content\/uploads\/2025\/11\/EN-40-7-1.pdf\" target=\"_blank\" class=\"wgl-infobox_button button-read-more\"><span>Decharger<\/span><\/a><\/div><\/div><\/div><\/div>\t\t\t\t<\/div>\n\t\t\t\t<\/div>\n\t\t\t\t<div class=\"elementor-element elementor-element-2d88b3a elementor-widget-image-box wgl-image-box elementor-widget elementor-widget-wgl-info-box\" data-id=\"2d88b3a\" data-element_type=\"widget\" data-widget_type=\"wgl-info-box.default\">\n\t\t\t\t<div class=\"elementor-widget-container\">\n\t\t\t\t\t<div class=\"wgl-infobox\"><div class=\"wgl-infobox_wrapper wgl-layout-left\"><div class=\"media-wrapper img-wrapper\"><figure class=\"wgl-image-box_img\"><span ><img loading=\"lazy\" decoding=\"async\" width=\"70\" height=\"70\" src=\"https:\/\/siltisud.com\/wp-content\/uploads\/2025\/10\/ecovadis.png\" class=\"attachment-full size-full wp-image-5962\" alt=\"\" \/><\/span><\/figure><\/div><div class=\"content_wrapper\"><div class=\"wgl-infobox-title_wrapper\"><div class=\"wgl-infobox_subtitle\">Certification Ecovadis<\/div><\/div><div class=\"wgl-infobox-button_wrapper\"><a href=\"\/wp-content\/uploads\/2025\/05\/Certificate_IT330004_PSL_SRL.pdf\" target=\"_blank\" class=\"wgl-infobox_button button-read-more\"><\/a><\/div><\/div><\/div><\/div>\t\t\t\t<\/div>\n\t\t\t\t<\/div>\n\t\t\t\t<div class=\"elementor-element elementor-element-6e397fd0 elementor-widget elementor-widget-spacer\" data-id=\"6e397fd0\" data-element_type=\"widget\" data-widget_type=\"spacer.default\">\n\t\t\t\t\t\t\t<div class=\"elementor-spacer\">\n\t\t\t<div class=\"elementor-spacer-inner\"><\/div>\n\t\t<\/div>\n\t\t\t\t\t\t<\/div>\n\t\t\t\t\t<\/div>\n\t\t<\/div>\n\t\t\t\t\t<\/div>\n\t\t<\/section>\n\t\t\t\t<\/div>\n\t\t","protected":false},"excerpt":{"rendered":"<p>Ann\u00e9es 1990 Au milieu des ann\u00e9es 1990, S.I.L.T.I. SUD a \u00e9t\u00e9 l&rsquo;une des premi\u00e8res entreprises italiennes \u00e0 obtenir la certification de qualit\u00e9 ISO 9001, \u00e0 la demande expresse de ce qui \u00e9tait alors devenu Telecom Italia.\u00a0 \u00a0 Par la suite, au d\u00e9but des ann\u00e9es 2000, l&rsquo;entreprise a \u00e9largi sa gamme de produits en introduisant des [&hellip;]<\/p>\n","protected":false},"author":1,"featured_media":0,"parent":0,"menu_order":0,"comment_status":"closed","ping_status":"closed","template":"","meta":{"footnotes":""},"class_list":["post-6832","page","type-page","status-publish","hentry"],"_links":{"self":[{"href":"https:\/\/siltisud.com\/fr\/wp-json\/wp\/v2\/pages\/6832","targetHints":{"allow":["GET"]}}],"collection":[{"href":"https:\/\/siltisud.com\/fr\/wp-json\/wp\/v2\/pages"}],"about":[{"href":"https:\/\/siltisud.com\/fr\/wp-json\/wp\/v2\/types\/page"}],"author":[{"embeddable":true,"href":"https:\/\/siltisud.com\/fr\/wp-json\/wp\/v2\/users\/1"}],"replies":[{"embeddable":true,"href":"https:\/\/siltisud.com\/fr\/wp-json\/wp\/v2\/comments?post=6832"}],"version-history":[{"count":47,"href":"https:\/\/siltisud.com\/fr\/wp-json\/wp\/v2\/pages\/6832\/revisions"}],"predecessor-version":[{"id":10898,"href":"https:\/\/siltisud.com\/fr\/wp-json\/wp\/v2\/pages\/6832\/revisions\/10898"}],"wp:attachment":[{"href":"https:\/\/siltisud.com\/fr\/wp-json\/wp\/v2\/media?parent=6832"}],"curies":[{"name":"wp","href":"https:\/\/api.w.org\/{rel}","templated":true}]}}