{"id":7045,"date":"2025-10-29T17:43:58","date_gmt":"2025-10-29T16:43:58","guid":{"rendered":"https:\/\/siltisud.test3d0.it\/responsabilita-sociale-di-impresa\/"},"modified":"2026-02-05T10:37:03","modified_gmt":"2026-02-05T09:37:03","slug":"responsabilite-sociale-des-enterprises","status":"publish","type":"page","link":"https:\/\/siltisud.com\/fr\/responsabilite-sociale-des-enterprises\/","title":{"rendered":"Responsabilit\u00e9 sociale des enterprises"},"content":{"rendered":"\t\t<div data-elementor-type=\"wp-page\" data-elementor-id=\"7045\" class=\"elementor elementor-7045 elementor-6534\" data-elementor-post-type=\"page\">\n\t\t\t\t\t\t<section class=\"elementor-section elementor-top-section elementor-element elementor-element-209d031 elementor-section-boxed elementor-section-height-default elementor-section-height-default\" data-id=\"209d031\" data-element_type=\"section\">\n\t\t\t\t\t\t<div class=\"elementor-container elementor-column-gap-default\">\n\t\t\t\t\t<div class=\"elementor-column elementor-col-100 elementor-top-column elementor-element elementor-element-826eceb\" data-id=\"826eceb\" data-element_type=\"column\">\n\t\t\t<div class=\"elementor-widget-wrap elementor-element-populated\">\n\t\t\t\t\t\t<div class=\"elementor-element elementor-element-fe36cd9 elementor-widget elementor-widget-text-editor\" data-id=\"fe36cd9\" data-element_type=\"widget\" data-widget_type=\"text-editor.default\">\n\t\t\t\t\t\t\t\t\t<p><span data-contrast=\"auto\">Le respect de l&rsquo;environnement s&rsquo;accompagne d&rsquo;un engagement envers notre ressource la plus pr\u00e9cieuse\u202f: nos employ\u00e9s. Fid\u00e8les au principe \u00ab\u202fLa s\u00e9curit\u00e9 avant tout\u202f\u00bb, nous garantissons un environnement de travail s\u00fbr et sain, favorisant ainsi la diffusion d&rsquo;une culture de la s\u00e9curit\u00e9.<\/span><span data-ccp-props=\"{}\">\u00a0<\/span><\/p><p><span data-contrast=\"auto\">En tant qu&rsquo;entreprise, nous nous engageons \u00e0 cr\u00e9er un environnement de travail s\u00fbr et respectueux pour tous. \u00c0 cette fin nous avons adopt\u00e9 les principes de la Responsabilit\u00e9 Sociale d&rsquo;Entreprise (RSE).<\/span><\/p>\t\t\t\t\t\t\t\t<\/div>\n\t\t\t\t<div class=\"elementor-element elementor-element-8759c68 elementor-invisible elementor-widget elementor-widget-image\" data-id=\"8759c68\" data-element_type=\"widget\" data-settings=\"{&quot;_animation&quot;:&quot;fadeInUp&quot;}\" data-widget_type=\"image.default\">\n\t\t\t\t\t\t\t\t\t\t\t\t\t\t\t<img fetchpriority=\"high\" decoding=\"async\" width=\"1307\" height=\"851\" src=\"https:\/\/siltisud.com\/wp-content\/uploads\/2025\/10\/responsabilita-sociale-di-impresa-img1.jpg\" class=\"attachment-full size-full wp-image-7046\" alt=\"\" srcset=\"https:\/\/siltisud.com\/wp-content\/uploads\/2025\/10\/responsabilita-sociale-di-impresa-img1.jpg 1307w, https:\/\/siltisud.com\/wp-content\/uploads\/2025\/10\/responsabilita-sociale-di-impresa-img1-300x195.jpg 300w, https:\/\/siltisud.com\/wp-content\/uploads\/2025\/10\/responsabilita-sociale-di-impresa-img1-1024x667.jpg 1024w, https:\/\/siltisud.com\/wp-content\/uploads\/2025\/10\/responsabilita-sociale-di-impresa-img1-768x500.jpg 768w, https:\/\/siltisud.com\/wp-content\/uploads\/2025\/10\/responsabilita-sociale-di-impresa-img1-1080x703.jpg 1080w\" sizes=\"(max-width: 1307px) 100vw, 1307px\" \/>\t\t\t\t\t\t\t\t\t\t\t\t\t\t\t<\/div>\n\t\t\t\t<div class=\"elementor-element elementor-element-708d22a elementor-view-default elementor-widget elementor-widget-wgl-toggle-accordion\" data-id=\"708d22a\" data-element_type=\"widget\" data-widget_type=\"wgl-toggle-accordion.default\">\n\t\t\t\t<div class=\"elementor-widget-container\">\n\t\t\t\t\t<div class=\"wgl-accordion icon-plus\" id=\"wgl-accordion-708d22a\" data-type=\"toggle\"><div class=\"wgl-accordion_panel\"><h4 id=\"wgl-accordion_header-1181\" class=\"wgl-accordion_header\" data-default=\"yes\"><span class=\"wgl-accordion_title\">Un engagement pour la s\u00e9curit\u00e9 et les droits<\/span><i class=\"wgl-accordion_icon elementor-icon \"><\/i><\/h4><div class=\"wgl-accordion_content\"><p><span data-contrast=\"auto\" xml:lang=\"FR-FR\" lang=\"FR-FR\" class=\"TextRun SCXW156204676 BCX0\"><span class=\"NormalTextRun SCXW156204676 BCX0\">Notre approche repose sur plusieurs axes cl\u00e9s, qui abordent les questions fondamentales des droits des travailleurs\u202f:<\/span><\/span><span class=\"EOP SCXW156204676 BCX0\" data-ccp-props=\"{}\">\u00a0<\/span><\/p><ul class=\"transmax_list transmax_square\"><li><strong><span data-contrast=\"auto\" xml:lang=\"FR-FR\" lang=\"FR-FR\" class=\"TextRun Underlined SCXW253132861 BCX0\"><span class=\"NormalTextRun SCXW253132861 BCX0\">Sant\u00e9 et s\u00e9curit\u00e9<\/span><\/span><\/strong><span data-contrast=\"auto\" xml:lang=\"FR-FR\" lang=\"FR-FR\" class=\"TextRun SCXW253132861 BCX0\"><span class=\"NormalTextRun SCXW253132861 BCX0\"><strong>\u202f:<\/strong> La sant\u00e9 et la s\u00e9curit\u00e9 sont notre priorit\u00e9. Nous maintenons un environnement de travail sain et prot\u00e9g\u00e9 afin de pr\u00e9venir les accidents et de prot\u00e9ger le bien-\u00eatre de tous les employ\u00e9s.<\/span><\/span><span class=\"EOP SCXW253132861 BCX0\" data-ccp-props=\"{}\">\u00a0<\/span><\/li><li><strong><span data-contrast=\"auto\" xml:lang=\"FR-FR\" lang=\"FR-FR\" class=\"TextRun Underlined SCXW78164010 BCX0\"><span class=\"NormalTextRun SCXW78164010 BCX0\">Travail des enfants et travail forc\u00e9<\/span><\/span><\/strong><span data-contrast=\"auto\" xml:lang=\"FR-FR\" lang=\"FR-FR\" class=\"TextRun SCXW78164010 BCX0\"><span class=\"NormalTextRun SCXW78164010 BCX0\"><strong>\u202f:<\/strong> L'entreprise rejette le recours au travail des enfants et au travail forc\u00e9. Nous veillons \u00e0 ce que l'\u00e2ge de nos employ\u00e9s soit conforme \u00e0 la r\u00e9glementation en vigueur.<\/span><\/span><span class=\"EOP SCXW78164010 BCX0\" data-ccp-props=\"{}\">\u00a0<\/span><\/li><li><strong><span data-contrast=\"auto\" xml:lang=\"FR-FR\" lang=\"FR-FR\" class=\"TextRun Underlined SCXW194759622 BCX0\"><span class=\"NormalTextRun SCXW194759622 BCX0\">Non-discrimination<\/span><\/span><\/strong><span data-contrast=\"auto\" xml:lang=\"FR-FR\" lang=\"FR-FR\" class=\"TextRun SCXW194759622 BCX0\"><span class=\"NormalTextRun SCXW194759622 BCX0\"><strong>\u202f:<\/strong> Nous favorisons un environnement inclusif et tol\u00e9rant. Nous ne tol\u00e9rons ni ne soutenons aucune forme de discrimination fond\u00e9e sur l'origine ethnique, le sexe, la religion ou toute autre caract\u00e9ristique.<\/span><\/span><\/li><li><strong><span data-contrast=\"auto\" xml:lang=\"FR-FR\" lang=\"FR-FR\" class=\"TextRun Underlined SCXW121788108 BCX0\"><span class=\"NormalTextRun SCXW121788108 BCX0\">Horaires de travail et r\u00e9mun\u00e9ration<\/span><\/span><\/strong><span data-contrast=\"auto\" xml:lang=\"FR-FR\" lang=\"FR-FR\" class=\"TextRun SCXW121788108 BCX0\"><span class=\"NormalTextRun SCXW121788108 BCX0\"><strong>\u202f:<\/strong> Nous respectons scrupuleusement la l\u00e9gislation relative aux horaires de travail et aux cong\u00e9s. Nous garantissons une r\u00e9mun\u00e9ration juste et digne \u00e0 nos collaborateurs, conform\u00e9ment aux normes nationales.<\/span><\/span><\/li><li><strong><span data-contrast=\"auto\" xml:lang=\"FR-FR\" lang=\"FR-FR\" class=\"TextRun Underlined SCXW94148804 BCX0\"><span class=\"NormalTextRun SCXW94148804 BCX0\">Traitement digne<\/span><\/span><\/strong><span data-contrast=\"auto\" xml:lang=\"FR-FR\" lang=\"FR-FR\" class=\"TextRun SCXW94148804 BCX0\"><span class=\"NormalTextRun SCXW94148804 BCX0\"><strong>\u202f:<\/strong> Tous les collaborateurs, quel que soit leur niveau hi\u00e9rarchique, doivent \u00eatre trait\u00e9s avec respect et dignit\u00e9. Nous rejetons toute proc\u00e9dure disciplinaire d\u00e9gradante.<\/span><\/span><\/li><\/ul><\/div><\/div><div class=\"wgl-accordion_panel\"><h4 id=\"wgl-accordion_header-1182\" class=\"wgl-accordion_header\" data-default=\"\"><span class=\"wgl-accordion_title\">Notre approche envers nos partenaires et nos clients <\/span><i class=\"wgl-accordion_icon elementor-icon \"><\/i><\/h4><div class=\"wgl-accordion_content\"><p><span data-contrast=\"auto\" xml:lang=\"FR-FR\" lang=\"FR-FR\" class=\"TextRun SCXW87600058 BCX0\"><span class=\"NormalTextRun SCXW87600058 BCX0\">Nous consid\u00e9rons nos collaborateurs comme notre ressource la plus importante et strat\u00e9gique, et nous nous engageons \u00e0 les valoriser en favorisant leur d\u00e9veloppement professionnel. Notre engagement envers l'excellence ne s'arr\u00eate pas \u00e0 nos fronti\u00e8res\u202f: nous \u00e9tendons \u00e9galement nos valeurs \u00e0 nos partenaires. Nous exigeons de nos fournisseurs qu'ils adh\u00e8rent \u00e0 nos normes \u00e9thiques et de qualit\u00e9, les consid\u00e9rant comme des partenaires essentiels \u00e0 la r\u00e9alisation optimale de nos missions. Nos clients sont au c\u0153ur de notre r\u00e9ussite\u202f: nous nous effor\u00e7ons constamment de r\u00e9pondre \u00e0 leurs besoins en leur proposant des produits de haute qualit\u00e9 conformes \u00e0 toutes les r\u00e9glementations en vigueur.<\/span><\/span><span class=\"EOP SCXW87600058 BCX0\" data-ccp-props=\"{}\">\u00a0<\/span><\/p><\/div><\/div><\/div>\t\t\t\t<\/div>\n\t\t\t\t<\/div>\n\t\t\t\t<div class=\"elementor-element elementor-element-73c7eba elementor-widget elementor-widget-spacer\" data-id=\"73c7eba\" data-element_type=\"widget\" data-widget_type=\"spacer.default\">\n\t\t\t\t\t\t\t<div class=\"elementor-spacer\">\n\t\t\t<div class=\"elementor-spacer-inner\"><\/div>\n\t\t<\/div>\n\t\t\t\t\t\t<\/div>\n\t\t\t\t\t<\/div>\n\t\t<\/div>\n\t\t\t\t\t<\/div>\n\t\t<\/section>\n\t\t\t\t<\/div>\n\t\t","protected":false},"excerpt":{"rendered":"<p>Le respect de l&rsquo;environnement s&rsquo;accompagne d&rsquo;un engagement envers notre ressource la plus pr\u00e9cieuse\u202f: nos employ\u00e9s. Fid\u00e8les au principe \u00ab\u202fLa s\u00e9curit\u00e9 avant tout\u202f\u00bb, nous garantissons un environnement de travail s\u00fbr et sain, favorisant ainsi la diffusion d&rsquo;une culture de la s\u00e9curit\u00e9.\u00a0 En tant qu&rsquo;entreprise, nous nous engageons \u00e0 cr\u00e9er un environnement de travail s\u00fbr et respectueux [&hellip;]<\/p>\n","protected":false},"author":1,"featured_media":0,"parent":0,"menu_order":0,"comment_status":"closed","ping_status":"closed","template":"","meta":{"footnotes":""},"class_list":["post-7045","page","type-page","status-publish","hentry"],"_links":{"self":[{"href":"https:\/\/siltisud.com\/fr\/wp-json\/wp\/v2\/pages\/7045","targetHints":{"allow":["GET"]}}],"collection":[{"href":"https:\/\/siltisud.com\/fr\/wp-json\/wp\/v2\/pages"}],"about":[{"href":"https:\/\/siltisud.com\/fr\/wp-json\/wp\/v2\/types\/page"}],"author":[{"embeddable":true,"href":"https:\/\/siltisud.com\/fr\/wp-json\/wp\/v2\/users\/1"}],"replies":[{"embeddable":true,"href":"https:\/\/siltisud.com\/fr\/wp-json\/wp\/v2\/comments?post=7045"}],"version-history":[{"count":10,"href":"https:\/\/siltisud.com\/fr\/wp-json\/wp\/v2\/pages\/7045\/revisions"}],"predecessor-version":[{"id":10908,"href":"https:\/\/siltisud.com\/fr\/wp-json\/wp\/v2\/pages\/7045\/revisions\/10908"}],"wp:attachment":[{"href":"https:\/\/siltisud.com\/fr\/wp-json\/wp\/v2\/media?parent=7045"}],"curies":[{"name":"wp","href":"https:\/\/api.w.org\/{rel}","templated":true}]}}