{"id":7067,"date":"2025-10-29T18:10:15","date_gmt":"2025-10-29T17:10:15","guid":{"rendered":"https:\/\/siltisud.test3d0.it\/industria-4-0\/"},"modified":"2025-11-20T13:07:42","modified_gmt":"2025-11-20T12:07:42","slug":"industrie-4-0","status":"publish","type":"page","link":"https:\/\/siltisud.com\/fr\/industrie-4-0\/","title":{"rendered":"Industrie 4.0"},"content":{"rendered":"\t\t<div data-elementor-type=\"wp-page\" data-elementor-id=\"7067\" class=\"elementor elementor-7067 elementor-6566\" data-elementor-post-type=\"page\">\n\t\t\t\t\t\t<section class=\"elementor-section elementor-top-section elementor-element elementor-element-209d031 elementor-section-boxed elementor-section-height-default elementor-section-height-default\" data-id=\"209d031\" data-element_type=\"section\">\n\t\t\t\t\t\t<div class=\"elementor-container elementor-column-gap-default\">\n\t\t\t\t\t<div class=\"elementor-column elementor-col-100 elementor-top-column elementor-element elementor-element-826eceb\" data-id=\"826eceb\" data-element_type=\"column\">\n\t\t\t<div class=\"elementor-widget-wrap elementor-element-populated\">\n\t\t\t\t\t\t<div class=\"elementor-element elementor-element-fe36cd9 elementor-widget elementor-widget-text-editor\" data-id=\"fe36cd9\" data-element_type=\"widget\" data-widget_type=\"text-editor.default\">\n\t\t\t\t\t\t\t\t\t<p><span data-contrast=\"auto\" xml:lang=\"FR-FR\" lang=\"FR-FR\" class=\"TextRun SCXW10803412 BCX0\"><span class=\"NormalTextRun SCXW10803412 BCX0\">Les investissements de S.I.L.T.I. Sud dans la transition vers l&rsquo;Industrie 4.0 offrent des avantages significatifs en mati\u00e8re de Responsabilit\u00e9 Sociale d&rsquo;Entreprise, en alignant croissance \u00e9conomique et durabilit\u00e9 environnementale et sociale. Ces investissements modernisent l&rsquo;entreprise et la transforment en un acteur plus responsable et conscient.<\/span><\/span><span class=\"EOP SCXW10803412 BCX0\" data-ccp-props=\"{}\">\u00a0<\/span><\/p>\t\t\t\t\t\t\t\t<\/div>\n\t\t\t\t<div class=\"elementor-element elementor-element-8759c68 elementor-invisible elementor-widget elementor-widget-image\" data-id=\"8759c68\" data-element_type=\"widget\" data-settings=\"{&quot;_animation&quot;:&quot;fadeInUp&quot;}\" data-widget_type=\"image.default\">\n\t\t\t\t\t\t\t\t\t\t\t\t\t\t\t<img fetchpriority=\"high\" decoding=\"async\" width=\"1307\" height=\"851\" src=\"https:\/\/siltisud.com\/wp-content\/uploads\/2025\/10\/industria-4-0-img1.jpg\" class=\"attachment-full size-full wp-image-7068\" alt=\"\" srcset=\"https:\/\/siltisud.com\/wp-content\/uploads\/2025\/10\/industria-4-0-img1.jpg 1307w, https:\/\/siltisud.com\/wp-content\/uploads\/2025\/10\/industria-4-0-img1-300x195.jpg 300w, https:\/\/siltisud.com\/wp-content\/uploads\/2025\/10\/industria-4-0-img1-1024x667.jpg 1024w, https:\/\/siltisud.com\/wp-content\/uploads\/2025\/10\/industria-4-0-img1-768x500.jpg 768w, https:\/\/siltisud.com\/wp-content\/uploads\/2025\/10\/industria-4-0-img1-1080x703.jpg 1080w\" sizes=\"(max-width: 1307px) 100vw, 1307px\" \/>\t\t\t\t\t\t\t\t\t\t\t\t\t\t\t<\/div>\n\t\t\t\t<div class=\"elementor-element elementor-element-ba5c299 elementor-widget elementor-widget-text-editor\" data-id=\"ba5c299\" data-element_type=\"widget\" data-widget_type=\"text-editor.default\">\n\t\t\t\t\t\t\t\t\t<p><span data-contrast=\"auto\" xml:lang=\"FR-FR\" lang=\"FR-FR\" class=\"TextRun SCXW66548851 BCX0\"><span class=\"NormalTextRun SCXW66548851 BCX0\">L&rsquo;adoption des technologies de l&rsquo;Industrie 4.0, telles que l&rsquo;Internet des Objets (IoT), optimise les processus de production et r\u00e9duit le gaspillage de ressources. Les syst\u00e8mes de surveillance en temps r\u00e9el permettent de d\u00e9tecter et de corriger les inefficacit\u00e9s, ce qui entra\u00eene une baisse de la consommation d&rsquo;\u00e9nergie et une gestion plus rationnelle des mat\u00e9riaux. Cela se traduit par une r\u00e9duction de l&#8217;empreinte environnementale de l&rsquo;entreprise, avec une diminution des \u00e9missions de carbone et des d\u00e9chets.<\/span><\/span><span class=\"EOP SCXW66548851 BCX0\" data-ccp-props=\"{}\">\u00a0<\/span><\/p>\t\t\t\t\t\t\t\t<\/div>\n\t\t\t\t<div class=\"elementor-element elementor-element-f895810 elementor-widget elementor-widget-text-editor\" data-id=\"f895810\" data-element_type=\"widget\" data-widget_type=\"text-editor.default\">\n\t\t\t\t\t\t\t\t\t<p><span data-contrast=\"auto\" xml:lang=\"FR-FR\" lang=\"FR-FR\" class=\"TextRun SCXW221766817 BCX0\"><span class=\"NormalTextRun SCXW221766817 BCX0\">La transition vers l&rsquo;Industrie 4.0 am\u00e9liore \u00e9galement les conditions de travail et la s\u00e9curit\u00e9. L&rsquo;utilisation d&rsquo;appareils intelligents pour surveiller la production contribue \u00e0 cr\u00e9er un environnement plus s\u00fbr pour la sant\u00e9 des travailleurs. De plus, investir dans les nouvelles technologies n\u00e9cessite la formation du personnel, favorise le d\u00e9veloppement de nouvelles comp\u00e9tences et offre des opportunit\u00e9s d&rsquo;\u00e9volution professionnelle. Cela augmente non seulement la productivit\u00e9, mais renforce \u00e9galement l&rsquo;engagement de l&rsquo;entreprise envers ses employ\u00e9s.<\/span><\/span><span class=\"EOP SCXW221766817 BCX0\" data-ccp-props=\"{}\">\u00a0<\/span><\/p>\t\t\t\t\t\t\t\t<\/div>\n\t\t\t\t<div class=\"elementor-element elementor-element-73c7eba elementor-widget elementor-widget-spacer\" data-id=\"73c7eba\" data-element_type=\"widget\" data-widget_type=\"spacer.default\">\n\t\t\t\t\t\t\t<div class=\"elementor-spacer\">\n\t\t\t<div class=\"elementor-spacer-inner\"><\/div>\n\t\t<\/div>\n\t\t\t\t\t\t<\/div>\n\t\t\t\t\t<\/div>\n\t\t<\/div>\n\t\t\t\t\t<\/div>\n\t\t<\/section>\n\t\t\t\t<\/div>\n\t\t","protected":false},"excerpt":{"rendered":"<p>Les investissements de S.I.L.T.I. Sud dans la transition vers l&rsquo;Industrie 4.0 offrent des avantages significatifs en mati\u00e8re de Responsabilit\u00e9 Sociale d&rsquo;Entreprise, en alignant croissance \u00e9conomique et durabilit\u00e9 environnementale et sociale. Ces investissements modernisent l&rsquo;entreprise et la transforment en un acteur plus responsable et conscient.\u00a0 L&rsquo;adoption des technologies de l&rsquo;Industrie 4.0, telles que l&rsquo;Internet des Objets [&hellip;]<\/p>\n","protected":false},"author":1,"featured_media":0,"parent":0,"menu_order":0,"comment_status":"closed","ping_status":"closed","template":"","meta":{"footnotes":""},"class_list":["post-7067","page","type-page","status-publish","hentry"],"_links":{"self":[{"href":"https:\/\/siltisud.com\/fr\/wp-json\/wp\/v2\/pages\/7067","targetHints":{"allow":["GET"]}}],"collection":[{"href":"https:\/\/siltisud.com\/fr\/wp-json\/wp\/v2\/pages"}],"about":[{"href":"https:\/\/siltisud.com\/fr\/wp-json\/wp\/v2\/types\/page"}],"author":[{"embeddable":true,"href":"https:\/\/siltisud.com\/fr\/wp-json\/wp\/v2\/users\/1"}],"replies":[{"embeddable":true,"href":"https:\/\/siltisud.com\/fr\/wp-json\/wp\/v2\/comments?post=7067"}],"version-history":[{"count":13,"href":"https:\/\/siltisud.com\/fr\/wp-json\/wp\/v2\/pages\/7067\/revisions"}],"predecessor-version":[{"id":7200,"href":"https:\/\/siltisud.com\/fr\/wp-json\/wp\/v2\/pages\/7067\/revisions\/7200"}],"wp:attachment":[{"href":"https:\/\/siltisud.com\/fr\/wp-json\/wp\/v2\/media?parent=7067"}],"curies":[{"name":"wp","href":"https:\/\/api.w.org\/{rel}","templated":true}]}}