{"id":7898,"date":"2025-10-28T12:53:25","date_gmt":"2025-10-28T11:53:25","guid":{"rendered":"https:\/\/siltisud.test3d0.it\/preventivo\/"},"modified":"2025-11-25T12:47:21","modified_gmt":"2025-11-25T11:47:21","slug":"contacts","status":"publish","type":"page","link":"https:\/\/siltisud.com\/fr\/contacts\/","title":{"rendered":"Contacts"},"content":{"rendered":"\t\t<div data-elementor-type=\"wp-page\" data-elementor-id=\"7898\" class=\"elementor elementor-7898 elementor-6091\" data-elementor-post-type=\"page\">\n\t\t\t\t\t\t<section class=\"elementor-section elementor-top-section elementor-element elementor-element-a0ab620 elementor-section-boxed elementor-section-height-default elementor-section-height-default\" data-id=\"a0ab620\" data-element_type=\"section\">\n\t\t\t\t\t\t<div class=\"elementor-container elementor-column-gap-default\">\n\t\t\t\t\t<div class=\"elementor-column elementor-col-100 elementor-top-column elementor-element elementor-element-d125ff8\" data-id=\"d125ff8\" data-element_type=\"column\">\n\t\t\t<div class=\"elementor-widget-wrap elementor-element-populated\">\n\t\t\t\t\t\t<div class=\"elementor-element elementor-element-afac11b elementor-widget elementor-widget-spacer\" data-id=\"afac11b\" data-element_type=\"widget\" data-widget_type=\"spacer.default\">\n\t\t\t\t\t\t\t<div class=\"elementor-spacer\">\n\t\t\t<div class=\"elementor-spacer-inner\"><\/div>\n\t\t<\/div>\n\t\t\t\t\t\t<\/div>\n\t\t\t\t\t<\/div>\n\t\t<\/div>\n\t\t\t\t\t<\/div>\n\t\t<\/section>\n\t\t\t\t<section class=\"elementor-section elementor-top-section elementor-element elementor-element-f72f0f1 elementor-section-boxed elementor-section-height-default elementor-section-height-default\" data-id=\"f72f0f1\" data-element_type=\"section\">\n\t\t\t\t\t\t<div class=\"elementor-container elementor-column-gap-default\">\n\t\t\t\t\t<div class=\"elementor-column elementor-col-50 elementor-top-column elementor-element elementor-element-e784cbf\" data-id=\"e784cbf\" data-element_type=\"column\">\n\t\t\t<div class=\"elementor-widget-wrap elementor-element-populated\">\n\t\t\t\t\t\t<div class=\"elementor-element elementor-element-275e605 aleft elementor-widget-icon-box wgl-icon-box elementor-view-bubble elementor-widget elementor-widget-wgl-info-box\" data-id=\"275e605\" data-element_type=\"widget\" data-widget_type=\"wgl-info-box.default\">\n\t\t\t\t<div class=\"elementor-widget-container\">\n\t\t\t\t\t<div class=\"wgl-infobox\"><div class=\"wgl-infobox_wrapper wgl-layout-left\"><div class=\"media-wrapper icon-wrapper\"><span class=\"wgl-icon\" ><i class=\"icon elementor-icon flaticon flaticon-placeholder-1\" aria-hidden=\"true\"><\/i><\/span><\/div><div class=\"content_wrapper\"><div class=\"wgl-infobox-title_wrapper\"><h3 class=\"wgl-infobox_title\"><span class=\"wgl-infobox_title-idle\">Si\u00e8ge Op\u00e9rationnel<\/span><\/h3><\/div><\/div><\/div><\/div>\t\t\t\t<\/div>\n\t\t\t\t<\/div>\n\t\t\t\t<div class=\"elementor-element elementor-element-13c328e aleft elementor-widget-icon-box wgl-icon-box elementor-view-bubble animation_bubble elementor-widget elementor-widget-wgl-info-box\" data-id=\"13c328e\" data-element_type=\"widget\" data-widget_type=\"wgl-info-box.default\">\n\t\t\t\t<div class=\"elementor-widget-container\">\n\t\t\t\t\t<div class=\"wgl-infobox\"><div class=\"wgl-infobox_wrapper wgl-layout-left\"><div class=\"media-wrapper icon-wrapper\"><\/div><div class=\"content_wrapper\"><div class=\"wgl-infobox-title_wrapper\"><h3 class=\"wgl-infobox_title\"><span class=\"wgl-infobox_title-idle\">Adresse:<\/span><\/h3><\/div><div class=\"wgl-infobox_content\">Comprensorio Industriale Zona A.S.I. snc\n80014 \u2013 Giugliano in Campania (Napoli)<\/div><\/div><\/div><\/div>\t\t\t\t<\/div>\n\t\t\t\t<\/div>\n\t\t\t\t<div class=\"elementor-element elementor-element-1bb0bae aleft elementor-widget-icon-box wgl-icon-box elementor-view-bubble animation_bubble elementor-widget elementor-widget-wgl-info-box\" data-id=\"1bb0bae\" data-element_type=\"widget\" data-widget_type=\"wgl-info-box.default\">\n\t\t\t\t<div class=\"elementor-widget-container\">\n\t\t\t\t\t<div class=\"wgl-infobox\"><a class=\"wgl-infobox__link\" href=\"tel:+390818182333\"><\/a><div class=\"wgl-infobox_wrapper wgl-layout-left\"><div class=\"media-wrapper icon-wrapper\"><\/div><div class=\"content_wrapper\"><div class=\"wgl-infobox-title_wrapper\"><h3 class=\"wgl-infobox_title\"><span class=\"wgl-infobox_title-idle\">T\u00e9l\u00e9phone:<\/span><\/h3><\/div><div class=\"wgl-infobox_content\">+39 081 8182333<\/div><\/div><\/div><\/div>\t\t\t\t<\/div>\n\t\t\t\t<\/div>\n\t\t\t\t<div class=\"elementor-element elementor-element-b9f4f28 aleft elementor-widget-icon-box wgl-icon-box elementor-view-bubble animation_bubble elementor-widget elementor-widget-wgl-info-box\" data-id=\"b9f4f28\" data-element_type=\"widget\" data-widget_type=\"wgl-info-box.default\">\n\t\t\t\t<div class=\"elementor-widget-container\">\n\t\t\t\t\t<div class=\"wgl-infobox\"><a class=\"wgl-infobox__link\" href=\"mailto:info@siltisud.com\"><\/a><div class=\"wgl-infobox_wrapper wgl-layout-left\"><div class=\"media-wrapper icon-wrapper\"><\/div><div class=\"content_wrapper\"><div class=\"wgl-infobox-title_wrapper\"><h3 class=\"wgl-infobox_title\"><span class=\"wgl-infobox_title-idle\">Email:<\/span><\/h3><\/div><div class=\"wgl-infobox_content\">info@siltisud.com<\/div><\/div><\/div><\/div>\t\t\t\t<\/div>\n\t\t\t\t<\/div>\n\t\t\t\t\t<\/div>\n\t\t<\/div>\n\t\t\t\t<div class=\"elementor-column elementor-col-50 elementor-top-column elementor-element elementor-element-e8cc4d6\" data-id=\"e8cc4d6\" data-element_type=\"column\">\n\t\t\t<div class=\"elementor-widget-wrap elementor-element-populated\">\n\t\t\t\t\t\t<div class=\"elementor-element elementor-element-fc4d687 aleft elementor-widget-icon-box wgl-icon-box elementor-view-bubble elementor-widget elementor-widget-wgl-info-box\" data-id=\"fc4d687\" data-element_type=\"widget\" data-widget_type=\"wgl-info-box.default\">\n\t\t\t\t<div class=\"elementor-widget-container\">\n\t\t\t\t\t<div class=\"wgl-infobox\"><div class=\"wgl-infobox_wrapper wgl-layout-left\"><div class=\"media-wrapper icon-wrapper\"><span class=\"wgl-icon\" ><i class=\"icon elementor-icon flaticon flaticon-placeholder-1\" aria-hidden=\"true\"><\/i><\/span><\/div><div class=\"content_wrapper\"><div class=\"wgl-infobox-title_wrapper\"><h3 class=\"wgl-infobox_title\"><span class=\"wgl-infobox_title-idle\">Si\u00e8ge social<\/span><\/h3><\/div><\/div><\/div><\/div>\t\t\t\t<\/div>\n\t\t\t\t<\/div>\n\t\t\t\t<div class=\"elementor-element elementor-element-55cf1d8 aleft elementor-widget-icon-box wgl-icon-box elementor-view-bubble animation_bubble elementor-widget elementor-widget-wgl-info-box\" data-id=\"55cf1d8\" data-element_type=\"widget\" data-widget_type=\"wgl-info-box.default\">\n\t\t\t\t<div class=\"elementor-widget-container\">\n\t\t\t\t\t<div class=\"wgl-infobox\"><div class=\"wgl-infobox_wrapper wgl-layout-left\"><div class=\"media-wrapper icon-wrapper\"><\/div><div class=\"content_wrapper\"><div class=\"wgl-infobox-title_wrapper\"><h3 class=\"wgl-infobox_title\"><span class=\"wgl-infobox_title-idle\">Adresse:<\/span><\/h3><\/div><div class=\"wgl-infobox_content\">Corso Umberto I, 154\n80138 \u2013 Napoli<\/div><\/div><\/div><\/div>\t\t\t\t<\/div>\n\t\t\t\t<\/div>\n\t\t\t\t<div class=\"elementor-element elementor-element-084fa88 aleft elementor-widget-icon-box wgl-icon-box elementor-view-bubble animation_bubble elementor-widget elementor-widget-wgl-info-box\" data-id=\"084fa88\" data-element_type=\"widget\" data-widget_type=\"wgl-info-box.default\">\n\t\t\t\t<div class=\"elementor-widget-container\">\n\t\t\t\t\t<div class=\"wgl-infobox\"><a class=\"wgl-infobox__link\" href=\"mailto:info@siltisud.com\"><\/a><div class=\"wgl-infobox_wrapper wgl-layout-left\"><div class=\"media-wrapper icon-wrapper\"><\/div><div class=\"content_wrapper\"><div class=\"wgl-infobox-title_wrapper\"><h3 class=\"wgl-infobox_title\"><span class=\"wgl-infobox_title-idle\">Email:<\/span><\/h3><\/div><div class=\"wgl-infobox_content\">info@siltisud.com<\/div><\/div><\/div><\/div>\t\t\t\t<\/div>\n\t\t\t\t<\/div>\n\t\t\t\t\t<\/div>\n\t\t<\/div>\n\t\t\t\t\t<\/div>\n\t\t<\/section>\n\t\t\t\t<section class=\"elementor-section elementor-top-section elementor-element elementor-element-950ffb2 elementor-section-boxed elementor-section-height-default elementor-section-height-default\" data-id=\"950ffb2\" data-element_type=\"section\">\n\t\t\t\t\t\t<div class=\"elementor-container elementor-column-gap-default\">\n\t\t\t\t\t<div class=\"elementor-column elementor-col-100 elementor-top-column elementor-element elementor-element-02dbe17\" data-id=\"02dbe17\" data-element_type=\"column\">\n\t\t\t<div class=\"elementor-widget-wrap elementor-element-populated\">\n\t\t\t\t\t\t<div class=\"elementor-element elementor-element-2759516 elementor-widget elementor-widget-spacer\" data-id=\"2759516\" data-element_type=\"widget\" data-widget_type=\"spacer.default\">\n\t\t\t\t\t\t\t<div class=\"elementor-spacer\">\n\t\t\t<div class=\"elementor-spacer-inner\"><\/div>\n\t\t<\/div>\n\t\t\t\t\t\t<\/div>\n\t\t\t\t\t<\/div>\n\t\t<\/div>\n\t\t\t\t\t<\/div>\n\t\t<\/section>\n\t\t\t\t<section class=\"elementor-section elementor-top-section elementor-element elementor-element-c927e5d elementor-reverse-tablet elementor-reverse-mobile elementor-section-boxed elementor-section-height-default elementor-section-height-default\" data-id=\"c927e5d\" data-element_type=\"section\">\n\t\t\t\t\t\t<div class=\"elementor-container elementor-column-gap-default\">\n\t\t\t\t\t<div class=\"elementor-column elementor-col-50 elementor-top-column elementor-element elementor-element-2ae3958 elementor-invisible\" data-id=\"2ae3958\" data-element_type=\"column\" data-settings=\"{&quot;animation&quot;:&quot;fadeInUp&quot;}\">\n\t\t\t<div class=\"elementor-widget-wrap elementor-element-populated\">\n\t\t\t\t\t\t<div class=\"elementor-element elementor-element-5095573 elementor-widget elementor-widget-google_maps\" data-id=\"5095573\" data-element_type=\"widget\" data-widget_type=\"google_maps.default\">\n\t\t\t\t\t\t\t<div class=\"elementor-custom-embed\">\n\t\t\t<iframe loading=\"lazy\"\n\t\t\t\t\tsrc=\"https:\/\/maps.google.com\/maps?q=SILTI%20SUD%20S.p.A.%2C%20Via%20Salvatore%20Piccolo%2C%20N%C2%B0%20113%2C%2080014%20Giugliano%20in%20Campania%20NA&#038;t=m&#038;z=13&#038;output=embed&#038;iwloc=near\"\n\t\t\t\t\ttitle=\"SILTI SUD S.p.A., Via Salvatore Piccolo, N\u00b0 113, 80014 Giugliano in Campania NA\"\n\t\t\t\t\taria-label=\"SILTI SUD S.p.A., Via Salvatore Piccolo, N\u00b0 113, 80014 Giugliano in Campania NA\"\n\t\t\t><\/iframe>\n\t\t<\/div>\n\t\t\t\t\t\t<\/div>\n\t\t\t\t\t<\/div>\n\t\t<\/div>\n\t\t\t\t<div class=\"elementor-column elementor-col-50 elementor-top-column elementor-element elementor-element-e5838c0 animated-slow elementor-invisible\" data-id=\"e5838c0\" data-element_type=\"column\" data-settings=\"{&quot;animation&quot;:&quot;fadeInUp&quot;}\">\n\t\t\t<div class=\"elementor-widget-wrap elementor-element-populated\">\n\t\t\t\t\t\t<div class=\"elementor-element elementor-element-d352a4c elementor-widget elementor-widget-heading\" data-id=\"d352a4c\" data-element_type=\"widget\" data-widget_type=\"heading.default\">\n\t\t\t\t\t<h3 class=\"elementor-heading-title elementor-size-default\">Services<\/h3>\t\t\t\t<\/div>\n\t\t\t\t<div class=\"elementor-element elementor-element-a968ae6 aleft elementor-widget-icon-box wgl-icon-box elementor-view-bubble animation_bubble elementor-widget elementor-widget-wgl-info-box\" data-id=\"a968ae6\" data-element_type=\"widget\" data-widget_type=\"wgl-info-box.default\">\n\t\t\t\t<div class=\"elementor-widget-container\">\n\t\t\t\t\t<div class=\"wgl-infobox\"><div class=\"wgl-infobox_wrapper wgl-layout-left\"><div class=\"media-wrapper icon-wrapper\"><\/div><div class=\"content_wrapper\"><div class=\"wgl-infobox-title_wrapper\"><h3 class=\"wgl-infobox_title\"><span class=\"wgl-infobox_title-idle\">Comptabilit\u00e9 &amp; Finance:<\/span><\/h3><\/div><div class=\"wgl-infobox_content\"><p><a href=\"mailto:tcimmino@belforte.com\">tcimmino@belforte.com<\/a><br \/>t\u00e9l. direct: <a href=\"tel:+390818182333\">+39 081 8182333<\/a><\/p><\/div><\/div><\/div><\/div>\t\t\t\t<\/div>\n\t\t\t\t<\/div>\n\t\t\t\t<div class=\"elementor-element elementor-element-4b6fb34 aleft elementor-widget-icon-box wgl-icon-box elementor-view-bubble animation_bubble elementor-widget elementor-widget-wgl-info-box\" data-id=\"4b6fb34\" data-element_type=\"widget\" data-widget_type=\"wgl-info-box.default\">\n\t\t\t\t<div class=\"elementor-widget-container\">\n\t\t\t\t\t<div class=\"wgl-infobox\"><div class=\"wgl-infobox_wrapper wgl-layout-left\"><div class=\"media-wrapper icon-wrapper\"><\/div><div class=\"content_wrapper\"><div class=\"wgl-infobox-title_wrapper\"><h3 class=\"wgl-infobox_title\"><span class=\"wgl-infobox_title-idle\">Service technique:<\/span><\/h3><\/div><div class=\"wgl-infobox_content\"><p><a href=\"mailto:salvpennacchio@belforte.com\">salvpennacchio@belforte.com<\/a><br \/>t\u00e9l. direct: <a href=\"tel:+390818182149\">+39 081 8182149<\/a><\/p><\/div><\/div><\/div><\/div>\t\t\t\t<\/div>\n\t\t\t\t<\/div>\n\t\t\t\t<div class=\"elementor-element elementor-element-739a47b aleft elementor-widget-icon-box wgl-icon-box elementor-view-bubble animation_bubble elementor-widget elementor-widget-wgl-info-box\" data-id=\"739a47b\" data-element_type=\"widget\" data-widget_type=\"wgl-info-box.default\">\n\t\t\t\t<div class=\"elementor-widget-container\">\n\t\t\t\t\t<div class=\"wgl-infobox\"><div class=\"wgl-infobox_wrapper wgl-layout-left\"><div class=\"media-wrapper icon-wrapper\"><\/div><div class=\"content_wrapper\"><div class=\"wgl-infobox-title_wrapper\"><h3 class=\"wgl-infobox_title\"><span class=\"wgl-infobox_title-idle\">D\u00e9partement Commercial:<\/span><\/h3><\/div><div class=\"wgl-infobox_content\"><p><a href=\"mailto:lciccarelli@belforte.com\">lciccarelli@belforte.com<\/a><br \/>t\u00e9l. direct: <a href=\"tel:+390818181728\">+39 081 8181728<\/a><\/p><\/div><\/div><\/div><\/div>\t\t\t\t<\/div>\n\t\t\t\t<\/div>\n\t\t\t\t<div class=\"elementor-element elementor-element-4bef7c2 aleft elementor-widget-icon-box wgl-icon-box elementor-view-bubble animation_bubble elementor-widget elementor-widget-wgl-info-box\" data-id=\"4bef7c2\" data-element_type=\"widget\" data-widget_type=\"wgl-info-box.default\">\n\t\t\t\t<div class=\"elementor-widget-container\">\n\t\t\t\t\t<div class=\"wgl-infobox\"><div class=\"wgl-infobox_wrapper wgl-layout-left\"><div class=\"media-wrapper icon-wrapper\"><\/div><div class=\"content_wrapper\"><div class=\"wgl-infobox-title_wrapper\"><h3 class=\"wgl-infobox_title\"><span class=\"wgl-infobox_title-idle\">D\u00e9partement Export:<\/span><\/h3><\/div><div class=\"wgl-infobox_content\"><p><a href=\"mailto:g.gisonni@siltisud.com\">g.gisonni@siltisud.com<\/a><\/p><\/div><\/div><\/div><\/div>\t\t\t\t<\/div>\n\t\t\t\t<\/div>\n\t\t\t\t<div class=\"elementor-element elementor-element-3ce5763 aleft elementor-widget-icon-box wgl-icon-box elementor-view-bubble animation_bubble elementor-widget elementor-widget-wgl-info-box\" data-id=\"3ce5763\" data-element_type=\"widget\" data-widget_type=\"wgl-info-box.default\">\n\t\t\t\t<div class=\"elementor-widget-container\">\n\t\t\t\t\t<div class=\"wgl-infobox\"><div class=\"wgl-infobox_wrapper wgl-layout-left\"><div class=\"media-wrapper icon-wrapper\"><\/div><div class=\"content_wrapper\"><div class=\"wgl-infobox-title_wrapper\"><h3 class=\"wgl-infobox_title\"><span class=\"wgl-infobox_title-idle\">D\u00e9partement Qualit\u00e9:<\/span><\/h3><\/div><div class=\"wgl-infobox_content\"><p><a href=\"mailto:e.degrande@siltisud.com\">e.degrande@siltisud.com<\/a><\/p><\/div><\/div><\/div><\/div>\t\t\t\t<\/div>\n\t\t\t\t<\/div>\n\t\t\t\t\t<\/div>\n\t\t<\/div>\n\t\t\t\t\t<\/div>\n\t\t<\/section>\n\t\t\t\t<section class=\"elementor-section elementor-top-section elementor-element elementor-element-dc57a87 elementor-reverse-tablet elementor-reverse-mobile elementor-section-boxed elementor-section-height-default elementor-section-height-default\" data-id=\"dc57a87\" data-element_type=\"section\" id=\"contattaci\">\n\t\t\t\t\t\t<div class=\"elementor-container elementor-column-gap-default\">\n\t\t\t\t\t<div class=\"elementor-column elementor-col-100 elementor-top-column elementor-element elementor-element-aefc1cf animated-slow elementor-invisible\" data-id=\"aefc1cf\" data-element_type=\"column\" data-settings=\"{&quot;animation&quot;:&quot;fadeInUp&quot;,&quot;background_background&quot;:&quot;classic&quot;}\">\n\t\t\t<div class=\"elementor-widget-wrap elementor-element-populated\">\n\t\t\t\t\t\t<div class=\"elementor-element elementor-element-68ad3d6 elementor-widget elementor-widget-heading\" data-id=\"68ad3d6\" data-element_type=\"widget\" data-widget_type=\"heading.default\">\n\t\t\t\t\t<h3 class=\"elementor-heading-title elementor-size-default\">Contactez-nous<\/h3>\t\t\t\t<\/div>\n\t\t\t\t<div class=\"elementor-element elementor-element-333ed62 aleft elementor-widget elementor-widget-wgl-contact-form-7\" data-id=\"333ed62\" data-element_type=\"widget\" data-widget_type=\"wgl-contact-form-7.default\">\n\t\t\t\t<div class=\"elementor-widget-container\">\n\t\t\t\t\t<div class=\"wgl-contact-form-7\">\n<div class=\"wpcf7 no-js\" id=\"wpcf7-f7885-o1\" lang=\"fr-FR\" dir=\"ltr\" data-wpcf7-id=\"7885\">\n<div class=\"screen-reader-response\"><p role=\"status\" aria-live=\"polite\" aria-atomic=\"true\"><\/p> <ul><\/ul><\/div>\n<form action=\"\/fr\/wp-json\/wp\/v2\/pages\/7898#wpcf7-f7885-o1\" method=\"post\" class=\"wpcf7-form init\" aria-label=\"Formulaire de contact\" novalidate=\"novalidate\" data-status=\"init\">\n<fieldset class=\"hidden-fields-container\"><input type=\"hidden\" name=\"_wpcf7\" value=\"7885\" \/><input type=\"hidden\" name=\"_wpcf7_version\" value=\"6.1.3\" \/><input type=\"hidden\" name=\"_wpcf7_locale\" value=\"fr_FR\" \/><input type=\"hidden\" name=\"_wpcf7_unit_tag\" value=\"wpcf7-f7885-o1\" \/><input type=\"hidden\" name=\"_wpcf7_container_post\" value=\"0\" \/><input type=\"hidden\" name=\"_wpcf7_posted_data_hash\" value=\"\" \/><input type=\"hidden\" name=\"_wpcf7cf_hidden_group_fields\" value=\"[]\" \/><input type=\"hidden\" name=\"_wpcf7cf_hidden_groups\" value=\"[]\" \/><input type=\"hidden\" name=\"_wpcf7cf_visible_groups\" value=\"[]\" \/><input type=\"hidden\" name=\"_wpcf7cf_repeaters\" value=\"[]\" \/><input type=\"hidden\" name=\"_wpcf7cf_steps\" value=\"{}\" \/><input type=\"hidden\" name=\"_wpcf7cf_options\" value=\"{&quot;form_id&quot;:7885,&quot;conditions&quot;:[{&quot;then_field&quot;:&quot;preventivo&quot;,&quot;and_rules&quot;:[{&quot;if_field&quot;:&quot;product_id&quot;,&quot;operator&quot;:&quot;not empty&quot;,&quot;if_value&quot;:&quot;0&quot;}]},{&quot;then_field&quot;:&quot;contatti&quot;,&quot;and_rules&quot;:[{&quot;if_field&quot;:&quot;product_id&quot;,&quot;operator&quot;:&quot;is empty&quot;,&quot;if_value&quot;:&quot;0&quot;}]}],&quot;settings&quot;:{&quot;animation&quot;:&quot;yes&quot;,&quot;animation_intime&quot;:200,&quot;animation_outtime&quot;:200,&quot;conditions_ui&quot;:&quot;normal&quot;,&quot;notice_dismissed&quot;:false}}\" \/><input type=\"hidden\" name=\"_wpcf7dtx_version\" value=\"5.0.3\" \/><input type=\"hidden\" name=\"_wpcf7_recaptcha_response\" value=\"\" \/>\n<\/fieldset>\n<div data-id=\"preventivo\" data-orig_data_id=\"preventivo\"  class=\"\" data-class=\"wpcf7cf_group\"><h6 style=\"margin-bottom: 10px; color: #000;\">Demandez un devis gratuit pour: <span style=\"color: var(--transmax-primary-color);\"><\/span><\/h6><\/div>\n<div data-id=\"contatti\" data-orig_data_id=\"contatti\"  class=\"\" data-class=\"wpcf7cf_group\"><h6 style=\"margin-bottom: 10px; color: #000;\">Demandez un devis gratuit<\/h6><\/div>\n<div class='row contacts'>\n    <div class='wgl_col-6'>\n        <span class=\"wpcf7-form-control-wrap\" data-name=\"your-name\"><input size=\"40\" maxlength=\"400\" class=\"wpcf7-form-control wpcf7-text wpcf7-validates-as-required\" aria-required=\"true\" aria-invalid=\"false\" placeholder=\"Nom et Pr\u00e9nom*\" value=\"\" type=\"text\" name=\"your-name\" \/><\/span>\n    <\/div>\n    <div class='wgl_col-6'>\n        <span class=\"wpcf7-form-control-wrap\" data-name=\"your-email\"><input size=\"40\" maxlength=\"400\" class=\"wpcf7-form-control wpcf7-email wpcf7-validates-as-required wpcf7-text wpcf7-validates-as-email\" aria-required=\"true\" aria-invalid=\"false\" placeholder=\"Email*\" value=\"\" type=\"email\" name=\"your-email\" \/><\/span>\n    <\/div>\n<\/div>\n<div class='row contacts'>\n    <div class='wgl_col-6'>\n        <span class=\"wpcf7-form-control-wrap\" data-name=\"your-phone\"><input size=\"40\" maxlength=\"400\" class=\"wpcf7-form-control wpcf7-text\" aria-invalid=\"false\" placeholder=\"T\u00e9l\u00e9phone\" value=\"\" type=\"text\" name=\"your-phone\" \/><\/span>\n    <\/div>\n    <div class='wgl_col-6'>\n        <span class=\"wpcf7-form-control-wrap\" data-name=\"your-object\"><input size=\"40\" maxlength=\"400\" class=\"wpcf7-form-control wpcf7-text\" aria-invalid=\"false\" placeholder=\"Objet\" value=\"\" type=\"text\" name=\"your-object\" \/><\/span>\n    <\/div>\n<\/div>\n<div class='row contacts'>\n    <div class='wgl_col-12'>\n        <span class=\"wpcf7-form-control-wrap\" data-name=\"your-message\"><textarea cols=\"40\" rows=\"10\" maxlength=\"2000\" class=\"wpcf7-form-control wpcf7-textarea\" aria-invalid=\"false\" placeholder=\"Message\" name=\"your-message\"><\/textarea><\/span>\n    <\/div>\n    <div class='wgl_col-12'>\n        <span class=\"wpcf7-form-control-wrap\" data-name=\"privacy\"><span class=\"wpcf7-form-control wpcf7-acceptance\"><span class=\"wpcf7-list-item\"><label><input type=\"checkbox\" name=\"privacy\" value=\"1\" aria-invalid=\"false\" \/><span class=\"wpcf7-list-item-label\">J'accepte la <a href=\"https:\/\/www.iubenda.com\/privacy-policy\/74789419\" class=\"no-brand iubenda-noiframe iubenda-embed iubenda-nostyle\" title=\"Politique de confidentialit\u00e9\">politique de confidentialit\u00e9<\/a><\/span><\/label><\/span><\/span><\/span>\n        <script type=\"text\/javascript\">(function (w,d) {var loader = function () {var s = d.createElement(\"script\"), tag = d.getElementsByTagName(\"script\")[0]; s.src=\"https:\/\/cdn.iubenda.com\/iubenda.js\"; tag.parentNode.insertBefore(s,tag);}; if(w.addEventListener){w.addEventListener(\"load\", loader, false);}else if(w.attachEvent){w.attachEvent(\"onload\", loader);}else{w.onload = loader;}})(window, document);<\/script>\n    <\/div>\n    <div class='wgl_col-12'>\n        <p><span class=\"wpcf7-form-control-wrap recaptcha\" data-name=\"recaptcha\"><span data-sitekey=\"6Le-egQsAAAAAJJxiBjFHRo0-SPCA-morninb9p2\" class=\"wpcf7-form-control wpcf7-recaptcha g-recaptcha\"><\/span>\r\n<noscript>\r\n\t<div class=\"grecaptcha-noscript\">\r\n\t\t<iframe src=\"https:\/\/www.google.com\/recaptcha\/api\/fallback?k=6Le-egQsAAAAAJJxiBjFHRo0-SPCA-morninb9p2\" frameborder=\"0\" scrolling=\"no\" width=\"310\" height=\"430\">\r\n\t\t<\/iframe>\r\n\t\t<textarea name=\"g-recaptcha-response\" rows=\"3\" cols=\"40\" placeholder=\"reCaptcha Response Here\">\r\n\t\t<\/textarea>\r\n\t<\/div>\r\n<\/noscript>\r\n<\/span><\/p>\n    <\/div>\n    <div class='wgl_col-12'>\n        <span class=\"wpcf7-form-control-wrap product_id\" data-name=\"product_id\"><input type=\"hidden\" name=\"product_id\" class=\"wpcf7-form-control wpcf7-hidden wpcf7dtx wpcf7dtx-hidden\" aria-invalid=\"false\"><\/span>\n        <input class=\"wpcf7-form-control wpcf7-hidden\" value=\"\" type=\"hidden\" name=\"product_name\" \/>\n        <input class=\"wpcf7-form-control wpcf7-submit has-spinner\" type=\"submit\" value=\"Envoyer\" \/>\n    <\/div>\n<\/div>\n\n<script>\n  jQuery(document).ready(function($) {\n    var productInput = $('input[name=\"product_id\"]');\n    var sezione = $('#contattaci');\n\n    \/\/ Controlla che l'input esista e che abbia un attributo \"value\" valorizzato\n    if (\n      productInput.length &&\n      typeof productInput.attr('value') !== 'undefined' &&\n      productInput.attr('value') !== '' &&\n      sezione.length\n    ) {\n      $('html, body').animate({\n        scrollTop: sezione.offset().top\n      }, 800); \/\/ durata scroll in ms\n    }\n  });\n<\/script><div class=\"wpcf7-response-output\" aria-hidden=\"true\"><\/div>\n<\/form>\n<\/div>\n<\/div>\t\t\t\t<\/div>\n\t\t\t\t<\/div>\n\t\t\t\t\t<\/div>\n\t\t<\/div>\n\t\t\t\t\t<\/div>\n\t\t<\/section>\n\t\t\t\t<section class=\"elementor-section elementor-top-section elementor-element elementor-element-96938d7 elementor-section-boxed elementor-section-height-default elementor-section-height-default\" data-id=\"96938d7\" data-element_type=\"section\">\n\t\t\t\t\t\t<div class=\"elementor-container elementor-column-gap-default\">\n\t\t\t\t\t<div class=\"elementor-column elementor-col-100 elementor-top-column elementor-element elementor-element-8b30b49\" data-id=\"8b30b49\" data-element_type=\"column\">\n\t\t\t<div class=\"elementor-widget-wrap elementor-element-populated\">\n\t\t\t\t\t\t<div class=\"elementor-element elementor-element-2bad4c6 elementor-widget elementor-widget-spacer\" data-id=\"2bad4c6\" data-element_type=\"widget\" data-widget_type=\"spacer.default\">\n\t\t\t\t\t\t\t<div class=\"elementor-spacer\">\n\t\t\t<div class=\"elementor-spacer-inner\"><\/div>\n\t\t<\/div>\n\t\t\t\t\t\t<\/div>\n\t\t\t\t\t<\/div>\n\t\t<\/div>\n\t\t\t\t\t<\/div>\n\t\t<\/section>\n\t\t\t\t<\/div>\n\t\t","protected":false},"excerpt":{"rendered":"<p>Si\u00e8ge Op\u00e9rationnel Adresse: Comprensorio Industriale Zona A.S.I. snc 80014 \u2013 Giugliano in Campania (Napoli) T\u00e9l\u00e9phone: +39 081 8182333 Email: info@siltisud.com Si\u00e8ge social Adresse: Corso Umberto I, 154 80138 \u2013 Napoli Email: info@siltisud.com Services Comptabilit\u00e9 &amp; Finance: tcimmino@belforte.comt\u00e9l. direct: +39 081 8182333 Service technique: salvpennacchio@belforte.comt\u00e9l. direct: +39 081 8182149 D\u00e9partement Commercial: lciccarelli@belforte.comt\u00e9l. direct: +39 081 8181728 [&hellip;]<\/p>\n","protected":false},"author":1,"featured_media":0,"parent":0,"menu_order":0,"comment_status":"closed","ping_status":"closed","template":"","meta":{"footnotes":""},"class_list":["post-7898","page","type-page","status-publish","hentry"],"_links":{"self":[{"href":"https:\/\/siltisud.com\/fr\/wp-json\/wp\/v2\/pages\/7898","targetHints":{"allow":["GET"]}}],"collection":[{"href":"https:\/\/siltisud.com\/fr\/wp-json\/wp\/v2\/pages"}],"about":[{"href":"https:\/\/siltisud.com\/fr\/wp-json\/wp\/v2\/types\/page"}],"author":[{"embeddable":true,"href":"https:\/\/siltisud.com\/fr\/wp-json\/wp\/v2\/users\/1"}],"replies":[{"embeddable":true,"href":"https:\/\/siltisud.com\/fr\/wp-json\/wp\/v2\/comments?post=7898"}],"version-history":[{"count":18,"href":"https:\/\/siltisud.com\/fr\/wp-json\/wp\/v2\/pages\/7898\/revisions"}],"predecessor-version":[{"id":10396,"href":"https:\/\/siltisud.com\/fr\/wp-json\/wp\/v2\/pages\/7898\/revisions\/10396"}],"wp:attachment":[{"href":"https:\/\/siltisud.com\/fr\/wp-json\/wp\/v2\/media?parent=7898"}],"curies":[{"name":"wp","href":"https:\/\/api.w.org\/{rel}","templated":true}]}}