{"id":7443,"date":"2025-10-29T15:55:25","date_gmt":"2025-10-29T14:55:25","guid":{"rendered":"https:\/\/siltisud.test3d0.it\/product\/scatola-di-distribuzione-ottica-a-parete\/"},"modified":"2025-11-20T14:49:23","modified_gmt":"2025-11-20T13:49:23","slug":"boitier-de-distribution-optique-mural","status":"publish","type":"product","link":"https:\/\/siltisud.com\/fr\/product\/boitier-de-distribution-optique-mural\/","title":{"rendered":"Bo\u00eetier de distribution optique mural"},"content":{"rendered":"","protected":false},"excerpt":{"rendered":"<p>Ce bo\u00eetier de distribution peut \u00eatre utilis\u00e9 avec succ\u00e8s dans les applications de r\u00e9seaux optiques, soit comme bo\u00eetier de terminaison optique, soit comme distributeur optique compact.<\/p>\n<p><strong>Construction:<\/strong><\/p>\n<p>Un socle mural, un couvercle, deux modules d&rsquo;\u00e9pissure s\u00e9par\u00e9s et un panneau m\u00e9tallique.<\/p>\n<p><strong>Utilisation:<\/strong><br \/>\nCe bo\u00eetier de distribution optique est utilis\u00e9 comme bo\u00eetier de terminaison ou distributeur pour les r\u00e9seaux optiques.<\/p>\n<p><strong>Mat\u00e9riaux:<\/strong><br \/>\nLe socle et le couvercle sont en acier galvanis\u00e9 rev\u00eatu de peinture RAL 7038.<\/p>\n<p>L&rsquo;int\u00e9rieur est en thermoplastique auto-extinguible V0.<\/p>\n<p><strong>Caract\u00e9ristiques:<\/strong><br \/>\nL&rsquo;acc\u00e8s \u00e0 la zone des fibres est facilit\u00e9 par le simple retrait du couvercle avant.<\/p>\n<p>Les deux modules d&rsquo;\u00e9pissure sont amovibles jusqu&rsquo;\u00e0 une distance de 2\u00a0m\u00e8tres.<\/p>\n<p>Les fibres sont accessibles sans avoir \u00e0 ouvrir le bo\u00eetier.<\/p>\n<p>Un syst\u00e8me de verrouillage triangulaire prot\u00e8ge les \u00e9pissures.<\/p>\n<p><strong>Performances:<\/strong><br \/>\nLe socle peut accueillir des fibres suppl\u00e9mentaires.<\/p>\n<p>Deux modules d&rsquo;\u00e9pissure s\u00e9par\u00e9s sont disponibles\u00a0: le premier pour g\u00e9rer jusqu&rsquo;\u00e0 12\u00a0fibres et le second pour stocker les fibres exc\u00e9dentaires. Le panneau m\u00e9tallique profil\u00e9 peut accueillir jusqu&rsquo;\u00e0 12 fibres.<\/p>\n<p>Le couvercle prot\u00e8ge les fibres et est muni d&rsquo;une serrure \u00e0 cl\u00e9.<\/p>\n","protected":false},"featured_media":8925,"template":"","meta":[],"product_brand":[],"product_cat":[82],"product_tag":[],"class_list":{"0":"post-7443","1":"product","2":"type-product","3":"status-publish","4":"has-post-thumbnail","6":"product_cat-accessoires-de-connexion-pour-les-reseaux-telecommunications","8":"first","9":"instock","10":"shipping-taxable","11":"product-type-external"},"_links":{"self":[{"href":"https:\/\/siltisud.com\/fr\/wp-json\/wp\/v2\/product\/7443","targetHints":{"allow":["GET"]}}],"collection":[{"href":"https:\/\/siltisud.com\/fr\/wp-json\/wp\/v2\/product"}],"about":[{"href":"https:\/\/siltisud.com\/fr\/wp-json\/wp\/v2\/types\/product"}],"wp:featuredmedia":[{"embeddable":true,"href":"https:\/\/siltisud.com\/fr\/wp-json\/wp\/v2\/media\/8925"}],"wp:attachment":[{"href":"https:\/\/siltisud.com\/fr\/wp-json\/wp\/v2\/media?parent=7443"}],"wp:term":[{"taxonomy":"product_brand","embeddable":true,"href":"https:\/\/siltisud.com\/fr\/wp-json\/wp\/v2\/product_brand?post=7443"},{"taxonomy":"product_cat","embeddable":true,"href":"https:\/\/siltisud.com\/fr\/wp-json\/wp\/v2\/product_cat?post=7443"},{"taxonomy":"product_tag","embeddable":true,"href":"https:\/\/siltisud.com\/fr\/wp-json\/wp\/v2\/product_tag?post=7443"}],"curies":[{"name":"wp","href":"https:\/\/api.w.org\/{rel}","templated":true}]}}