{"id":7447,"date":"2025-10-29T15:51:59","date_gmt":"2025-10-29T14:51:59","guid":{"rendered":"https:\/\/siltisud.test3d0.it\/product\/muffola-in-plastica\/"},"modified":"2025-11-20T14:49:37","modified_gmt":"2025-11-20T13:49:37","slug":"fermeture-optique-en-plastique","status":"publish","type":"product","link":"https:\/\/siltisud.com\/fr\/product\/fermeture-optique-en-plastique\/","title":{"rendered":"Fermeture optique en plastique"},"content":{"rendered":"","protected":false},"excerpt":{"rendered":"<p>Bo\u00eetier d&rsquo;\u00e9pissure pour c\u00e2bles optiques jusqu&rsquo;\u00e0 60 fibres.<\/p>\n<p><strong>Construction:<\/strong><\/p>\n<p>Socle cylindrique, couvercle cylindrique, 4 bo\u00eetiers d&rsquo;\u00e9pissure.<\/p>\n<p><strong>Utilisation:<\/strong><br \/>\nCe bo\u00eetier d&rsquo;\u00e9pissure est con\u00e7u pour accueillir des \u00e9pissures de c\u00e2bles jusqu&rsquo;\u00e0 48 fibres optiques.<\/p>\n<p><strong>Mat\u00e9riaux:<\/strong><\/p>\n<p>Le bo\u00eetier d&rsquo;\u00e9pissure est fabriqu\u00e9 en acier inoxydable robuste.<\/p>\n<p><strong>Caract\u00e9ristiques:<\/strong><br \/>\nLe bo\u00eetier d&rsquo;\u00e9pissure se compose d&rsquo;un conteneur cylindrique comprenant :<\/p>\n<p>1) Un socle cylindrique, solidement fix\u00e9 \u00e0 la barre de montage pour une installation sur poteau.<\/p>\n<p>2) Un couvercle cylindrique, situ\u00e9 \u00e0 la base et \u00e9quip\u00e9 d&rsquo;un dispositif de polarisation pour une installation correcte.<\/p>\n<p>3) 4 bo\u00eetiers d&rsquo;\u00e9pissure, fabriqu\u00e9s en mat\u00e9riau thermoplastique auto-extinguible (VO), pouvant accueillir jusqu&rsquo;\u00e0 12 \u00e9pissures.<\/p>\n<p><strong>Performances:<\/strong><br \/>\nContient des \u00e9pissures de c\u00e2bles jusqu&rsquo;\u00e0 48 fibres optiques.<\/p>\n","protected":false},"featured_media":8941,"template":"","meta":[],"product_brand":[],"product_cat":[82],"product_tag":[],"class_list":{"0":"post-7447","1":"product","2":"type-product","3":"status-publish","4":"has-post-thumbnail","6":"product_cat-accessoires-de-connexion-pour-les-reseaux-telecommunications","8":"first","9":"instock","10":"shipping-taxable","11":"product-type-external"},"_links":{"self":[{"href":"https:\/\/siltisud.com\/fr\/wp-json\/wp\/v2\/product\/7447","targetHints":{"allow":["GET"]}}],"collection":[{"href":"https:\/\/siltisud.com\/fr\/wp-json\/wp\/v2\/product"}],"about":[{"href":"https:\/\/siltisud.com\/fr\/wp-json\/wp\/v2\/types\/product"}],"wp:featuredmedia":[{"embeddable":true,"href":"https:\/\/siltisud.com\/fr\/wp-json\/wp\/v2\/media\/8941"}],"wp:attachment":[{"href":"https:\/\/siltisud.com\/fr\/wp-json\/wp\/v2\/media?parent=7447"}],"wp:term":[{"taxonomy":"product_brand","embeddable":true,"href":"https:\/\/siltisud.com\/fr\/wp-json\/wp\/v2\/product_brand?post=7447"},{"taxonomy":"product_cat","embeddable":true,"href":"https:\/\/siltisud.com\/fr\/wp-json\/wp\/v2\/product_cat?post=7447"},{"taxonomy":"product_tag","embeddable":true,"href":"https:\/\/siltisud.com\/fr\/wp-json\/wp\/v2\/product_tag?post=7447"}],"curies":[{"name":"wp","href":"https:\/\/api.w.org\/{rel}","templated":true}]}}