{"id":7451,"date":"2025-10-29T15:48:31","date_gmt":"2025-10-29T14:48:31","guid":{"rendered":"https:\/\/siltisud.test3d0.it\/product\/muffola-in-ferro\/"},"modified":"2025-11-20T14:49:52","modified_gmt":"2025-11-20T13:49:52","slug":"fermeture-optique-en-fer","status":"publish","type":"product","link":"https:\/\/siltisud.com\/fr\/product\/fermeture-optique-en-fer\/","title":{"rendered":"Fermeture optique en fer"},"content":{"rendered":"","protected":false},"excerpt":{"rendered":"<p>Bo\u00eetier d&rsquo;\u00e9pissure pour c\u00e2bles optiques jusqu&rsquo;\u00e0 60 fibres.<\/p>\n<p><strong>Construction:<\/strong><\/p>\n<p>Socle, couvercle, panneau pour modules d&rsquo;\u00e9pissure.<\/p>\n<p>Modules d&rsquo;\u00e9pissure, bagues de serrage, bouchons d&rsquo;entr\u00e9e de c\u00e2ble, joint de type 0. Bague pour le couvercle, le socle et les presse-\u00e9toupes.<\/p>\n<p>Prise et fiche de continuit\u00e9.<\/p>\n<p>Vanne et vis.<\/p>\n<p><strong>Utilisation:<\/strong><br \/>\nCe bo\u00eetier d&rsquo;\u00e9pissure est con\u00e7u pour loger les \u00e9pissures de c\u00e2bles jusqu&rsquo;\u00e0 60 fibres optiques.<\/p>\n<p><strong>Mat\u00e9riaux:<\/strong><br \/>\nLe bo\u00eetier d&rsquo;\u00e9pissure est fabriqu\u00e9 en plastique renforc\u00e9 (PP0 modifi\u00e9 \u00e0 30 %).<\/p>\n<p><strong>Caract\u00e9ristiques:<\/strong><br \/>\nLe bo\u00eetier d&rsquo;\u00e9pissure se compose d&rsquo;un conteneur cylindrique comprenant plusieurs \u00e9l\u00e9ments essentiels :<\/p>\n<p>1) Un socle. Il abrite l&rsquo;entr\u00e9e de c\u00e2ble, \u00e9quip\u00e9e d&rsquo;une vanne et d&rsquo;une prise de continuit\u00e9 \u00e0 5 contacts. Celle-ci assure la continuit\u00e9 de l&rsquo;armure du c\u00e2ble et fixe l&rsquo;ensemble de la structure interne contenant les fibres optiques.<\/p>\n<p>2) Un couvercle amovible qui constitue l&rsquo;enveloppe ext\u00e9rieure.<\/p>\n<p>3) Un joint torique.<\/p>\n<p>4) 5 fentes. Ces \u00e9l\u00e9ments permettent tous les raccordements n\u00e9cessaires, avec un logement pour une prise de continuit\u00e9.<\/p>\n<p>5) 6 modules planaires (modules d&rsquo;\u00e9pissure). Ils contiennent les \u00e9pissures de fibres optiques.<\/p>\n<p>6) 2 logements encastr\u00e9s \u00e0 l&rsquo;ext\u00e9rieur du capuchon. Ils permettent la fixation de la structure \u00e0 un mur ou un poteau.<\/p>\n<p>Performances\u00a0: Ce bo\u00eetier d&rsquo;\u00e9pissure peut accueillir jusqu&rsquo;\u00e0 60 fibres optiques.<\/p>\n","protected":false},"featured_media":8915,"template":"","meta":[],"product_brand":[],"product_cat":[82],"product_tag":[],"class_list":{"0":"post-7451","1":"product","2":"type-product","3":"status-publish","4":"has-post-thumbnail","6":"product_cat-accessoires-de-connexion-pour-les-reseaux-telecommunications","8":"first","9":"instock","10":"shipping-taxable","11":"product-type-external"},"_links":{"self":[{"href":"https:\/\/siltisud.com\/fr\/wp-json\/wp\/v2\/product\/7451","targetHints":{"allow":["GET"]}}],"collection":[{"href":"https:\/\/siltisud.com\/fr\/wp-json\/wp\/v2\/product"}],"about":[{"href":"https:\/\/siltisud.com\/fr\/wp-json\/wp\/v2\/types\/product"}],"wp:featuredmedia":[{"embeddable":true,"href":"https:\/\/siltisud.com\/fr\/wp-json\/wp\/v2\/media\/8915"}],"wp:attachment":[{"href":"https:\/\/siltisud.com\/fr\/wp-json\/wp\/v2\/media?parent=7451"}],"wp:term":[{"taxonomy":"product_brand","embeddable":true,"href":"https:\/\/siltisud.com\/fr\/wp-json\/wp\/v2\/product_brand?post=7451"},{"taxonomy":"product_cat","embeddable":true,"href":"https:\/\/siltisud.com\/fr\/wp-json\/wp\/v2\/product_cat?post=7451"},{"taxonomy":"product_tag","embeddable":true,"href":"https:\/\/siltisud.com\/fr\/wp-json\/wp\/v2\/product_tag?post=7451"}],"curies":[{"name":"wp","href":"https:\/\/api.w.org\/{rel}","templated":true}]}}