{"id":7459,"date":"2025-10-29T15:43:35","date_gmt":"2025-10-29T14:43:35","guid":{"rendered":"https:\/\/siltisud.test3d0.it\/product\/box-ftth-8-fibre-da-interno-a-muro\/"},"modified":"2025-11-20T14:50:12","modified_gmt":"2025-11-20T13:50:12","slug":"boitier-mural-ftth-8-fibres-pour-interieur","status":"publish","type":"product","link":"https:\/\/siltisud.com\/fr\/product\/boitier-mural-ftth-8-fibres-pour-interieur\/","title":{"rendered":"Bo\u00eetier mural FTTH 8 fibres pour int\u00e9rieur"},"content":{"rendered":"","protected":false},"excerpt":{"rendered":"<p><strong>D\u00e9tails du produit:<\/strong><\/p>\n<p>Ce bornier \u00e0 fibre optique permet la distribution et le raccordement de diff\u00e9rents types de syst\u00e8mes \u00e0 fibre optique. Il est particuli\u00e8rement adapt\u00e9 \u00e0 la distribution de terminaux de mini-r\u00e9seaux, o\u00f9 sont connect\u00e9s des c\u00e2bles optiques, des cordons de brassage ou des jarreti\u00e8res.<\/p>\n<p><strong>Sp\u00e9cifications du produit:<\/strong><\/p>\n<p>Mod\u00e8le\u00a0: BC08<\/p>\n<p>Dimensions (mm)\u00a0: 199\u00a0x\u00a0130\u00a0x\u00a028,5<\/p>\n<p>Mat\u00e9riau\u00a0: Plastique ABS<\/p>\n<p>Porte-adaptateurs\u00a0: 8\u00a0connecteurs SC simplex<\/p>\n<p>Capacit\u00e9 maximale\u00a0: 12\u00a0fibres<\/p>\n<p>Nombre maximal de plateaux d\u2019\u00e9pissure\u00a0: 1<br \/>\nCapacit\u00e9 maximale des plateaux d\u2019\u00e9pissure\u00a0: 12\u00a0fibres<\/p>\n<p>Couleur\u00a0: Blanc<\/p>\n<p>Application\u00a0: Installation murale int\u00e9rieure<\/p>\n","protected":false},"featured_media":8894,"template":"","meta":[],"product_brand":[],"product_cat":[82],"product_tag":[],"class_list":{"0":"post-7459","1":"product","2":"type-product","3":"status-publish","4":"has-post-thumbnail","6":"product_cat-accessoires-de-connexion-pour-les-reseaux-telecommunications","8":"first","9":"instock","10":"shipping-taxable","11":"product-type-external"},"_links":{"self":[{"href":"https:\/\/siltisud.com\/fr\/wp-json\/wp\/v2\/product\/7459","targetHints":{"allow":["GET"]}}],"collection":[{"href":"https:\/\/siltisud.com\/fr\/wp-json\/wp\/v2\/product"}],"about":[{"href":"https:\/\/siltisud.com\/fr\/wp-json\/wp\/v2\/types\/product"}],"wp:featuredmedia":[{"embeddable":true,"href":"https:\/\/siltisud.com\/fr\/wp-json\/wp\/v2\/media\/8894"}],"wp:attachment":[{"href":"https:\/\/siltisud.com\/fr\/wp-json\/wp\/v2\/media?parent=7459"}],"wp:term":[{"taxonomy":"product_brand","embeddable":true,"href":"https:\/\/siltisud.com\/fr\/wp-json\/wp\/v2\/product_brand?post=7459"},{"taxonomy":"product_cat","embeddable":true,"href":"https:\/\/siltisud.com\/fr\/wp-json\/wp\/v2\/product_cat?post=7459"},{"taxonomy":"product_tag","embeddable":true,"href":"https:\/\/siltisud.com\/fr\/wp-json\/wp\/v2\/product_tag?post=7459"}],"curies":[{"name":"wp","href":"https:\/\/api.w.org\/{rel}","templated":true}]}}