{"id":7463,"date":"2025-10-29T15:39:35","date_gmt":"2025-10-29T14:39:35","guid":{"rendered":"https:\/\/siltisud.test3d0.it\/product\/tavolo-per-fibra-ottica\/"},"modified":"2025-11-20T14:50:24","modified_gmt":"2025-11-20T13:50:24","slug":"table-a-fibres-optiques","status":"publish","type":"product","link":"https:\/\/siltisud.com\/fr\/product\/table-a-fibres-optiques\/","title":{"rendered":"Table \u00e0 fibres optiques"},"content":{"rendered":"","protected":false},"excerpt":{"rendered":"<p>Caract\u00e9ristiques :<\/p>\n<p>Utilis\u00e9e comme surface de travail pour la certification de la fibre optique sur le terrain<\/p>\n<p>Table portable avec poign\u00e9e<\/p>\n<p>L\u00e9g\u00e8re, maniable et compacte gr\u00e2ce \u00e0 ses pieds pliables<\/p>\n<p><strong>Dimensions:<\/strong><\/p>\n<p>Surface de travail : 1000 x 700 mm<\/p>\n<p>Hauteur de la surface de travail : 800 mm<\/p>\n<p><strong>Structure et mat\u00e9riaux:<\/strong><\/p>\n<p>Surface de travail en t\u00f4le d&rsquo;acier emboutie de 2 mm d&rsquo;\u00e9paisseur<\/p>\n<p>Pieds en tubes d&rsquo;aluminium carr\u00e9s de 40 x 40 mm<br \/>\nTiges d&rsquo;ouverture des pieds en acier inoxydable de 8 mm de diam\u00e8tre<br \/>\nSyst\u00e8me de verrouillage des tiges par encliquetage<br \/>\nPieds en nylon pour le r\u00e9glage de la hauteur des pieds<br \/>\nRev\u00eatement en poudre blanc (RAL 9010)<br \/>\nLogo TIM d\u00e9coup\u00e9 au laser sur le bord lat\u00e9ral<\/p>\n","protected":false},"featured_media":8931,"template":"","meta":[],"product_brand":[],"product_cat":[82],"product_tag":[],"class_list":{"0":"post-7463","1":"product","2":"type-product","3":"status-publish","4":"has-post-thumbnail","6":"product_cat-accessoires-de-connexion-pour-les-reseaux-telecommunications","8":"first","9":"instock","10":"shipping-taxable","11":"product-type-external"},"_links":{"self":[{"href":"https:\/\/siltisud.com\/fr\/wp-json\/wp\/v2\/product\/7463","targetHints":{"allow":["GET"]}}],"collection":[{"href":"https:\/\/siltisud.com\/fr\/wp-json\/wp\/v2\/product"}],"about":[{"href":"https:\/\/siltisud.com\/fr\/wp-json\/wp\/v2\/types\/product"}],"wp:featuredmedia":[{"embeddable":true,"href":"https:\/\/siltisud.com\/fr\/wp-json\/wp\/v2\/media\/8931"}],"wp:attachment":[{"href":"https:\/\/siltisud.com\/fr\/wp-json\/wp\/v2\/media?parent=7463"}],"wp:term":[{"taxonomy":"product_brand","embeddable":true,"href":"https:\/\/siltisud.com\/fr\/wp-json\/wp\/v2\/product_brand?post=7463"},{"taxonomy":"product_cat","embeddable":true,"href":"https:\/\/siltisud.com\/fr\/wp-json\/wp\/v2\/product_cat?post=7463"},{"taxonomy":"product_tag","embeddable":true,"href":"https:\/\/siltisud.com\/fr\/wp-json\/wp\/v2\/product_tag?post=7463"}],"curies":[{"name":"wp","href":"https:\/\/api.w.org\/{rel}","templated":true}]}}