{"id":7467,"date":"2025-10-29T15:36:24","date_gmt":"2025-10-29T14:36:24","guid":{"rendered":"https:\/\/siltisud.test3d0.it\/product\/distributore-ottico-flessibile-fod\/"},"modified":"2025-11-20T14:50:33","modified_gmt":"2025-11-20T13:50:33","slug":"distributeur-optique-flexible-fod","status":"publish","type":"product","link":"https:\/\/siltisud.com\/fr\/product\/distributeur-optique-flexible-fod\/","title":{"rendered":"Distributeur optique flexible FOD"},"content":{"rendered":"","protected":false},"excerpt":{"rendered":"<p>Il constitue la base de nombreux produits optiques, facilement personnalisables selon le type de c\u00e2bles optiques requis.<\/p>\n<p>Le principe du FOD est de regrouper tous les circuits optiques dans chaque tiroir, en les s\u00e9parant en zones sp\u00e9cialis\u00e9es.<\/p>\n<p><strong>Construction:<\/strong><\/p>\n<p>Un socle, un tiroir d&rsquo;extension optique solidement fix\u00e9 sur le c\u00f4t\u00e9 du socle et un couvercle anti-poussi\u00e8re transparent.<\/p>\n<p><strong>Utilisation:<\/strong><\/p>\n<p>Le FOD est utilis\u00e9 pour la cr\u00e9ation de r\u00e9seaux de fibre optique.<\/p>\n<p>Il s&rsquo;installe dans des baies ETSI ou 19 pouces et facilite la gestion des c\u00e2bles.<\/p>\n<p><strong>Mat\u00e9riaux:<\/strong><br \/>\nCh\u00e2ssis en polycarbonate, connecteurs FC.<\/p>\n<p><strong>Performances:<\/strong><\/p>\n<p>Jusqu&rsquo;\u00e0 12 \u00e9pissures.<\/p>\n<p>Jusqu&rsquo;\u00e0 12 terminaisons de fibre.<\/p>\n<p>Zone de circulation pour les pigtails ou les fan-outs.<\/p>\n<p>R\u00e9serve pour les fibres exc\u00e9dentaires.<\/p>\n<p>Espace d\u00e9di\u00e9 au logement de 6 composants optiques suppl\u00e9mentaires (r\u00e9partiteurs, WDM) ou d&rsquo;\u00e9pissures suppl\u00e9mentaires.<\/p>\n","protected":false},"featured_media":8907,"template":"","meta":[],"product_brand":[],"product_cat":[82],"product_tag":[],"class_list":{"0":"post-7467","1":"product","2":"type-product","3":"status-publish","4":"has-post-thumbnail","6":"product_cat-accessoires-de-connexion-pour-les-reseaux-telecommunications","8":"first","9":"instock","10":"shipping-taxable","11":"product-type-external"},"_links":{"self":[{"href":"https:\/\/siltisud.com\/fr\/wp-json\/wp\/v2\/product\/7467","targetHints":{"allow":["GET"]}}],"collection":[{"href":"https:\/\/siltisud.com\/fr\/wp-json\/wp\/v2\/product"}],"about":[{"href":"https:\/\/siltisud.com\/fr\/wp-json\/wp\/v2\/types\/product"}],"wp:featuredmedia":[{"embeddable":true,"href":"https:\/\/siltisud.com\/fr\/wp-json\/wp\/v2\/media\/8907"}],"wp:attachment":[{"href":"https:\/\/siltisud.com\/fr\/wp-json\/wp\/v2\/media?parent=7467"}],"wp:term":[{"taxonomy":"product_brand","embeddable":true,"href":"https:\/\/siltisud.com\/fr\/wp-json\/wp\/v2\/product_brand?post=7467"},{"taxonomy":"product_cat","embeddable":true,"href":"https:\/\/siltisud.com\/fr\/wp-json\/wp\/v2\/product_cat?post=7467"},{"taxonomy":"product_tag","embeddable":true,"href":"https:\/\/siltisud.com\/fr\/wp-json\/wp\/v2\/product_tag?post=7467"}],"curies":[{"name":"wp","href":"https:\/\/api.w.org\/{rel}","templated":true}]}}