{"id":7471,"date":"2025-10-29T15:31:59","date_gmt":"2025-10-29T14:31:59","guid":{"rendered":"https:\/\/siltisud.test3d0.it\/product\/attrezzo-di-connessione-universale-per-terminazioni-idc-972\/"},"modified":"2025-11-20T14:50:45","modified_gmt":"2025-11-20T13:50:45","slug":"outil-de-connexion-universel-pour-terminaisons-idc-972","status":"publish","type":"product","link":"https:\/\/siltisud.com\/fr\/product\/outil-de-connexion-universel-pour-terminaisons-idc-972\/","title":{"rendered":"Outil de connexion universel pour terminaisons IDC (972)"},"content":{"rendered":"","protected":false},"excerpt":{"rendered":"<p>Outil de connexion universel pour terminaisons IDC (972)<\/p>\n<p>(Outil \u00e0 impact IDC Y 2014)<\/p>\n<p>Fabriqu\u00e9 en Italie<\/p>\n<p>Produit enti\u00e8rement fabriqu\u00e9 en Italie.<\/p>\n<p><strong>Caract\u00e9ristiques techniques:<\/strong><\/p>\n<p>&#8211; Permet de terminer les conducteurs dans les modules et barrettes IDC avec CT 902 &#8211; 911 &#8211; 921 &#8211; 1256<\/p>\n<p>&#8211; Comporte une t\u00eate polaris\u00e9e pour guider le fil dans l&rsquo;IDC<\/p>\n<p>&#8211; Comprend les outils d&rsquo;extraction du conducteur, du connecteur et du porte-paratonnerre.<\/p>\n<p>Simple et facile d&rsquo;utilisation, il permet de connecter, couper et d\u00e9connecter le conducteur.<\/p>\n<p>En fin de course, la lame de l&rsquo;outil coupe l&rsquo;exc\u00e9dent de fil.<\/p>\n<p>Une rotation de 90\u00b0 du bouton central d\u00e9sactive la lame de coupe, permettant ainsi de r\u00e9aliser des connexions sans couper le fil.<\/p>\n<p>Les conducteurs sont d\u00e9connect\u00e9s \u00e0 l&rsquo;aide du crochet amovible pr\u00e9vu \u00e0 cet effet.<\/p>\n<p><strong>Caract\u00e9ristiques:<\/strong><\/p>\n<p>Mat\u00e9riau du corps\u00a0: Polycarbonate autoextinguible non charg\u00e9<br \/>\nMat\u00e9riau de l\u2019outil\u00a0: Acier inoxydable<\/p>\n<p>Couleur\u00a0: Gris vitre RAL 7040 \/ Rouge signalisation RAL 3020<br \/>\nContenu de la bo\u00eete\u00a0: 1 outil, dimensions (mm)\u00a0: environ 190\u00a0\u00d7\u00a040\u00a0\u00d7\u00a030<\/p>\n","protected":false},"featured_media":8875,"template":"","meta":[],"product_brand":[],"product_cat":[82],"product_tag":[],"class_list":{"0":"post-7471","1":"product","2":"type-product","3":"status-publish","4":"has-post-thumbnail","6":"product_cat-accessoires-de-connexion-pour-les-reseaux-telecommunications","8":"first","9":"instock","10":"shipping-taxable","11":"product-type-external"},"_links":{"self":[{"href":"https:\/\/siltisud.com\/fr\/wp-json\/wp\/v2\/product\/7471","targetHints":{"allow":["GET"]}}],"collection":[{"href":"https:\/\/siltisud.com\/fr\/wp-json\/wp\/v2\/product"}],"about":[{"href":"https:\/\/siltisud.com\/fr\/wp-json\/wp\/v2\/types\/product"}],"wp:featuredmedia":[{"embeddable":true,"href":"https:\/\/siltisud.com\/fr\/wp-json\/wp\/v2\/media\/8875"}],"wp:attachment":[{"href":"https:\/\/siltisud.com\/fr\/wp-json\/wp\/v2\/media?parent=7471"}],"wp:term":[{"taxonomy":"product_brand","embeddable":true,"href":"https:\/\/siltisud.com\/fr\/wp-json\/wp\/v2\/product_brand?post=7471"},{"taxonomy":"product_cat","embeddable":true,"href":"https:\/\/siltisud.com\/fr\/wp-json\/wp\/v2\/product_cat?post=7471"},{"taxonomy":"product_tag","embeddable":true,"href":"https:\/\/siltisud.com\/fr\/wp-json\/wp\/v2\/product_tag?post=7471"}],"curies":[{"name":"wp","href":"https:\/\/api.w.org\/{rel}","templated":true}]}}