{"id":7475,"date":"2025-10-29T15:23:21","date_gmt":"2025-10-29T14:23:21","guid":{"rendered":"https:\/\/siltisud.test3d0.it\/product\/porta-scaricatori-per-moduli-idc\/"},"modified":"2025-11-20T14:50:59","modified_gmt":"2025-11-20T13:50:59","slug":"support-de-dechargeur-pour-modules-idc","status":"publish","type":"product","link":"https:\/\/siltisud.com\/fr\/product\/support-de-dechargeur-pour-modules-idc\/","title":{"rendered":"Support de d\u00e9chargeur pour modules IDC"},"content":{"rendered":"","protected":false},"excerpt":{"rendered":"<p>La s\u00e9rie QCS est un syst\u00e8me complet de connexion de c\u00e2bles \u00e0 paires torsad\u00e9es en cuivre pour les t\u00e9l\u00e9communications, depuis les r\u00e9partiteurs centraux de petite et moyenne taille jusqu&rsquo;aux r\u00e9seaux d&rsquo;acc\u00e8s et m\u00eame aux r\u00e9partiteurs pour syst\u00e8mes internes.<\/p>\n<p>De par la conception de ses connecteurs, la s\u00e9rie QCS est particuli\u00e8rement adapt\u00e9e aux r\u00e9seaux d&rsquo;acc\u00e8s, notamment pour le dernier kilom\u00e8tre.<\/p>\n<p>Ces connecteurs utilisent des contacts IDC de pointe bas\u00e9s sur le principe du \u00ab\u00a0cylindre fendu\u00a0\u00bb. Sur les connecteurs d\u00e9connectables, ce contact est plaqu\u00e9 or pour une fiabilit\u00e9 maximale.<\/p>\n<p>Les connecteurs sont disponibles en versions 5 et 10 paires, d\u00e9connectables, de brassage, extra-plats et hybrides IDC\/\u00e0 vis.<\/p>\n<p>Les connecteurs d\u00e9connectables standard pr\u00e9sentent la particularit\u00e9 de permettre la d\u00e9connexion, la commutation et les tests m\u00eame avec une protection contre la foudre install\u00e9e.<\/p>\n<p><strong>Mat\u00e9riaux:<\/strong><\/p>\n<p>Mat\u00e9riau du corps : Polycarbonate renforc\u00e9 de fibres de verre<\/p>\n<p>Auto-extinguible : V0 (UL94)<\/p>\n<p>Mat\u00e9riaux des contacts : Bronze phosphoreux<\/p>\n<p>Rev\u00eatement : Sn-Ni + Au (1,27 \u00b5m) sur les contacts isolants<\/p>\n<p>Sp\u00e9cifications m\u00e9caniques :<\/p>\n<p>Force d&rsquo;extraction radiale, \u00d8 0,4 : &gt; 4 N<\/p>\n<p>Force d&rsquo;extraction radiale, \u00d8 0,6 : &gt; 8 N<\/p>\n<p>Force d&rsquo;extraction axiale, \u00d8 0,4 : &gt; 10 N<\/p>\n<p>Force d&rsquo;extraction axiale, \u00d8 0,6 : &gt; 20 N<\/p>\n<p>Sp\u00e9cifications \u00e9lectriques :<\/p>\n<p>R\u00e9sistance de contact : &lt; 5 m\u03a9<\/p>\n<p>R\u00e9sistance d&rsquo;isolement : &gt; 50 G\u03a9 \u00e0 100 V CA<br \/>\nRigueur \u00e9lectrique : 2\u00a0000 Vrms, 50 Hz, 1 min<br \/>\nCaract\u00e9ristiques de transmission : Cat\u00e9gorie 3 EIA\/TIA568A<\/p>\n<p><strong>Connecteurs:<\/strong><\/p>\n<p>QCS10 (d\u00e9connexion 10 paires) : Diam\u00e8tre du conducteur 0,4-0,6 mm. Contacts de d\u00e9connexion plaqu\u00e9s or. \u00c9change et d\u00e9connexion possibles m\u00eame avec la protection install\u00e9e. Guide-c\u00e2ble int\u00e9gr\u00e9.<\/p>\n<p>QCS10L (Guide-c\u00e2ble 10 paires, entr\u00e9e gauche)\u00a0: Diam\u00e8tre du conducteur\u00a0: 0,4-0,6 mm. Contacts de d\u00e9connexion plaqu\u00e9s or. \u00c9change et d\u00e9connexion possibles m\u00eame avec la protection install\u00e9e. Guide-c\u00e2ble int\u00e9gr\u00e9.<\/p>\n<p>QCS10R (Guide-c\u00e2ble 10 paires, entr\u00e9e droite)\u00a0: Diam\u00e8tre du conducteur\u00a0: 0,4-0,6 mm. Contacts de d\u00e9connexion plaqu\u00e9s or. \u00c9change et d\u00e9connexion possibles m\u00eame avec la protection install\u00e9e. Guide-c\u00e2ble int\u00e9gr\u00e9.<\/p>\n<p>QCSCREW (D\u00e9connexion par vis 10 paires IDC)\u00a0: Diam\u00e8tre du conducteur\u00a0: 0,4-0,6 mm c\u00f4t\u00e9 IDC. Diam\u00e8tre du conducteur jusqu\u2019\u00e0 1,5 mm c\u00f4t\u00e9 vis. Compatible avec les accessoires et protections QCS.<\/p>\n<p>Syst\u00e8mes de protection\u00a0:<\/p>\n<p>QCSGAM230<\/p>\n<p>(\u00c9quip\u00e9 de 20 GDTS bipolaires, 230\u00a0V)<\/p>\n<p>Tr\u00e8s compact. Construction en polycarbonate V0.<\/p>\n<p>Accepte les parafoudres bipolaires \u00e0 bouton.<\/p>\n<p>Disponible pr\u00e9-\u00e9quip\u00e9<\/p>\n<p>de parafoudres 230 V ou 250 V, 10 A\/20 kA.<\/p>\n<p>QCSGAM250<\/p>\n<p>(\u00c9quip\u00e9 de 20 parafoudres bipolaires GDTS, 250 V)<\/p>\n<p>Tr\u00e8s compact.<\/p>\n<p>Construction en polycarbonate V0.<\/p>\n<p>Accepte les parafoudres bipolaires \u00e0 bouton.<br \/>\nDisponible pr\u00e9-\u00e9quip\u00e9<\/p>\n<p>de parafoudres 230 V ou 250 V, 10 A\/20 kA.<\/p>\n","protected":false},"featured_media":8920,"template":"","meta":[],"product_brand":[],"product_cat":[82],"product_tag":[],"class_list":{"0":"post-7475","1":"product","2":"type-product","3":"status-publish","4":"has-post-thumbnail","6":"product_cat-accessoires-de-connexion-pour-les-reseaux-telecommunications","8":"first","9":"instock","10":"shipping-taxable","11":"product-type-external"},"_links":{"self":[{"href":"https:\/\/siltisud.com\/fr\/wp-json\/wp\/v2\/product\/7475","targetHints":{"allow":["GET"]}}],"collection":[{"href":"https:\/\/siltisud.com\/fr\/wp-json\/wp\/v2\/product"}],"about":[{"href":"https:\/\/siltisud.com\/fr\/wp-json\/wp\/v2\/types\/product"}],"wp:featuredmedia":[{"embeddable":true,"href":"https:\/\/siltisud.com\/fr\/wp-json\/wp\/v2\/media\/8920"}],"wp:attachment":[{"href":"https:\/\/siltisud.com\/fr\/wp-json\/wp\/v2\/media?parent=7475"}],"wp:term":[{"taxonomy":"product_brand","embeddable":true,"href":"https:\/\/siltisud.com\/fr\/wp-json\/wp\/v2\/product_brand?post=7475"},{"taxonomy":"product_cat","embeddable":true,"href":"https:\/\/siltisud.com\/fr\/wp-json\/wp\/v2\/product_cat?post=7475"},{"taxonomy":"product_tag","embeddable":true,"href":"https:\/\/siltisud.com\/fr\/wp-json\/wp\/v2\/product_tag?post=7475"}],"curies":[{"name":"wp","href":"https:\/\/api.w.org\/{rel}","templated":true}]}}