{"id":7479,"date":"2025-10-29T15:18:11","date_gmt":"2025-10-29T14:18:11","guid":{"rendered":"https:\/\/siltisud.test3d0.it\/product\/blocco-idc-di-terminazione-verticale-a-55-60-o-100-coppie\/"},"modified":"2025-11-20T14:51:12","modified_gmt":"2025-11-20T13:51:12","slug":"bloc-idc-a-terminaison-verticale-55-60-ou-100-paires","status":"publish","type":"product","link":"https:\/\/siltisud.com\/fr\/product\/bloc-idc-a-terminaison-verticale-55-60-ou-100-paires\/","title":{"rendered":"Bloc IDC \u00e0 terminaison verticale 55\/60 ou 100 paires"},"content":{"rendered":"","protected":false},"excerpt":{"rendered":"<p>Les produits de la s\u00e9rie ITS constituent un syst\u00e8me complet de panneaux de brassage pour c\u00e2bles \u00e0 paires torsad\u00e9es en cuivre.<\/p>\n<p>Ils sont principalement utilis\u00e9s dans les centraux t\u00e9l\u00e9phoniques publics ou priv\u00e9s de moyenne et grande taille, bien que certains mod\u00e8les puissent \u00e9galement servir de points de connexion pour r\u00e9seaux publics dans de petits panneaux de brassage priv\u00e9s.<\/p>\n<p>Les produits ITS offrent les caract\u00e9ristiques sp\u00e9cifiques des panneaux de brassage, telles qu&rsquo;une haute densit\u00e9, un syst\u00e8me de guidage de c\u00e2bles int\u00e9gr\u00e9, une protection et la possibilit\u00e9 de basculer entre commutateurs.<\/p>\n<p>Les barrettes sont disponibles dans une large gamme de configurations\u00a0: verticales, horizontales, sectionnables et de connexion seule, avec 60 ou 128 paires.<\/p>\n<p>La qualit\u00e9 de ces produits est une priorit\u00e9 pour SILTI SUD\u00a0; tous les produits sont fabriqu\u00e9s par assemblage automatis\u00e9 et \u00e0 partir de mati\u00e8res premi\u00e8res de premi\u00e8re qualit\u00e9.<\/p>\n<p><strong>Caract\u00e9ristiques:<\/strong><\/p>\n<p>Barret de connexion vertical \u00e0 55\/60 ou 100 paires<\/p>\n<p>Blocs 11\/12\/20, 5 paires chacun<\/p>\n<p>Double connecteur IDC<\/p>\n<p>D\u00e9connexion par contacts argent\u00e9s<\/p>\n<p>Pas de 180\u00a0mm (310\u00a0mm pour 07F499\/100)<\/p>\n<p>Guide-c\u00e2ble int\u00e9gr\u00e9<br \/>\nCache-contacts amovible<\/p>\n<p>Couleur grise avec caches-contacts gris et marron.<\/p>\n","protected":false},"featured_media":8936,"template":"","meta":[],"product_brand":[],"product_cat":[82],"product_tag":[],"class_list":{"0":"post-7479","1":"product","2":"type-product","3":"status-publish","4":"has-post-thumbnail","6":"product_cat-accessoires-de-connexion-pour-les-reseaux-telecommunications","8":"first","9":"instock","10":"shipping-taxable","11":"product-type-external"},"_links":{"self":[{"href":"https:\/\/siltisud.com\/fr\/wp-json\/wp\/v2\/product\/7479","targetHints":{"allow":["GET"]}}],"collection":[{"href":"https:\/\/siltisud.com\/fr\/wp-json\/wp\/v2\/product"}],"about":[{"href":"https:\/\/siltisud.com\/fr\/wp-json\/wp\/v2\/types\/product"}],"wp:featuredmedia":[{"embeddable":true,"href":"https:\/\/siltisud.com\/fr\/wp-json\/wp\/v2\/media\/8936"}],"wp:attachment":[{"href":"https:\/\/siltisud.com\/fr\/wp-json\/wp\/v2\/media?parent=7479"}],"wp:term":[{"taxonomy":"product_brand","embeddable":true,"href":"https:\/\/siltisud.com\/fr\/wp-json\/wp\/v2\/product_brand?post=7479"},{"taxonomy":"product_cat","embeddable":true,"href":"https:\/\/siltisud.com\/fr\/wp-json\/wp\/v2\/product_cat?post=7479"},{"taxonomy":"product_tag","embeddable":true,"href":"https:\/\/siltisud.com\/fr\/wp-json\/wp\/v2\/product_tag?post=7479"}],"curies":[{"name":"wp","href":"https:\/\/api.w.org\/{rel}","templated":true}]}}