{"id":7483,"date":"2025-10-29T15:15:59","date_gmt":"2025-10-29T14:15:59","guid":{"rendered":"https:\/\/siltisud.test3d0.it\/product\/fibbia-reggi-cavetto\/"},"modified":"2025-11-20T14:51:39","modified_gmt":"2025-11-20T13:51:39","slug":"boucle-de-maintien-du-cable","status":"publish","type":"product","link":"https:\/\/siltisud.com\/fr\/product\/boucle-de-maintien-du-cable\/","title":{"rendered":"Boucle de maintien du c\u00e2ble"},"content":{"rendered":"","protected":false},"excerpt":{"rendered":"<p><strong>Caract\u00e9ristiques:<\/strong><\/p>\n<p>&#8211; Boucle de maintien du c\u00e2ble<\/p>\n<p>&#8211; \u00c0 utiliser avec le support autobloquant pour poteau de t\u00e9l\u00e9communications<\/p>\n<p>&#8211; Nylon noir haute performance<\/p>\n<p>&#8211; Dimensions avec boucle ouverte\u00a0: 110\u00a0x\u00a045\u00a0mm<\/p>\n","protected":false},"featured_media":8911,"template":"","meta":[],"product_brand":[],"product_cat":[82],"product_tag":[],"class_list":{"0":"post-7483","1":"product","2":"type-product","3":"status-publish","4":"has-post-thumbnail","6":"product_cat-accessoires-de-connexion-pour-les-reseaux-telecommunications","8":"first","9":"instock","10":"shipping-taxable","11":"product-type-external"},"_links":{"self":[{"href":"https:\/\/siltisud.com\/fr\/wp-json\/wp\/v2\/product\/7483","targetHints":{"allow":["GET"]}}],"collection":[{"href":"https:\/\/siltisud.com\/fr\/wp-json\/wp\/v2\/product"}],"about":[{"href":"https:\/\/siltisud.com\/fr\/wp-json\/wp\/v2\/types\/product"}],"wp:featuredmedia":[{"embeddable":true,"href":"https:\/\/siltisud.com\/fr\/wp-json\/wp\/v2\/media\/8911"}],"wp:attachment":[{"href":"https:\/\/siltisud.com\/fr\/wp-json\/wp\/v2\/media?parent=7483"}],"wp:term":[{"taxonomy":"product_brand","embeddable":true,"href":"https:\/\/siltisud.com\/fr\/wp-json\/wp\/v2\/product_brand?post=7483"},{"taxonomy":"product_cat","embeddable":true,"href":"https:\/\/siltisud.com\/fr\/wp-json\/wp\/v2\/product_cat?post=7483"},{"taxonomy":"product_tag","embeddable":true,"href":"https:\/\/siltisud.com\/fr\/wp-json\/wp\/v2\/product_tag?post=7483"}],"curies":[{"name":"wp","href":"https:\/\/api.w.org\/{rel}","templated":true}]}}