{"id":7487,"date":"2025-10-29T15:10:10","date_gmt":"2025-10-29T14:10:10","guid":{"rendered":"https:\/\/siltisud.test3d0.it\/product\/canalina-di-copertura-per-cavi-sotterranei\/"},"modified":"2025-11-20T14:51:47","modified_gmt":"2025-11-20T13:51:47","slug":"conduit-de-protection-pour-cables-souterrains","status":"publish","type":"product","link":"https:\/\/siltisud.com\/fr\/product\/conduit-de-protection-pour-cables-souterrains\/","title":{"rendered":"Conduit de protection pour c\u00e2bles souterrains"},"content":{"rendered":"","protected":false},"excerpt":{"rendered":"<p><strong>Utilisation:<\/strong><\/p>\n<p>Ce conduit sert \u00e0 recouvrir les c\u00e2bles souterrains (\u00e9lectriques, t\u00e9l\u00e9phoniques, \u00e0 fibre optique, etc.) et \u00e0 les prot\u00e9ger contre l&rsquo;\u00e9crasement et les chocs accidentels.<\/p>\n<p><strong>Mat\u00e9riau:<\/strong><\/p>\n<p>Thermoplastique moul\u00e9 \u00e0 chaud.<\/p>\n<p>Caract\u00e9ristiques :<br \/>\nLa gaine est dot\u00e9e de rainures et de protub\u00e9rances sur sa partie courbe, assurant une rigidit\u00e9 optimale.<\/p>\n<p>Elle peut \u00eatre embo\u00eet\u00e9e successivement \u00e0 d&rsquo;autres gaines gr\u00e2ce \u00e0 un bord chevauchant, comme illustr\u00e9.<\/p>\n<p>Sur ses bords en contact avec le sol, la gaine est munie de pointes orient\u00e9es vers le bas pour \u00e9viter tout mouvement ou d\u00e9formation en cas d&rsquo;\u00e9crasement ou de choc sous charge.<\/p>\n<p>Gr\u00e2ce \u00e0 sa l\u00e9g\u00e8ret\u00e9, elle est beaucoup plus facile \u00e0 manipuler que les gaines en b\u00e9ton ou r\u00e9fractaires classiques et \u00e9limine tout risque de rupture lors d&rsquo;une chute ou d&rsquo;une installation.<\/p>\n<p><strong>Performances:<\/strong><\/p>\n<p>Test d&rsquo;\u00e9crasement : Le test a \u00e9t\u00e9 r\u00e9alis\u00e9 en soumettant la gaine de c\u00e2ble \u00e0 une charge r\u00e9partie de 1\u00a0000 kg pendant 20 minutes, conform\u00e9ment \u00e0 la norme UNI 4095 relative aux produits en b\u00e9ton pour c\u00e2bles enterr\u00e9s. Apr\u00e8s 20 minutes, la gaine de c\u00e2ble \u00e9tait en parfait \u00e9tat.<\/p>\n<p>Tests de percussion : Des tests de percussion r\u00e9p\u00e9t\u00e9s ont \u00e9t\u00e9 effectu\u00e9s avec une tige de 10 kg termin\u00e9e par une pointe sph\u00e9rique ciment\u00e9e, conform\u00e9ment \u00e0 la norme UNI 4095, et l\u00e2ch\u00e9e d&rsquo;une hauteur de 50 cm sans dommage.<\/p>\n<p>Test de rupture : 1\u00a0000 kg\/m.<\/p>\n<p>R\u00e9sistance aux agents agressifs \u00e9ventuellement pr\u00e9sents dans le sol et \u00e0 une plage de temp\u00e9ratures de -20 \u00b0C \u00e0 +60 \u00b0C.<\/p>\n<p>Dimensions : 500 mm de longueur pour chaque module.<\/p>\n<p>Hauteur utile maximale : 75 mm &#8211; Largeur utile maximale : 75 mm &#8211; \u00c9paisseur : 3 mm.<\/p>\n<p>Couleurs : Au choix du client.<\/p>\n<p>Poids : 450 g.<\/p>\n","protected":false},"featured_media":8904,"template":"","meta":[],"product_brand":[],"product_cat":[82],"product_tag":[],"class_list":{"0":"post-7487","1":"product","2":"type-product","3":"status-publish","4":"has-post-thumbnail","6":"product_cat-accessoires-de-connexion-pour-les-reseaux-telecommunications","8":"first","9":"instock","10":"shipping-taxable","11":"product-type-external"},"_links":{"self":[{"href":"https:\/\/siltisud.com\/fr\/wp-json\/wp\/v2\/product\/7487","targetHints":{"allow":["GET"]}}],"collection":[{"href":"https:\/\/siltisud.com\/fr\/wp-json\/wp\/v2\/product"}],"about":[{"href":"https:\/\/siltisud.com\/fr\/wp-json\/wp\/v2\/types\/product"}],"wp:featuredmedia":[{"embeddable":true,"href":"https:\/\/siltisud.com\/fr\/wp-json\/wp\/v2\/media\/8904"}],"wp:attachment":[{"href":"https:\/\/siltisud.com\/fr\/wp-json\/wp\/v2\/media?parent=7487"}],"wp:term":[{"taxonomy":"product_brand","embeddable":true,"href":"https:\/\/siltisud.com\/fr\/wp-json\/wp\/v2\/product_brand?post=7487"},{"taxonomy":"product_cat","embeddable":true,"href":"https:\/\/siltisud.com\/fr\/wp-json\/wp\/v2\/product_cat?post=7487"},{"taxonomy":"product_tag","embeddable":true,"href":"https:\/\/siltisud.com\/fr\/wp-json\/wp\/v2\/product_tag?post=7487"}],"curies":[{"name":"wp","href":"https:\/\/api.w.org\/{rel}","templated":true}]}}