{"id":7495,"date":"2025-10-29T15:01:51","date_gmt":"2025-10-29T14:01:51","guid":{"rendered":"https:\/\/siltisud.test3d0.it\/product\/blocco-idc-di-terminazione-orizzontale-a-64-o-96-coppie\/"},"modified":"2025-11-20T14:52:09","modified_gmt":"2025-11-20T13:52:09","slug":"bloc-idc-a-terminaison-horizontale-64-ou-96-paires","status":"publish","type":"product","link":"https:\/\/siltisud.com\/fr\/product\/bloc-idc-a-terminaison-horizontale-64-ou-96-paires\/","title":{"rendered":"Bloc IDC \u00e0 terminaison horizontale 64 ou 96 paires"},"content":{"rendered":"","protected":false},"excerpt":{"rendered":"<p>Les produits de la s\u00e9rie ITS constituent un syst\u00e8me complet de panneaux de brassage pour c\u00e2bles \u00e0 paires torsad\u00e9es en cuivre.<\/p>\n<p>Ils sont principalement utilis\u00e9s dans les centraux t\u00e9l\u00e9phoniques publics ou priv\u00e9s de moyenne et grande taille, bien que certains produits puissent \u00e9galement servir de point de connexion au r\u00e9seau public dans les petits panneaux de brassage priv\u00e9s.<\/p>\n<p>Les produits ITS offrent les caract\u00e9ristiques sp\u00e9cifiques des panneaux de brassage, telles que la haute densit\u00e9, un syst\u00e8me de guidage de c\u00e2bles int\u00e9gr\u00e9, la protection et la possibilit\u00e9 de basculement entre commutateurs.<\/p>\n<p>Les barrettes sont disponibles dans une large gamme\u00a0: verticales, horizontales, sectionnables et de connexion seule, avec 60 ou 128 paires.<\/p>\n<p>La qualit\u00e9 de ces produits est une priorit\u00e9 pour SILTI SUD\u00a0; tous les produits sont fabriqu\u00e9s par assemblage automatis\u00e9 et les mati\u00e8res premi\u00e8res utilis\u00e9es sont de premi\u00e8re qualit\u00e9.<\/p>\n<p><strong>Caract\u00e9ristiques:<\/strong><br \/>\nBarrette de connexion horizontale 64 ou 96 paires<\/p>\n<p>16 (25) blocs de 4 paires chacun<\/p>\n<p>Connecteur IDC triple fente<br \/>\nPas de montage\u00a0: 180 (280) mm<\/p>\n<p>Guide-c\u00e2bles int\u00e9gr\u00e9<br \/>\nCouvercle anti-poussi\u00e8re amovible<br \/>\nColoris\u00a0: gris et marron altern\u00e9s.<\/p>\n","protected":false},"featured_media":8885,"template":"","meta":[],"product_brand":[],"product_cat":[82],"product_tag":[],"class_list":{"0":"post-7495","1":"product","2":"type-product","3":"status-publish","4":"has-post-thumbnail","6":"product_cat-accessoires-de-connexion-pour-les-reseaux-telecommunications","8":"first","9":"instock","10":"shipping-taxable","11":"product-type-external"},"_links":{"self":[{"href":"https:\/\/siltisud.com\/fr\/wp-json\/wp\/v2\/product\/7495","targetHints":{"allow":["GET"]}}],"collection":[{"href":"https:\/\/siltisud.com\/fr\/wp-json\/wp\/v2\/product"}],"about":[{"href":"https:\/\/siltisud.com\/fr\/wp-json\/wp\/v2\/types\/product"}],"wp:featuredmedia":[{"embeddable":true,"href":"https:\/\/siltisud.com\/fr\/wp-json\/wp\/v2\/media\/8885"}],"wp:attachment":[{"href":"https:\/\/siltisud.com\/fr\/wp-json\/wp\/v2\/media?parent=7495"}],"wp:term":[{"taxonomy":"product_brand","embeddable":true,"href":"https:\/\/siltisud.com\/fr\/wp-json\/wp\/v2\/product_brand?post=7495"},{"taxonomy":"product_cat","embeddable":true,"href":"https:\/\/siltisud.com\/fr\/wp-json\/wp\/v2\/product_cat?post=7495"},{"taxonomy":"product_tag","embeddable":true,"href":"https:\/\/siltisud.com\/fr\/wp-json\/wp\/v2\/product_tag?post=7495"}],"curies":[{"name":"wp","href":"https:\/\/api.w.org\/{rel}","templated":true}]}}