{"id":7541,"date":"2025-10-29T12:19:54","date_gmt":"2025-10-29T11:19:54","guid":{"rendered":"https:\/\/siltisud.test3d0.it\/product\/poggiapalo\/"},"modified":"2025-12-03T15:59:48","modified_gmt":"2025-12-03T14:59:48","slug":"verrou-de-securite-pour-echelle-composite-poles","status":"publish","type":"product","link":"https:\/\/siltisud.com\/fr\/product\/verrou-de-securite-pour-echelle-composite-poles\/","title":{"rendered":"Verrou de s\u00e9curit\u00e9 pour \u00e9chelle"},"content":{"rendered":"","protected":false},"excerpt":{"rendered":"<p><strong>Caract\u00e9ristiques:<\/strong><\/p>\n<p>Repose-barre \u00e0 roulettes pour \u00e9chelles extensibles en fibre de verre, avec sangle.<\/p>\n<p>Cet accessoire se fixe \u00e0 l&rsquo;\u00e9chelon d&rsquo;une \u00e9chelle extensible et permet \u00e0 celle-ci de reposer en toute s\u00e9curit\u00e9 sur les montants gr\u00e2ce \u00e0 deux roulettes en caoutchouc. Il est fourni avec une sangle de s\u00e9curit\u00e9.<\/p>\n<p><strong>Dimensions\u00a0:<\/strong><\/p>\n<p>Largeur\u00a0: 290\u00a0mm<\/p>\n<p>Section du montant* sur lequel le repose-barre est fix\u00e9\u00a0: 30\u00a0x\u00a030\u00a0mm<\/p>\n<p>Poids\u00a0: 2\u00a0kg<\/p>\n<p>*Sur demande, ce produit peut \u00e9galement \u00eatre fourni avec des \u00e9chelons de largeur diff\u00e9rente. Veuillez le pr\u00e9ciser dans les notes de commande.<\/p>\n<p>Vid\u00e9o :\u00a0<a href=\"https:\/\/www.youtube.com\/watch?v=jGHmufqaF80\">Link<\/a><\/p>\n","protected":false},"featured_media":10786,"template":"","meta":[],"product_brand":[],"product_cat":[88],"product_tag":[],"class_list":{"0":"post-7541","1":"product","2":"type-product","3":"status-publish","4":"has-post-thumbnail","6":"product_cat-accessoires-pour-linstallation-et-la-securite","8":"first","9":"instock","10":"shipping-taxable","11":"product-type-external"},"_links":{"self":[{"href":"https:\/\/siltisud.com\/fr\/wp-json\/wp\/v2\/product\/7541","targetHints":{"allow":["GET"]}}],"collection":[{"href":"https:\/\/siltisud.com\/fr\/wp-json\/wp\/v2\/product"}],"about":[{"href":"https:\/\/siltisud.com\/fr\/wp-json\/wp\/v2\/types\/product"}],"wp:featuredmedia":[{"embeddable":true,"href":"https:\/\/siltisud.com\/fr\/wp-json\/wp\/v2\/media\/10786"}],"wp:attachment":[{"href":"https:\/\/siltisud.com\/fr\/wp-json\/wp\/v2\/media?parent=7541"}],"wp:term":[{"taxonomy":"product_brand","embeddable":true,"href":"https:\/\/siltisud.com\/fr\/wp-json\/wp\/v2\/product_brand?post=7541"},{"taxonomy":"product_cat","embeddable":true,"href":"https:\/\/siltisud.com\/fr\/wp-json\/wp\/v2\/product_cat?post=7541"},{"taxonomy":"product_tag","embeddable":true,"href":"https:\/\/siltisud.com\/fr\/wp-json\/wp\/v2\/product_tag?post=7541"}],"curies":[{"name":"wp","href":"https:\/\/api.w.org\/{rel}","templated":true}]}}