{"id":7545,"date":"2025-10-29T12:16:58","date_gmt":"2025-10-29T11:16:58","guid":{"rendered":"https:\/\/siltisud.test3d0.it\/product\/rabbit-kit\/"},"modified":"2025-12-03T11:21:36","modified_gmt":"2025-12-03T10:21:36","slug":"dispositif-antichute-sur-poteau-rabbit-kit","status":"publish","type":"product","link":"https:\/\/siltisud.com\/fr\/product\/dispositif-antichute-sur-poteau-rabbit-kit\/","title":{"rendered":"Dispositif antichute sur poteau \u00ab\u00a0Rabbit kit\u00a0\u00bb"},"content":{"rendered":"","protected":false},"excerpt":{"rendered":"<p><strong>Description:<\/strong><\/p>\n<p>Le \u00ab Rabbit kit \u00bb est utilis\u00e9 pour la mont\u00e9e, le positionnement et la descente de poteaux en bois ou en fibre de verre \u00e0 l&rsquo;aide d&rsquo;une \u00e9chelle ou de crampons.<\/p>\n<p>Il permet \u00e0 l&rsquo;op\u00e9rateur de prendre appui au sommet du poteau pour une manipulation en toute s\u00e9curit\u00e9.<\/p>\n<p><strong>Le Kit Lapin se compose de:<\/strong><\/p>\n<p>&#8211; Une nacelle contenant le dispositif d&rsquo;ancrage transportable EN\u00a0795 classe\u00a0B avec un syst\u00e8me antichute int\u00e9gr\u00e9 EN\u00a0353.2. Poids\u00a0: 1\u00a0560\u00a0kg<\/p>\n<p>&#8211; Une perche t\u00e9lescopique non conductrice pour lever, positionner et retirer la nacelle. Poids\u00a0: 3\u00a0500\u00a0kg<\/p>\n<p>Le \u00ab\u00a0Kit Lapin\u00a0\u00bb est certifi\u00e9 CE selon les normes EN\u00a0353.2 et EN\u00a0795 classe\u00a0B.<\/p>\n<p>Sa capacit\u00e9 maximale, c&rsquo;est-\u00e0-dire avec l&rsquo;op\u00e9rateur et l&rsquo;\u00e9quipement, est de 120\u00a0daN.<\/p>\n","protected":false},"featured_media":10775,"template":"","meta":[],"product_brand":[],"product_cat":[88],"product_tag":[],"class_list":{"0":"post-7545","1":"product","2":"type-product","3":"status-publish","4":"has-post-thumbnail","6":"product_cat-accessoires-pour-linstallation-et-la-securite","8":"first","9":"instock","10":"shipping-taxable","11":"product-type-external"},"_links":{"self":[{"href":"https:\/\/siltisud.com\/fr\/wp-json\/wp\/v2\/product\/7545","targetHints":{"allow":["GET"]}}],"collection":[{"href":"https:\/\/siltisud.com\/fr\/wp-json\/wp\/v2\/product"}],"about":[{"href":"https:\/\/siltisud.com\/fr\/wp-json\/wp\/v2\/types\/product"}],"wp:featuredmedia":[{"embeddable":true,"href":"https:\/\/siltisud.com\/fr\/wp-json\/wp\/v2\/media\/10775"}],"wp:attachment":[{"href":"https:\/\/siltisud.com\/fr\/wp-json\/wp\/v2\/media?parent=7545"}],"wp:term":[{"taxonomy":"product_brand","embeddable":true,"href":"https:\/\/siltisud.com\/fr\/wp-json\/wp\/v2\/product_brand?post=7545"},{"taxonomy":"product_cat","embeddable":true,"href":"https:\/\/siltisud.com\/fr\/wp-json\/wp\/v2\/product_cat?post=7545"},{"taxonomy":"product_tag","embeddable":true,"href":"https:\/\/siltisud.com\/fr\/wp-json\/wp\/v2\/product_tag?post=7545"}],"curies":[{"name":"wp","href":"https:\/\/api.w.org\/{rel}","templated":true}]}}