{"id":7553,"date":"2025-10-29T12:09:04","date_gmt":"2025-10-29T11:09:04","guid":{"rendered":"https:\/\/siltisud.test3d0.it\/product\/staffa-distanziatrice-per-cavi-aerei\/"},"modified":"2025-12-03T16:40:44","modified_gmt":"2025-12-03T15:40:44","slug":"support-despacement-pour-cable-aerien-poteaux-composites","status":"publish","type":"product","link":"https:\/\/siltisud.com\/fr\/product\/support-despacement-pour-cable-aerien-poteaux-composites\/","title":{"rendered":"Support d&rsquo;espacement pour c\u00e2ble a\u00e9rien"},"content":{"rendered":"","protected":false},"excerpt":{"rendered":"<p><strong>Caract\u00e9ristiques\u00a0:<\/strong><\/p>\n<p>L\u2019entretoise pour c\u00e2bles a\u00e9riens est con\u00e7ue pour espacer les lignes \u00e9lectriques a\u00e9riennes sur les poteaux en fibre de verre et en bois.<\/p>\n<p>Elle convient aux c\u00e2bles \u00e0 fibre optique, aux c\u00e2bles en cuivre et aux c\u00e2bles basse tension.<\/p>\n<p><strong>Description\u00a0:<\/strong><\/p>\n<p>L\u2019entretoise pour c\u00e2bles a\u00e9riens est fabriqu\u00e9e en acier galvanis\u00e9 \u00e0 chaud.<\/p>\n<p>Elle mesure 600\u00a0mm de long. La section en L mesure 40\u00a0mm de c\u00f4t\u00e9. Le trou a un diam\u00e8tre de 10\u00a0mm.<\/p>\n<p>Elle se fixe au poteau \u00e0 l\u2019aide de pinces passant dans deux rails pr\u00e9vus \u00e0 cet effet.<\/p>\n","protected":false},"featured_media":10800,"template":"","meta":[],"product_brand":[],"product_cat":[88],"product_tag":[],"class_list":{"0":"post-7553","1":"product","2":"type-product","3":"status-publish","4":"has-post-thumbnail","6":"product_cat-accessoires-pour-linstallation-et-la-securite","8":"first","9":"instock","10":"shipping-taxable","11":"product-type-external"},"_links":{"self":[{"href":"https:\/\/siltisud.com\/fr\/wp-json\/wp\/v2\/product\/7553","targetHints":{"allow":["GET"]}}],"collection":[{"href":"https:\/\/siltisud.com\/fr\/wp-json\/wp\/v2\/product"}],"about":[{"href":"https:\/\/siltisud.com\/fr\/wp-json\/wp\/v2\/types\/product"}],"wp:featuredmedia":[{"embeddable":true,"href":"https:\/\/siltisud.com\/fr\/wp-json\/wp\/v2\/media\/10800"}],"wp:attachment":[{"href":"https:\/\/siltisud.com\/fr\/wp-json\/wp\/v2\/media?parent=7553"}],"wp:term":[{"taxonomy":"product_brand","embeddable":true,"href":"https:\/\/siltisud.com\/fr\/wp-json\/wp\/v2\/product_brand?post=7553"},{"taxonomy":"product_cat","embeddable":true,"href":"https:\/\/siltisud.com\/fr\/wp-json\/wp\/v2\/product_cat?post=7553"},{"taxonomy":"product_tag","embeddable":true,"href":"https:\/\/siltisud.com\/fr\/wp-json\/wp\/v2\/product_tag?post=7553"}],"curies":[{"name":"wp","href":"https:\/\/api.w.org\/{rel}","templated":true}]}}