{"id":7557,"date":"2025-10-29T12:03:51","date_gmt":"2025-10-29T11:03:51","guid":{"rendered":"https:\/\/siltisud.test3d0.it\/product\/tubo-per-accessori-a-palo\/"},"modified":"2025-12-03T12:50:59","modified_gmt":"2025-12-03T11:50:59","slug":"tube-accessoire-pour-poteau-en-fibre-de-verre","status":"publish","type":"product","link":"https:\/\/siltisud.com\/fr\/product\/tube-accessoire-pour-poteau-en-fibre-de-verre\/","title":{"rendered":"Tube accessoire pour poteau en fibre de verre"},"content":{"rendered":"","protected":false},"excerpt":{"rendered":"<p><strong>Description :<\/strong><\/p>\n<p>Tube en aluminium traversant un poteau en fibre de verre.<\/p>\n<p>Il sert \u00e0 fixer les accessoires g\u00e9n\u00e9ralement utilis\u00e9s sur les poteaux en bois.<\/p>\n<p>Il est install\u00e9 \u00e0 30 cm du sommet, mais cette hauteur peut \u00eatre adapt\u00e9e aux besoins du client.<\/p>\n<p><strong>Caract\u00e9ristiques :<\/strong><\/p>\n<p>Longueur totale : 131 mm<br \/>\nDiam\u00e8tre int\u00e9rieur : 17 mm<br \/>\nDiam\u00e8tre ext\u00e9rieur : 20 mm<br \/>\n\u00c9paisseur : 3 mm<\/p>\n<p>Ces dimensions peuvent varier selon les besoins et les demandes du client.<\/p>\n","protected":false},"featured_media":10841,"template":"","meta":[],"product_brand":[],"product_cat":[88],"product_tag":[],"class_list":{"0":"post-7557","1":"product","2":"type-product","3":"status-publish","4":"has-post-thumbnail","6":"product_cat-accessoires-pour-linstallation-et-la-securite","8":"first","9":"instock","10":"shipping-taxable","11":"product-type-external"},"_links":{"self":[{"href":"https:\/\/siltisud.com\/fr\/wp-json\/wp\/v2\/product\/7557","targetHints":{"allow":["GET"]}}],"collection":[{"href":"https:\/\/siltisud.com\/fr\/wp-json\/wp\/v2\/product"}],"about":[{"href":"https:\/\/siltisud.com\/fr\/wp-json\/wp\/v2\/types\/product"}],"wp:featuredmedia":[{"embeddable":true,"href":"https:\/\/siltisud.com\/fr\/wp-json\/wp\/v2\/media\/10841"}],"wp:attachment":[{"href":"https:\/\/siltisud.com\/fr\/wp-json\/wp\/v2\/media?parent=7557"}],"wp:term":[{"taxonomy":"product_brand","embeddable":true,"href":"https:\/\/siltisud.com\/fr\/wp-json\/wp\/v2\/product_brand?post=7557"},{"taxonomy":"product_cat","embeddable":true,"href":"https:\/\/siltisud.com\/fr\/wp-json\/wp\/v2\/product_cat?post=7557"},{"taxonomy":"product_tag","embeddable":true,"href":"https:\/\/siltisud.com\/fr\/wp-json\/wp\/v2\/product_tag?post=7557"}],"curies":[{"name":"wp","href":"https:\/\/api.w.org\/{rel}","templated":true}]}}