{"id":7565,"date":"2025-10-29T11:58:19","date_gmt":"2025-10-29T10:58:19","guid":{"rendered":"https:\/\/siltisud.test3d0.it\/product\/collare-alleggerito\/"},"modified":"2025-12-03T14:38:15","modified_gmt":"2025-12-03T13:38:15","slug":"collier-leger-poteau-en-fibre-de-verre","status":"publish","type":"product","link":"https:\/\/siltisud.com\/fr\/product\/collier-leger-poteau-en-fibre-de-verre\/","title":{"rendered":"Collier l\u00e9ger"},"content":{"rendered":"","protected":false},"excerpt":{"rendered":"<p><strong>Caract\u00e9ristiques\u00a0:<\/strong><\/p>\n<p>Le collier l\u00e9ger se fixe en haut des poteaux en fibre de verre et en bois. Il permet de fixer des accessoires tels que des tendeurs.<\/p>\n<p>Le collier l\u00e9ger se compose des \u00e9l\u00e9ments suivants\u00a0:<\/p>\n<p>deux pi\u00e8ces en fer galvanis\u00e9 estamp\u00e9 \u00e0 chaud<\/p>\n<p>quatre goupilles filet\u00e9es aux extr\u00e9mit\u00e9s<\/p>\n<p>quatre \u00e9crous hauts<\/p>\n<p>quatre rondelles \u00e9lastiques<\/p>\n","protected":false},"featured_media":10737,"template":"","meta":[],"product_brand":[],"product_cat":[88],"product_tag":[],"class_list":{"0":"post-7565","1":"product","2":"type-product","3":"status-publish","4":"has-post-thumbnail","6":"product_cat-accessoires-pour-linstallation-et-la-securite","8":"first","9":"instock","10":"shipping-taxable","11":"product-type-external"},"_links":{"self":[{"href":"https:\/\/siltisud.com\/fr\/wp-json\/wp\/v2\/product\/7565","targetHints":{"allow":["GET"]}}],"collection":[{"href":"https:\/\/siltisud.com\/fr\/wp-json\/wp\/v2\/product"}],"about":[{"href":"https:\/\/siltisud.com\/fr\/wp-json\/wp\/v2\/types\/product"}],"wp:featuredmedia":[{"embeddable":true,"href":"https:\/\/siltisud.com\/fr\/wp-json\/wp\/v2\/media\/10737"}],"wp:attachment":[{"href":"https:\/\/siltisud.com\/fr\/wp-json\/wp\/v2\/media?parent=7565"}],"wp:term":[{"taxonomy":"product_brand","embeddable":true,"href":"https:\/\/siltisud.com\/fr\/wp-json\/wp\/v2\/product_brand?post=7565"},{"taxonomy":"product_cat","embeddable":true,"href":"https:\/\/siltisud.com\/fr\/wp-json\/wp\/v2\/product_cat?post=7565"},{"taxonomy":"product_tag","embeddable":true,"href":"https:\/\/siltisud.com\/fr\/wp-json\/wp\/v2\/product_tag?post=7565"}],"curies":[{"name":"wp","href":"https:\/\/api.w.org\/{rel}","templated":true}]}}