{"id":7569,"date":"2025-10-29T11:54:43","date_gmt":"2025-10-29T10:54:43","guid":{"rendered":"https:\/\/siltisud.test3d0.it\/product\/adattatore-per-armatura-stradale-led\/"},"modified":"2025-12-03T12:55:25","modified_gmt":"2025-12-03T11:55:25","slug":"adaptateur-pour-lampadaire-led-poteau-en-fibre-de-verre","status":"publish","type":"product","link":"https:\/\/siltisud.com\/fr\/product\/adaptateur-pour-lampadaire-led-poteau-en-fibre-de-verre\/","title":{"rendered":"Adaptateur pour lampadaire LED"},"content":{"rendered":"","protected":false},"excerpt":{"rendered":"<p>Adaptateur r\u00e9duisant la circonf\u00e9rence des poteaux en fibre de verre \u00e0 60\u00a0mm. Cette dimension correspond \u00e0 la norme internationale pour l\u2019\u00e9clairage public LED.<\/p>\n<p>Un choix de couleurs est disponible, souvent assorti \u00e0 la couleur du poteau, comme illustr\u00e9 sur les photos.<\/p>\n<p>\u00c9quip\u00e9 de trois trous taraud\u00e9s pour la fixation au poteau en fibre de verre \u00e0 l\u2019aide de vis autotaraudeuses.<\/p>\n","protected":false},"featured_media":9244,"template":"","meta":[],"product_brand":[],"product_cat":[88],"product_tag":[],"class_list":{"0":"post-7569","1":"product","2":"type-product","3":"status-publish","4":"has-post-thumbnail","6":"product_cat-accessoires-pour-linstallation-et-la-securite","8":"first","9":"instock","10":"shipping-taxable","11":"product-type-external"},"_links":{"self":[{"href":"https:\/\/siltisud.com\/fr\/wp-json\/wp\/v2\/product\/7569","targetHints":{"allow":["GET"]}}],"collection":[{"href":"https:\/\/siltisud.com\/fr\/wp-json\/wp\/v2\/product"}],"about":[{"href":"https:\/\/siltisud.com\/fr\/wp-json\/wp\/v2\/types\/product"}],"wp:featuredmedia":[{"embeddable":true,"href":"https:\/\/siltisud.com\/fr\/wp-json\/wp\/v2\/media\/9244"}],"wp:attachment":[{"href":"https:\/\/siltisud.com\/fr\/wp-json\/wp\/v2\/media?parent=7569"}],"wp:term":[{"taxonomy":"product_brand","embeddable":true,"href":"https:\/\/siltisud.com\/fr\/wp-json\/wp\/v2\/product_brand?post=7569"},{"taxonomy":"product_cat","embeddable":true,"href":"https:\/\/siltisud.com\/fr\/wp-json\/wp\/v2\/product_cat?post=7569"},{"taxonomy":"product_tag","embeddable":true,"href":"https:\/\/siltisud.com\/fr\/wp-json\/wp\/v2\/product_tag?post=7569"}],"curies":[{"name":"wp","href":"https:\/\/api.w.org\/{rel}","templated":true}]}}