{"id":7573,"date":"2025-10-29T11:52:16","date_gmt":"2025-10-29T10:52:16","guid":{"rendered":"https:\/\/siltisud.test3d0.it\/product\/cavo-di-ancoraggio-in-acciaio\/"},"modified":"2025-12-03T14:33:38","modified_gmt":"2025-12-03T13:33:38","slug":"cable-dancrage-en-acier-poteau-en-fibre-de-verre","status":"publish","type":"product","link":"https:\/\/siltisud.com\/fr\/product\/cable-dancrage-en-acier-poteau-en-fibre-de-verre\/","title":{"rendered":"C\u00e2ble d&rsquo;ancrage en acier"},"content":{"rendered":"","protected":false},"excerpt":{"rendered":"<p>C\u00e2ble d\u2019ancrage en acier pour poteaux en fibre de verre ou en bois. Il se fixe facilement aux colliers et maintient la tension du poteau.<\/p>\n<p>Filtre r\u00e9fl\u00e9chissant \u00e0 la base pour une meilleure visibilit\u00e9 en bord de route.<\/p>\n","protected":false},"featured_media":10720,"template":"","meta":[],"product_brand":[],"product_cat":[88],"product_tag":[],"class_list":{"0":"post-7573","1":"product","2":"type-product","3":"status-publish","4":"has-post-thumbnail","6":"product_cat-accessoires-pour-linstallation-et-la-securite","8":"first","9":"instock","10":"shipping-taxable","11":"product-type-external"},"_links":{"self":[{"href":"https:\/\/siltisud.com\/fr\/wp-json\/wp\/v2\/product\/7573","targetHints":{"allow":["GET"]}}],"collection":[{"href":"https:\/\/siltisud.com\/fr\/wp-json\/wp\/v2\/product"}],"about":[{"href":"https:\/\/siltisud.com\/fr\/wp-json\/wp\/v2\/types\/product"}],"wp:featuredmedia":[{"embeddable":true,"href":"https:\/\/siltisud.com\/fr\/wp-json\/wp\/v2\/media\/10720"}],"wp:attachment":[{"href":"https:\/\/siltisud.com\/fr\/wp-json\/wp\/v2\/media?parent=7573"}],"wp:term":[{"taxonomy":"product_brand","embeddable":true,"href":"https:\/\/siltisud.com\/fr\/wp-json\/wp\/v2\/product_brand?post=7573"},{"taxonomy":"product_cat","embeddable":true,"href":"https:\/\/siltisud.com\/fr\/wp-json\/wp\/v2\/product_cat?post=7573"},{"taxonomy":"product_tag","embeddable":true,"href":"https:\/\/siltisud.com\/fr\/wp-json\/wp\/v2\/product_tag?post=7573"}],"curies":[{"name":"wp","href":"https:\/\/api.w.org\/{rel}","templated":true}]}}