{"id":7577,"date":"2025-10-29T11:47:35","date_gmt":"2025-10-29T10:47:35","guid":{"rendered":"https:\/\/siltisud.test3d0.it\/product\/tappo-pali-vetroresina-con-uscite-per-fibra-ottica\/"},"modified":"2025-12-03T12:40:23","modified_gmt":"2025-12-03T11:40:23","slug":"capuchon-de-poteau-en-fibre-de-verre-avec-sorties-a-fibre-optique","status":"publish","type":"product","link":"https:\/\/siltisud.com\/fr\/product\/capuchon-de-poteau-en-fibre-de-verre-avec-sorties-a-fibre-optique\/","title":{"rendered":"Capuchon de poteau en fibre de verre avec sorties \u00e0 fibre optique"},"content":{"rendered":"","protected":false},"excerpt":{"rendered":"<p><strong>Construction:<\/strong><\/p>\n<p>Le capuchon du presse-\u00e9toupe est compos\u00e9 de deux parties en polycarbonate moul\u00e9 thermoplastique et de passe-c\u00e2bles en n\u00e9opr\u00e8ne pour l\u2019\u00e9tanch\u00e9it\u00e9.<\/p>\n<p><strong>Caract\u00e9ristiques techniques:<\/strong><\/p>\n<p>Le capuchon permet le passage du c\u00e2ble, son insertion dans le poteau creux et sa sortie par le haut pour poursuivre son cheminement a\u00e9rien.<\/p>\n","protected":false},"featured_media":10817,"template":"","meta":[],"product_brand":[],"product_cat":[88],"product_tag":[],"class_list":{"0":"post-7577","1":"product","2":"type-product","3":"status-publish","4":"has-post-thumbnail","6":"product_cat-accessoires-pour-linstallation-et-la-securite","8":"first","9":"instock","10":"shipping-taxable","11":"product-type-external"},"_links":{"self":[{"href":"https:\/\/siltisud.com\/fr\/wp-json\/wp\/v2\/product\/7577","targetHints":{"allow":["GET"]}}],"collection":[{"href":"https:\/\/siltisud.com\/fr\/wp-json\/wp\/v2\/product"}],"about":[{"href":"https:\/\/siltisud.com\/fr\/wp-json\/wp\/v2\/types\/product"}],"wp:featuredmedia":[{"embeddable":true,"href":"https:\/\/siltisud.com\/fr\/wp-json\/wp\/v2\/media\/10817"}],"wp:attachment":[{"href":"https:\/\/siltisud.com\/fr\/wp-json\/wp\/v2\/media?parent=7577"}],"wp:term":[{"taxonomy":"product_brand","embeddable":true,"href":"https:\/\/siltisud.com\/fr\/wp-json\/wp\/v2\/product_brand?post=7577"},{"taxonomy":"product_cat","embeddable":true,"href":"https:\/\/siltisud.com\/fr\/wp-json\/wp\/v2\/product_cat?post=7577"},{"taxonomy":"product_tag","embeddable":true,"href":"https:\/\/siltisud.com\/fr\/wp-json\/wp\/v2\/product_tag?post=7577"}],"curies":[{"name":"wp","href":"https:\/\/api.w.org\/{rel}","templated":true}]}}