{"id":7581,"date":"2025-10-29T11:44:57","date_gmt":"2025-10-29T10:44:57","guid":{"rendered":"https:\/\/siltisud.test3d0.it\/product\/staffa-ricchezza-cavo-linee-aeree\/"},"modified":"2025-12-03T12:20:56","modified_gmt":"2025-12-03T11:20:56","slug":"cable-aerien-de-la-gamme-de-richesse","status":"publish","type":"product","link":"https:\/\/siltisud.com\/fr\/product\/cable-aerien-de-la-gamme-de-richesse\/","title":{"rendered":"C\u00e2ble a\u00e9rien de la gamme de richesse"},"content":{"rendered":"","protected":false},"excerpt":{"rendered":"<p><strong>Caract\u00e9ristiques:<\/strong><\/p>\n<p>Ce produit sert \u00e0 contenir le c\u00e2ble \u00e0 fibre optique avant son installation.<\/p>\n<p>Dimensions\u00a0: 60\u00a0cm de diam\u00e8tre<\/p>\n<p><strong>Mat\u00e9riaux: <\/strong><\/p>\n<p>Acier galvanis\u00e9<\/p>\n","protected":false},"featured_media":10806,"template":"","meta":[],"product_brand":[],"product_cat":[88],"product_tag":[],"class_list":{"0":"post-7581","1":"product","2":"type-product","3":"status-publish","4":"has-post-thumbnail","6":"product_cat-accessoires-pour-linstallation-et-la-securite","8":"first","9":"instock","10":"shipping-taxable","11":"product-type-external"},"_links":{"self":[{"href":"https:\/\/siltisud.com\/fr\/wp-json\/wp\/v2\/product\/7581","targetHints":{"allow":["GET"]}}],"collection":[{"href":"https:\/\/siltisud.com\/fr\/wp-json\/wp\/v2\/product"}],"about":[{"href":"https:\/\/siltisud.com\/fr\/wp-json\/wp\/v2\/types\/product"}],"wp:featuredmedia":[{"embeddable":true,"href":"https:\/\/siltisud.com\/fr\/wp-json\/wp\/v2\/media\/10806"}],"wp:attachment":[{"href":"https:\/\/siltisud.com\/fr\/wp-json\/wp\/v2\/media?parent=7581"}],"wp:term":[{"taxonomy":"product_brand","embeddable":true,"href":"https:\/\/siltisud.com\/fr\/wp-json\/wp\/v2\/product_brand?post=7581"},{"taxonomy":"product_cat","embeddable":true,"href":"https:\/\/siltisud.com\/fr\/wp-json\/wp\/v2\/product_cat?post=7581"},{"taxonomy":"product_tag","embeddable":true,"href":"https:\/\/siltisud.com\/fr\/wp-json\/wp\/v2\/product_tag?post=7581"}],"curies":[{"name":"wp","href":"https:\/\/api.w.org\/{rel}","templated":true}]}}