{"id":7589,"date":"2025-10-29T11:38:20","date_gmt":"2025-10-29T10:38:20","guid":{"rendered":"https:\/\/siltisud.test3d0.it\/product\/amarro-per-fibra-ottica\/"},"modified":"2025-12-03T12:57:49","modified_gmt":"2025-12-03T11:57:49","slug":"ancre-a-fibre-optique-poteau-en-fibre-de-verre","status":"publish","type":"product","link":"https:\/\/siltisud.com\/fr\/product\/ancre-a-fibre-optique-poteau-en-fibre-de-verre\/","title":{"rendered":"Ancre \u00e0 fibre optique"},"content":{"rendered":"","protected":false},"excerpt":{"rendered":"<p>Les attaches pr\u00e9form\u00e9es NMU 764561 (fils spiral\u00e9s) sont compos\u00e9es de plusieurs fils m\u00e9talliques de forme adapt\u00e9e.<\/p>\n<p>Ces \u00e9l\u00e9ments sont en acier galvanis\u00e9 et les extr\u00e9mit\u00e9s des fils sont chanfrein\u00e9es afin de ne pas endommager la gaine du c\u00e2ble.<\/p>\n<p>Leurs dimensions sont con\u00e7ues pour s&rsquo;adapter au diam\u00e8tre ext\u00e9rieur des c\u00e2bles optiques autoportants, soit 13 \u00b1 0,5 mm. La longueur des attaches est de 510 \u00b1 1,5 cm.<\/p>\n<p>Les attaches pr\u00e9form\u00e9es sont constitu\u00e9es de six fils m\u00e9talliques profil\u00e9s de \u00d8 2,18 mm (chaque fil est rev\u00eatu uniform\u00e9ment d&rsquo;une couche de zinc).<\/p>\n<p>Le zingage est r\u00e9alis\u00e9 par immersion \u00e0 chaud, classe AB, conform\u00e9ment \u00e0 la norme UNI 7304-74.<\/p>\n<p>La puret\u00e9 du zinc ne doit pas \u00eatre inf\u00e9rieure \u00e0 celle prescrite par la norme UNI 2013-74 pour le type ZN, soit 98,5 %.<\/p>\n<p>La purezza dello zinco non deve essere inferiore a quella prescritta dalla Norma UNI 2013-74 per il tipo ZN a 98,5.<\/p>\n<p>La purezza dello zinco non deve essere inferiore a quella prescritta dalla Norma UNI 2013-74 per il tipo ZN a 98,5.<\/p>\n","protected":false},"featured_media":10730,"template":"","meta":[],"product_brand":[],"product_cat":[88],"product_tag":[],"class_list":{"0":"post-7589","1":"product","2":"type-product","3":"status-publish","4":"has-post-thumbnail","6":"product_cat-accessoires-pour-linstallation-et-la-securite","8":"first","9":"instock","10":"shipping-taxable","11":"product-type-external"},"_links":{"self":[{"href":"https:\/\/siltisud.com\/fr\/wp-json\/wp\/v2\/product\/7589","targetHints":{"allow":["GET"]}}],"collection":[{"href":"https:\/\/siltisud.com\/fr\/wp-json\/wp\/v2\/product"}],"about":[{"href":"https:\/\/siltisud.com\/fr\/wp-json\/wp\/v2\/types\/product"}],"wp:featuredmedia":[{"embeddable":true,"href":"https:\/\/siltisud.com\/fr\/wp-json\/wp\/v2\/media\/10730"}],"wp:attachment":[{"href":"https:\/\/siltisud.com\/fr\/wp-json\/wp\/v2\/media?parent=7589"}],"wp:term":[{"taxonomy":"product_brand","embeddable":true,"href":"https:\/\/siltisud.com\/fr\/wp-json\/wp\/v2\/product_brand?post=7589"},{"taxonomy":"product_cat","embeddable":true,"href":"https:\/\/siltisud.com\/fr\/wp-json\/wp\/v2\/product_cat?post=7589"},{"taxonomy":"product_tag","embeddable":true,"href":"https:\/\/siltisud.com\/fr\/wp-json\/wp\/v2\/product_tag?post=7589"}],"curies":[{"name":"wp","href":"https:\/\/api.w.org\/{rel}","templated":true}]}}