{"id":7593,"date":"2025-10-29T11:35:09","date_gmt":"2025-10-29T10:35:09","guid":{"rendered":"https:\/\/siltisud.test3d0.it\/product\/tenditore-con-redancia-integrata\/"},"modified":"2025-12-03T12:44:51","modified_gmt":"2025-12-03T11:44:51","slug":"tendeur-avec-pie-integree","status":"publish","type":"product","link":"https:\/\/siltisud.com\/fr\/product\/tendeur-avec-pie-integree\/","title":{"rendered":"Tendeur avec pie int\u00e9gr\u00e9e"},"content":{"rendered":"","protected":false},"excerpt":{"rendered":"<p><strong>Caract\u00e9ristiques:<\/strong><\/p>\n<p>Le tendeur se compose d&rsquo;un corps filet\u00e9 sur lequel sont viss\u00e9s deux \u00e9l\u00e9ments : le crochet de fixation au collier du poteau et la cosse pour le passage du collier de serrage.<\/p>\n<p><strong>Description:<\/strong><\/p>\n<p>Tous les composants du tendeur et de la cosse sont en acier galvanis\u00e9 \u00e0 chaud.<\/p>\n<p>Le tendeur est utilis\u00e9 pour l&rsquo;installation de c\u00e2bles \u00e0 fibre optique a\u00e9riens autoportants.<\/p>\n<p>Sa fonction est de fixer le c\u00e2ble au collier en acier du poteau et d&rsquo;ancrer le collier de serrage, permettant ainsi d&rsquo;ajuster la tension du c\u00e2ble optique lors de l&rsquo;installation initiale.<\/p>\n","protected":false},"featured_media":10830,"template":"","meta":[],"product_brand":[],"product_cat":[88],"product_tag":[],"class_list":{"0":"post-7593","1":"product","2":"type-product","3":"status-publish","4":"has-post-thumbnail","6":"product_cat-accessoires-pour-linstallation-et-la-securite","8":"first","9":"instock","10":"shipping-taxable","11":"product-type-external"},"_links":{"self":[{"href":"https:\/\/siltisud.com\/fr\/wp-json\/wp\/v2\/product\/7593","targetHints":{"allow":["GET"]}}],"collection":[{"href":"https:\/\/siltisud.com\/fr\/wp-json\/wp\/v2\/product"}],"about":[{"href":"https:\/\/siltisud.com\/fr\/wp-json\/wp\/v2\/types\/product"}],"wp:featuredmedia":[{"embeddable":true,"href":"https:\/\/siltisud.com\/fr\/wp-json\/wp\/v2\/media\/10830"}],"wp:attachment":[{"href":"https:\/\/siltisud.com\/fr\/wp-json\/wp\/v2\/media?parent=7593"}],"wp:term":[{"taxonomy":"product_brand","embeddable":true,"href":"https:\/\/siltisud.com\/fr\/wp-json\/wp\/v2\/product_brand?post=7593"},{"taxonomy":"product_cat","embeddable":true,"href":"https:\/\/siltisud.com\/fr\/wp-json\/wp\/v2\/product_cat?post=7593"},{"taxonomy":"product_tag","embeddable":true,"href":"https:\/\/siltisud.com\/fr\/wp-json\/wp\/v2\/product_tag?post=7593"}],"curies":[{"name":"wp","href":"https:\/\/api.w.org\/{rel}","templated":true}]}}