{"id":7597,"date":"2025-10-29T11:31:39","date_gmt":"2025-10-29T10:31:39","guid":{"rendered":"https:\/\/siltisud.test3d0.it\/product\/sospensione-alleggerita-fibra-ottica\/"},"modified":"2025-12-03T16:36:24","modified_gmt":"2025-12-03T15:36:24","slug":"suspension-legere-en-fibre-optique-poteaux-composites","status":"publish","type":"product","link":"https:\/\/siltisud.com\/fr\/product\/suspension-legere-en-fibre-optique-poteaux-composites\/","title":{"rendered":"Suspension l\u00e9g\u00e8re en fibre optique"},"content":{"rendered":"","protected":false},"excerpt":{"rendered":"<p><strong>Caract\u00e9ristiques:<\/strong><\/p>\n<p>Ce dispositif de suspension l\u00e9ger pour fibre optique se compose d&rsquo;un manchon m\u00e9tallique muni d&rsquo;un \u0153illet de fixation, form\u00e9 de deux demi-coques articul\u00e9es avec un joint d&rsquo;\u00e9tanch\u00e9it\u00e9 interne en caoutchouc.<\/p>\n<p><strong>Description:<\/strong><\/p>\n<p>Ce dispositif de suspension pour fibre optique permet de supporter le c\u00e2ble sur les poteaux avec une tension axiale faible, voire nulle, assurant ainsi son ancrage. Il garantit son bon fonctionnement, prot\u00e9geant le c\u00e2ble et les caract\u00e9ristiques de transmission des fibres, pour des port\u00e9es n&rsquo;exc\u00e9dant pas 50 m.<\/p>\n<p>Ce dispositif de suspension pour fibre optique a pass\u00e9 avec succ\u00e8s tous les tests de fluage, de vibrations dues au vent, de dilatation plastique et d&rsquo;angle de fl\u00e8che. La charge de travail maximale admissible est de 3\u00a0000 N.<\/p>\n<p>Ce dispositif de suspension pour fibre optique se compose d&rsquo;un manchon m\u00e9tallique muni d&rsquo;un \u0153illet de fixation ouvrable en alliage d&rsquo;aluminium, form\u00e9 de deux demi-coques articul\u00e9es avec un joint d&rsquo;\u00e9tanch\u00e9it\u00e9 interne en caoutchouc EPDM 50 Shore A.<\/p>\n","protected":false},"featured_media":10794,"template":"","meta":[],"product_brand":[],"product_cat":[88],"product_tag":[],"class_list":{"0":"post-7597","1":"product","2":"type-product","3":"status-publish","4":"has-post-thumbnail","6":"product_cat-accessoires-pour-linstallation-et-la-securite","8":"first","9":"instock","10":"shipping-taxable","11":"product-type-external"},"_links":{"self":[{"href":"https:\/\/siltisud.com\/fr\/wp-json\/wp\/v2\/product\/7597","targetHints":{"allow":["GET"]}}],"collection":[{"href":"https:\/\/siltisud.com\/fr\/wp-json\/wp\/v2\/product"}],"about":[{"href":"https:\/\/siltisud.com\/fr\/wp-json\/wp\/v2\/types\/product"}],"wp:featuredmedia":[{"embeddable":true,"href":"https:\/\/siltisud.com\/fr\/wp-json\/wp\/v2\/media\/10794"}],"wp:attachment":[{"href":"https:\/\/siltisud.com\/fr\/wp-json\/wp\/v2\/media?parent=7597"}],"wp:term":[{"taxonomy":"product_brand","embeddable":true,"href":"https:\/\/siltisud.com\/fr\/wp-json\/wp\/v2\/product_brand?post=7597"},{"taxonomy":"product_cat","embeddable":true,"href":"https:\/\/siltisud.com\/fr\/wp-json\/wp\/v2\/product_cat?post=7597"},{"taxonomy":"product_tag","embeddable":true,"href":"https:\/\/siltisud.com\/fr\/wp-json\/wp\/v2\/product_tag?post=7597"}],"curies":[{"name":"wp","href":"https:\/\/api.w.org\/{rel}","templated":true}]}}