{"id":7637,"date":"2025-10-29T10:02:52","date_gmt":"2025-10-29T09:02:52","guid":{"rendered":"https:\/\/siltisud.test3d0.it\/product\/box-10-utenti\/"},"modified":"2025-11-20T14:53:27","modified_gmt":"2025-11-20T13:53:27","slug":"utilisateurs-de-la-boite-10","status":"publish","type":"product","link":"https:\/\/siltisud.com\/fr\/product\/utilisateurs-de-la-boite-10\/","title":{"rendered":"Utilisateurs de la bo\u00eete 10"},"content":{"rendered":"","protected":false},"excerpt":{"rendered":"<p>La gamme de distributeurs SDB offre une solution extr\u00eamement fiable pour la distribution des r\u00e9seaux cuivre en ext\u00e9rieur.<\/p>\n<p>Fabriqu\u00e9s en polym\u00e8re haute stabilit\u00e9, tr\u00e8s r\u00e9sistant et durable, m\u00eame en conditions difficiles, les distributeurs SDB sont sp\u00e9cialement con\u00e7us pour un montage mural ou sur poteau, gr\u00e2ce aux supports m\u00e9talliques disponibles en option.<\/p>\n<p>Ce bo\u00eetier peut accueillir jusqu&rsquo;\u00e0 10 utilisateurs sur le bornier.<\/p>\n<p>Les deux bo\u00eetiers sont compatibles avec les connecteurs des s\u00e9ries QCS et KCS, offrant ainsi une grande flexibilit\u00e9 d&rsquo;installation.<\/p>\n<p>Deux types de serrures sont disponibles sur demande\u00a0: une serrure \u00e0 cl\u00e9 standard ou une serrure \u00e0 outil sp\u00e9cifique.<\/p>\n<p>Le couvercle, articul\u00e9 \u00e0 la base, est amovible. Il est dot\u00e9 d&rsquo;un m\u00e9canisme de but\u00e9e emp\u00eachant sa fermeture pendant l&rsquo;installation. Les deux bo\u00eetiers sont \u00e9quip\u00e9s d&rsquo;une prise de terre et d&rsquo;un dispositif de retenue m\u00e9canique des c\u00e2bles. Ils sont \u00e9galement munis de moustiquaires.<\/p>\n<p><strong>Mat\u00e9riaux:<\/strong><br \/>\nSocle et couvercle en PPO renforc\u00e9 de fibres de verre, support m\u00e9tallique interne en acier inoxydable AISI 304.<\/p>\n<p>Entr\u00e9e de c\u00e2ble en \u00e9lastom\u00e8re EPDM thermo-inject\u00e9. Joint d&rsquo;\u00e9tanch\u00e9it\u00e9 en \u00e9lastom\u00e8re.<\/p>\n<p><strong>Performances:<\/strong><br \/>\nClassement d&rsquo;inflammabilit\u00e9 V0 UL94.<\/p>\n<p>Indice de protection IP65.<\/p>\n<p>Entr\u00e9es de c\u00e2bles.<\/p>\n<p>SDBA\u00a0: 1 x 10-15 mm\u00a0; 1 x 10 mm.<\/p>\n","protected":false},"featured_media":8851,"template":"","meta":[],"product_brand":[],"product_cat":[92],"product_tag":[],"class_list":{"0":"post-7637","1":"product","2":"type-product","3":"status-publish","4":"has-post-thumbnail","6":"product_cat-armoires-de-raccordement","8":"first","9":"instock","10":"shipping-taxable","11":"product-type-external"},"_links":{"self":[{"href":"https:\/\/siltisud.com\/fr\/wp-json\/wp\/v2\/product\/7637","targetHints":{"allow":["GET"]}}],"collection":[{"href":"https:\/\/siltisud.com\/fr\/wp-json\/wp\/v2\/product"}],"about":[{"href":"https:\/\/siltisud.com\/fr\/wp-json\/wp\/v2\/types\/product"}],"wp:featuredmedia":[{"embeddable":true,"href":"https:\/\/siltisud.com\/fr\/wp-json\/wp\/v2\/media\/8851"}],"wp:attachment":[{"href":"https:\/\/siltisud.com\/fr\/wp-json\/wp\/v2\/media?parent=7637"}],"wp:term":[{"taxonomy":"product_brand","embeddable":true,"href":"https:\/\/siltisud.com\/fr\/wp-json\/wp\/v2\/product_brand?post=7637"},{"taxonomy":"product_cat","embeddable":true,"href":"https:\/\/siltisud.com\/fr\/wp-json\/wp\/v2\/product_cat?post=7637"},{"taxonomy":"product_tag","embeddable":true,"href":"https:\/\/siltisud.com\/fr\/wp-json\/wp\/v2\/product_tag?post=7637"}],"curies":[{"name":"wp","href":"https:\/\/api.w.org\/{rel}","templated":true}]}}