{"id":7641,"date":"2025-10-29T09:54:09","date_gmt":"2025-10-29T08:54:09","guid":{"rendered":"https:\/\/siltisud.test3d0.it\/product\/distributori-da-esterno-per-montaggio-a-palo-muro-edb\/"},"modified":"2025-11-20T14:53:36","modified_gmt":"2025-11-20T13:53:36","slug":"distributeurs-edb-pour-supports-exterieurs-sur-poteau-mur","status":"publish","type":"product","link":"https:\/\/siltisud.com\/fr\/product\/distributeurs-edb-pour-supports-exterieurs-sur-poteau-mur\/","title":{"rendered":"Distributeurs EDB pour supports ext\u00e9rieurs sur poteau\/mur"},"content":{"rendered":"","protected":false},"excerpt":{"rendered":"<p>La gamme de distributeurs EDB offre une solution extr\u00eamement fiable pour la distribution de r\u00e9seaux cuivre ext\u00e9rieurs.<\/p>\n<p>Fabriqu\u00e9s en polym\u00e8re haute stabilit\u00e9, ils sont extr\u00eamement durables et r\u00e9sistants aux environnements difficiles. Les distributeurs SDB sont sp\u00e9cialement con\u00e7us pour un montage mural ou sur poteau, \u00e0 l&rsquo;aide des supports m\u00e9talliques disponibles en option.<\/p>\n<p>La gamme EDB est sp\u00e9cifiquement con\u00e7ue pour accueillir les connecteurs de c\u00e2ble de descente de la s\u00e9rie IDW, permettant ainsi de cr\u00e9er des distributeurs \u00e0 une seule paire.<\/p>\n<p>Tous les bo\u00eetiers sont \u00e9quip\u00e9s d&rsquo;un couvercle \u00e0 charni\u00e8re. Le mod\u00e8le EDBA1 permet \u00e9galement le retrait du couvercle. Tous les produits sont \u00e9quip\u00e9s d&rsquo;une prise de terre et d&rsquo;un syst\u00e8me de maintien m\u00e9canique du c\u00e2ble.<\/p>\n<p><strong>Mat\u00e9riaux:<\/strong><\/p>\n<p>La base et le couvercle (EDBB10-15-25) sont en PPO renforc\u00e9 de fibres de verre, avec un support m\u00e9tallique interne en acier inoxydable AISI 304.<\/p>\n<p>Entr\u00e9e de c\u00e2ble en \u00e9lastom\u00e8re EPDM thermo-inject\u00e9.<\/p>\n<p>Joint d&rsquo;\u00e9tanch\u00e9it\u00e9 en \u00e9lastom\u00e8re.<\/p>\n<p><strong>Performances:<\/strong><br \/>\nClassement d&rsquo;inflammabilit\u00e9 V0 UL94, indice de protection IP44, entr\u00e9es de c\u00e2ble, EDBA\u00a0: 1 x 10-15 mm\u00a0; 1 x 10 mm.<\/p>\n","protected":false},"featured_media":8865,"template":"","meta":[],"product_brand":[],"product_cat":[92],"product_tag":[],"class_list":{"0":"post-7641","1":"product","2":"type-product","3":"status-publish","4":"has-post-thumbnail","6":"product_cat-armoires-de-raccordement","8":"first","9":"instock","10":"shipping-taxable","11":"product-type-external"},"_links":{"self":[{"href":"https:\/\/siltisud.com\/fr\/wp-json\/wp\/v2\/product\/7641","targetHints":{"allow":["GET"]}}],"collection":[{"href":"https:\/\/siltisud.com\/fr\/wp-json\/wp\/v2\/product"}],"about":[{"href":"https:\/\/siltisud.com\/fr\/wp-json\/wp\/v2\/types\/product"}],"wp:featuredmedia":[{"embeddable":true,"href":"https:\/\/siltisud.com\/fr\/wp-json\/wp\/v2\/media\/8865"}],"wp:attachment":[{"href":"https:\/\/siltisud.com\/fr\/wp-json\/wp\/v2\/media?parent=7641"}],"wp:term":[{"taxonomy":"product_brand","embeddable":true,"href":"https:\/\/siltisud.com\/fr\/wp-json\/wp\/v2\/product_brand?post=7641"},{"taxonomy":"product_cat","embeddable":true,"href":"https:\/\/siltisud.com\/fr\/wp-json\/wp\/v2\/product_cat?post=7641"},{"taxonomy":"product_tag","embeddable":true,"href":"https:\/\/siltisud.com\/fr\/wp-json\/wp\/v2\/product_tag?post=7641"}],"curies":[{"name":"wp","href":"https:\/\/api.w.org\/{rel}","templated":true}]}}