{"id":7645,"date":"2025-10-28T17:57:27","date_gmt":"2025-10-28T16:57:27","guid":{"rendered":"https:\/\/siltisud.test3d0.it\/product\/colonnina\/"},"modified":"2025-11-20T14:53:48","modified_gmt":"2025-11-20T13:53:48","slug":"colonne","status":"publish","type":"product","link":"https:\/\/siltisud.com\/fr\/product\/colonne\/","title":{"rendered":"Colonne"},"content":{"rendered":"","protected":false},"excerpt":{"rendered":"<p>Les produits de la s\u00e9rie MDC sont des armoires de distribution pour installation ext\u00e9rieure ou int\u00e9rieure, sp\u00e9cialement con\u00e7ues pour la distribution terminale des r\u00e9seaux cuivre. Fabriqu\u00e9es en mat\u00e9riau thermodurcissable haute r\u00e9sistance, elles int\u00e8grent des composants internes en acier.<\/p>\n<p><strong>Construction:<\/strong><br \/>\nCh\u00e2ssis de support m\u00e9tallique<br \/>\nEnveloppe ext\u00e9rieure en deux modules, extensible par socle et toit.<\/p>\n<p><strong>Utilisation:<\/strong><br \/>\nLa colonne constitue le point de terminaison du r\u00e9seau de distribution secondaire pour l&rsquo;alimentation des zones r\u00e9sidentielles via des armoires de test et des distributeurs.<\/p>\n<p>Armoire pour \u00e9quipements \u00e9lectriques.<\/p>\n<p><strong>Mat\u00e9riaux:<\/strong><br \/>\nCh\u00e2ssis de support\u00a0: acier galvanis\u00e9 \u00e0 chaud Fe 44B UNI 7070-72.<\/p>\n<p>Enveloppe ext\u00e9rieure\u00a0: polyester renforc\u00e9 de fibres de verre, t\u00f4les pr\u00e9-impr\u00e9gn\u00e9es et estamp\u00e9es \u00e0 chaud.<\/p>\n<p>Socle pour ancrage au sol sur dalle de b\u00e9ton.<\/p>\n<p><strong>Caract\u00e9ristiques:<\/strong><br \/>\nCh\u00e2ssis\u00a0: autoportant, avec protection anticorrosion renforc\u00e9e.<\/p>\n<p>Enveloppe ext\u00e9rieure\u00a0: auto-extinguible, r\u00e9sistante aux agents chimiques et atmosph\u00e9riques.<\/p>\n<p>R\u00e9sistance aux chocs\u00a0: \u2265 5 kg\u00b7m. Inserts m\u00e9talliques en laiton pour la fixation de l&rsquo;armoire sur le ch\u00e2ssis et pour l&rsquo;extension.<\/p>\n<p><strong>Performances:<\/strong><\/p>\n<p>Porte \u00e0 ouverture ind\u00e9pendante \u00e0 180\u00b0.<\/p>\n<p>Remplacement sur site des composants endommag\u00e9s.<\/p>\n<p>Compatible avec les armoires de test 100 paires, 50 paires et 30 paires\u00a0; les borniers 10 paires\u00a0; les pressostats et les ch\u00e2ssis duplex.<\/p>\n<p>Avec un module d&rsquo;extension, il peut accueillir un raccordement 100 paires.<\/p>\n<p>Entr\u00e9e des c\u00e2bles par des cloisons perfor\u00e9es dans le fond.<\/p>\n","protected":false},"featured_media":8860,"template":"","meta":[],"product_brand":[],"product_cat":[92],"product_tag":[],"class_list":{"0":"post-7645","1":"product","2":"type-product","3":"status-publish","4":"has-post-thumbnail","6":"product_cat-armoires-de-raccordement","8":"first","9":"instock","10":"shipping-taxable","11":"product-type-external"},"_links":{"self":[{"href":"https:\/\/siltisud.com\/fr\/wp-json\/wp\/v2\/product\/7645","targetHints":{"allow":["GET"]}}],"collection":[{"href":"https:\/\/siltisud.com\/fr\/wp-json\/wp\/v2\/product"}],"about":[{"href":"https:\/\/siltisud.com\/fr\/wp-json\/wp\/v2\/types\/product"}],"wp:featuredmedia":[{"embeddable":true,"href":"https:\/\/siltisud.com\/fr\/wp-json\/wp\/v2\/media\/8860"}],"wp:attachment":[{"href":"https:\/\/siltisud.com\/fr\/wp-json\/wp\/v2\/media?parent=7645"}],"wp:term":[{"taxonomy":"product_brand","embeddable":true,"href":"https:\/\/siltisud.com\/fr\/wp-json\/wp\/v2\/product_brand?post=7645"},{"taxonomy":"product_cat","embeddable":true,"href":"https:\/\/siltisud.com\/fr\/wp-json\/wp\/v2\/product_cat?post=7645"},{"taxonomy":"product_tag","embeddable":true,"href":"https:\/\/siltisud.com\/fr\/wp-json\/wp\/v2\/product_tag?post=7645"}],"curies":[{"name":"wp","href":"https:\/\/api.w.org\/{rel}","templated":true}]}}