{"id":7649,"date":"2025-10-28T17:54:06","date_gmt":"2025-10-28T16:54:06","guid":{"rendered":"https:\/\/siltisud.test3d0.it\/product\/armadio-tedesco-semaforico\/"},"modified":"2025-11-20T14:53:57","modified_gmt":"2025-11-20T13:53:57","slug":"armoire-de-feux-de-circulation-allemande","status":"publish","type":"product","link":"https:\/\/siltisud.com\/fr\/product\/armoire-de-feux-de-circulation-allemande\/","title":{"rendered":"Armoire de feux de circulation allemande"},"content":{"rendered":"","protected":false},"excerpt":{"rendered":"<p>Les produits de la s\u00e9rie MDC sont des armoires de distribution pour installation ext\u00e9rieure ou int\u00e9rieure, sp\u00e9cialement con\u00e7ues pour la distribution terminale des r\u00e9seaux cuivre. Fabriqu\u00e9es en mat\u00e9riau thermodurcissable haute r\u00e9sistance, elles int\u00e8grent des composants internes en acier.<\/p>\n<p><strong>Construction:<\/strong><\/p>\n<p>Ch\u00e2ssis de support<\/p>\n<p>Enveloppe ext\u00e9rieure\u00a0: socle, toit, porte, panneau arri\u00e8re, panneaux lat\u00e9raux, porte-sch\u00e9mas.<\/p>\n<p><strong>Utilisation:<\/strong><br \/>\nR\u00e9gulation des feux de circulation aux intersections.<\/p>\n<p>D\u00e9tection et classification du trafic par acquisition de mesures de flux sur le r\u00e9seau \u00e0 l\u2019aide de diff\u00e9rents types de capteurs.<\/p>\n<p>Armoire pour \u00e9quipements \u00e9lectriques.<\/p>\n<p><strong>Mat\u00e9riaux:<\/strong><\/p>\n<p>Ch\u00e2ssis de support<\/p>\n<p>Enveloppe ext\u00e9rieure\u00a0: socle, toit, porte, panneau arri\u00e8re, panneaux lat\u00e9raux, porte-sch\u00e9mas.<\/p>\n<p><strong>Caract\u00e9ristiques:<\/strong><\/p>\n<p>Mat\u00e9riau auto-extinguible conforme \u00e0 la norme ASTM D 635-72.<\/p>\n<p>R\u00e9sistance aux agents chimiques, atmosph\u00e9riques et aux micro-organismes.<\/p>\n<p><strong>Performances:<\/strong><br \/>\nOuverture de la porte \u00e0 180\u00b0.<\/p>\n<p>Remplacement possible sur site des composants endommag\u00e9s. Capacit\u00e9 d&rsquo;accueillir des armoires de test \u00e0 100, 50 et 30 broches, des borniers \u00e0 10 broches et des bo\u00eetes duplex.<\/p>\n<p>\u00c9tanch\u00e9it\u00e9 \u00e0 la pluie.<\/p>\n<p>R\u00e9sistance aux chocs (du bo\u00eetier)\u00a0: \u2265 3\u00a0kg\u00b7m.<\/p>\n<p>Entr\u00e9e de c\u00e2bles possible par le haut et le bas gr\u00e2ce \u00e0 des cloisons perfor\u00e9es.<\/p>\n<p>Emplacement pr\u00e9vu pour les outils de gestion des \u00e9quipements.<\/p>\n","protected":false},"featured_media":8845,"template":"","meta":[],"product_brand":[],"product_cat":[92],"product_tag":[],"class_list":{"0":"post-7649","1":"product","2":"type-product","3":"status-publish","4":"has-post-thumbnail","6":"product_cat-armoires-de-raccordement","8":"first","9":"instock","10":"shipping-taxable","11":"product-type-external"},"_links":{"self":[{"href":"https:\/\/siltisud.com\/fr\/wp-json\/wp\/v2\/product\/7649","targetHints":{"allow":["GET"]}}],"collection":[{"href":"https:\/\/siltisud.com\/fr\/wp-json\/wp\/v2\/product"}],"about":[{"href":"https:\/\/siltisud.com\/fr\/wp-json\/wp\/v2\/types\/product"}],"wp:featuredmedia":[{"embeddable":true,"href":"https:\/\/siltisud.com\/fr\/wp-json\/wp\/v2\/media\/8845"}],"wp:attachment":[{"href":"https:\/\/siltisud.com\/fr\/wp-json\/wp\/v2\/media?parent=7649"}],"wp:term":[{"taxonomy":"product_brand","embeddable":true,"href":"https:\/\/siltisud.com\/fr\/wp-json\/wp\/v2\/product_brand?post=7649"},{"taxonomy":"product_cat","embeddable":true,"href":"https:\/\/siltisud.com\/fr\/wp-json\/wp\/v2\/product_cat?post=7649"},{"taxonomy":"product_tag","embeddable":true,"href":"https:\/\/siltisud.com\/fr\/wp-json\/wp\/v2\/product_tag?post=7649"}],"curies":[{"name":"wp","href":"https:\/\/api.w.org\/{rel}","templated":true}]}}