{"id":7653,"date":"2025-10-28T17:50:45","date_gmt":"2025-10-28T16:50:45","guid":{"rendered":"https:\/\/siltisud.test3d0.it\/product\/armadio-tedesco\/"},"modified":"2025-11-20T14:54:08","modified_gmt":"2025-11-20T13:54:08","slug":"cabinet-de-rue-allemand","status":"publish","type":"product","link":"https:\/\/siltisud.com\/fr\/product\/cabinet-de-rue-allemand\/","title":{"rendered":"Cabinet de rue allemand"},"content":{"rendered":"","protected":false},"excerpt":{"rendered":"<p>Les produits de la s\u00e9rie MDC sont des armoires de distribution pour installation ext\u00e9rieure ou int\u00e9rieure, sp\u00e9cialement con\u00e7ues pour la distribution terminale des r\u00e9seaux cuivre. Fabriqu\u00e9es en mat\u00e9riau thermodurcissable haute r\u00e9sistance, elles int\u00e8grent des composants internes en acier.<\/p>\n<p><strong>Construction:<\/strong><\/p>\n<p>Ch\u00e2ssis porteur<\/p>\n<p>Enveloppe ext\u00e9rieure\u00a0: socle, toit, porte, panneau arri\u00e8re, panneaux lat\u00e9raux et porte-sch\u00e9mas.<\/p>\n<p><strong>Utilisation:<\/strong><\/p>\n<p>Cette armoire de type allemand est con\u00e7ue comme un point d&rsquo;extension pour le r\u00e9seau de distribution au niveau des rallonges de c\u00e2bles a\u00e9riens.<\/p>\n<p>Armoire pour \u00e9quipements \u00e9lectriques.<\/p>\n<p><strong>Mat\u00e9riaux:<\/strong><br \/>\nCh\u00e2ssis porteur\u00a0: acier galvanis\u00e9 Fe 44B UNI 7070-72.<\/p>\n<p>Enveloppe ext\u00e9rieure\u00a0: verre et r\u00e9sine polyester, pr\u00e9-impr\u00e9gn\u00e9s en feuilles, estamp\u00e9s \u00e0 chaud.<\/p>\n<p><strong>Caract\u00e9ristiques:<\/strong><br \/>\nR\u00e9sistance aux agents chimiques, atmosph\u00e9riques et aux micro-organismes. Mat\u00e9riau auto-extinguible conforme \u00e0 la norme ASTM D 635-72.<\/p>\n<p>Porte-sch\u00e9mas.<\/p>\n<p><strong>Caract\u00e9ristiques:<\/strong><br \/>\nOuverture de la porte \u00e0 180\u00b0.<\/p>\n<p>Remplacement possible sur site des composants endommag\u00e9s. R\u00e9sistance aux chocs (de l&rsquo;armoire)\u00a0: \u2265 3 kgm.<\/p>\n<p>Entr\u00e9e de c\u00e2bles possible par le haut et le bas \u00e0 travers des cloisons perfor\u00e9es.<\/p>\n<p>Emplacement pr\u00e9vu pour les outils de gestion des \u00e9quipements.<\/p>\n","protected":false},"featured_media":8840,"template":"","meta":[],"product_brand":[],"product_cat":[92],"product_tag":[],"class_list":{"0":"post-7653","1":"product","2":"type-product","3":"status-publish","4":"has-post-thumbnail","6":"product_cat-armoires-de-raccordement","8":"first","9":"instock","10":"shipping-taxable","11":"product-type-external"},"_links":{"self":[{"href":"https:\/\/siltisud.com\/fr\/wp-json\/wp\/v2\/product\/7653","targetHints":{"allow":["GET"]}}],"collection":[{"href":"https:\/\/siltisud.com\/fr\/wp-json\/wp\/v2\/product"}],"about":[{"href":"https:\/\/siltisud.com\/fr\/wp-json\/wp\/v2\/types\/product"}],"wp:featuredmedia":[{"embeddable":true,"href":"https:\/\/siltisud.com\/fr\/wp-json\/wp\/v2\/media\/8840"}],"wp:attachment":[{"href":"https:\/\/siltisud.com\/fr\/wp-json\/wp\/v2\/media?parent=7653"}],"wp:term":[{"taxonomy":"product_brand","embeddable":true,"href":"https:\/\/siltisud.com\/fr\/wp-json\/wp\/v2\/product_brand?post=7653"},{"taxonomy":"product_cat","embeddable":true,"href":"https:\/\/siltisud.com\/fr\/wp-json\/wp\/v2\/product_cat?post=7653"},{"taxonomy":"product_tag","embeddable":true,"href":"https:\/\/siltisud.com\/fr\/wp-json\/wp\/v2\/product_tag?post=7653"}],"curies":[{"name":"wp","href":"https:\/\/api.w.org\/{rel}","templated":true}]}}