{"id":7657,"date":"2025-10-28T17:33:42","date_gmt":"2025-10-28T16:33:42","guid":{"rendered":"https:\/\/siltisud.test3d0.it\/product\/armadio-modulare-unificato-a-parete-1200-coppie\/"},"modified":"2025-11-20T14:54:16","modified_gmt":"2025-11-20T13:54:16","slug":"armoire-murale-modulaire-unifiee-1200-paires","status":"publish","type":"product","link":"https:\/\/siltisud.com\/fr\/product\/armoire-murale-modulaire-unifiee-1200-paires\/","title":{"rendered":"Armoire murale modulaire unifi\u00e9e 1200 paires"},"content":{"rendered":"","protected":false},"excerpt":{"rendered":"<p>Les produits de la s\u00e9rie MDC sont des armoires de distribution pour installation ext\u00e9rieure ou int\u00e9rieure, sp\u00e9cialement con\u00e7ues pour la distribution terminale des r\u00e9seaux cuivre. Fabriqu\u00e9es en mat\u00e9riau thermodurcissable haute r\u00e9sistance, elles int\u00e8grent des composants internes en acier.<\/p>\n<p><strong>Construction:<\/strong><\/p>\n<p>Ch\u00e2ssis porteur\u00a0: deux modules 600-comp.<\/p>\n<p>Enveloppe ext\u00e9rieure\u00a0: quatre modules 300-comp.<\/p>\n<p>(1 module = 2 panneaux lat\u00e9raux + 2 portes, dont l&rsquo;une sert de panneau arri\u00e8re).<\/p>\n<p>1 socle, 1 toit, 1 porte-sch\u00e9ma de ch\u00e2ssis.<\/p>\n<p><strong>Utilisation:<\/strong><\/p>\n<p>Cette armoire permet d&rsquo;optimiser la flexibilit\u00e9 du r\u00e9seau\u00a0:<\/p>\n<p>1) \u00c9changer les paires entrant dans l&rsquo;armoire depuis le panneau de commande avec les paires sortant de l&rsquo;armoire vers le distributeur.<\/p>\n<p>2) Limiter le nombre de paires entrantes par rapport aux paires sortantes.<\/p>\n<p>L&rsquo;armoire murale est g\u00e9n\u00e9ralement install\u00e9e encastr\u00e9e (partiellement ou totalement) ou contre un mur.<\/p>\n<p>Elle peut accueillir des \u00e9quipements \u00e9lectriques.<\/p>\n<p><strong>Mat\u00e9riaux:<\/strong><\/p>\n<p>Ch\u00e2ssis porteur : acier Fe 42 UNI 7070-72, galvanis\u00e9 \u00e0 chaud selon la norme CEI 7-6 n\u00b0 239.<\/p>\n<p>Conteneur ext\u00e9rieur : verre et r\u00e9sine polyester, pr\u00e9-impr\u00e9gn\u00e9s en feuilles, estamp\u00e9s \u00e0 chaud.<\/p>\n<p><strong>Caract\u00e9ristiques:<\/strong><br \/>\nConteneur : mat\u00e9riau auto-extinguible conforme \u00e0 la norme ASTM 632-72, r\u00e9sistant aux produits chimiques, aux agents atmosph\u00e9riques et aux micro-organismes.<\/p>\n<p><strong>Performances:<\/strong><\/p>\n<p>Possibilit\u00e9 de remplacer des \u00e9l\u00e9ments individuellement sur site.<\/p>\n<p>Portes ouvrant \u00e0 180\u00b0, ind\u00e9pendamment les unes des autres.<\/p>\n<p>\u00c9tanch\u00e9it\u00e9 \u00e0 la pluie.<\/p>\n<p><strong>R\u00e9sistance aux chocs:<\/strong><\/p>\n<p>\u2013 du conteneur : \u2265 5 kg\u00b7m.<\/p>\n<p>\u2013 de la base : \u2265 10 kg\u00b7m.<\/p>\n<p>R\u00e9sistance \u00e0 la flexion : \u2265 200 kg\u00b7m.<\/p>\n","protected":false},"featured_media":8836,"template":"","meta":[],"product_brand":[],"product_cat":[92],"product_tag":[],"class_list":{"0":"post-7657","1":"product","2":"type-product","3":"status-publish","4":"has-post-thumbnail","6":"product_cat-armoires-de-raccordement","8":"first","9":"instock","10":"shipping-taxable","11":"product-type-external"},"_links":{"self":[{"href":"https:\/\/siltisud.com\/fr\/wp-json\/wp\/v2\/product\/7657","targetHints":{"allow":["GET"]}}],"collection":[{"href":"https:\/\/siltisud.com\/fr\/wp-json\/wp\/v2\/product"}],"about":[{"href":"https:\/\/siltisud.com\/fr\/wp-json\/wp\/v2\/types\/product"}],"wp:featuredmedia":[{"embeddable":true,"href":"https:\/\/siltisud.com\/fr\/wp-json\/wp\/v2\/media\/8836"}],"wp:attachment":[{"href":"https:\/\/siltisud.com\/fr\/wp-json\/wp\/v2\/media?parent=7657"}],"wp:term":[{"taxonomy":"product_brand","embeddable":true,"href":"https:\/\/siltisud.com\/fr\/wp-json\/wp\/v2\/product_brand?post=7657"},{"taxonomy":"product_cat","embeddable":true,"href":"https:\/\/siltisud.com\/fr\/wp-json\/wp\/v2\/product_cat?post=7657"},{"taxonomy":"product_tag","embeddable":true,"href":"https:\/\/siltisud.com\/fr\/wp-json\/wp\/v2\/product_tag?post=7657"}],"curies":[{"name":"wp","href":"https:\/\/api.w.org\/{rel}","templated":true}]}}