{"id":7661,"date":"2025-10-28T17:28:31","date_gmt":"2025-10-28T16:28:31","guid":{"rendered":"https:\/\/siltisud.test3d0.it\/product\/armadio-catv-90\/"},"modified":"2025-11-20T14:54:24","modified_gmt":"2025-11-20T13:54:24","slug":"armoire-catv-90","status":"publish","type":"product","link":"https:\/\/siltisud.com\/fr\/product\/armoire-catv-90\/","title":{"rendered":"Armoire Catv 90"},"content":{"rendered":"","protected":false},"excerpt":{"rendered":"<p>Les produits de la s\u00e9rie MDC sont des armoires de distribution pour installation ext\u00e9rieure ou int\u00e9rieure, sp\u00e9cialement con\u00e7ues pour la distribution terminale des r\u00e9seaux cuivre. Elles sont fabriqu\u00e9es en mat\u00e9riau thermodurcissable haute r\u00e9sistance et pr\u00e9sentent des d\u00e9tails int\u00e9rieurs en acier.<\/p>\n<p><strong>Construction:<\/strong><\/p>\n<p>Ch\u00e2ssis porteur<\/p>\n<p>Enveloppe ext\u00e9rieure : socle, toit, porte, panneau arri\u00e8re, panneaux lat\u00e9raux et porte-sch\u00e9mas.<\/p>\n<p><strong>Utilisation:<\/strong><\/p>\n<p>L&rsquo;armoire constitue le point de raccordement du r\u00e9seau de distribution secondaire dans les grands logements.<\/p>\n<p>Armoire pour \u00e9quipements \u00e9lectriques.<\/p>\n<p><strong>Mat\u00e9riaux:<\/strong><\/p>\n<p>Ch\u00e2ssis porteur : acier galvanis\u00e9 Fe 44B UNI 7070-72.<\/p>\n<p>Enveloppe ext\u00e9rieure : verre et r\u00e9sine polyester, pr\u00e9-impr\u00e9gn\u00e9s en feuilles, estamp\u00e9s \u00e0 chaud.<\/p>\n<p><strong>Caract\u00e9ristiques:<\/strong><\/p>\n<p>Mat\u00e9riau auto-extinguible conforme \u00e0 la norme ASTM D 635-72.<\/p>\n<p>R\u00e9sistance aux agents chimiques, atmosph\u00e9riques et aux micro-organismes.<\/p>\n<p><strong>Performances:<\/strong><\/p>\n<p>Ouverture de la porte \u00e0 180\u00b0.<\/p>\n<p>Possibilit\u00e9 de remplacer sur site les composants endommag\u00e9s. Compatible avec les armoires de test \u00e0 100, 50 et 30 broches, les borniers \u00e0 10 broches et les bo\u00eetes duplex.<\/p>\n<p>\u00c9tanch\u00e9it\u00e9 \u00e0 la pluie.<\/p>\n<p>R\u00e9sistance aux chocs (du bo\u00eetier)\u00a0: \u2265 3\u00a0kg\u00b7m.<\/p>\n<p>Entr\u00e9e de c\u00e2ble possible par le haut et le bas gr\u00e2ce \u00e0 des cloisons perfor\u00e9es.<\/p>\n","protected":false},"featured_media":8830,"template":"","meta":[],"product_brand":[],"product_cat":[92],"product_tag":[],"class_list":{"0":"post-7661","1":"product","2":"type-product","3":"status-publish","4":"has-post-thumbnail","6":"product_cat-armoires-de-raccordement","8":"first","9":"instock","10":"shipping-taxable","11":"product-type-external"},"_links":{"self":[{"href":"https:\/\/siltisud.com\/fr\/wp-json\/wp\/v2\/product\/7661","targetHints":{"allow":["GET"]}}],"collection":[{"href":"https:\/\/siltisud.com\/fr\/wp-json\/wp\/v2\/product"}],"about":[{"href":"https:\/\/siltisud.com\/fr\/wp-json\/wp\/v2\/types\/product"}],"wp:featuredmedia":[{"embeddable":true,"href":"https:\/\/siltisud.com\/fr\/wp-json\/wp\/v2\/media\/8830"}],"wp:attachment":[{"href":"https:\/\/siltisud.com\/fr\/wp-json\/wp\/v2\/media?parent=7661"}],"wp:term":[{"taxonomy":"product_brand","embeddable":true,"href":"https:\/\/siltisud.com\/fr\/wp-json\/wp\/v2\/product_brand?post=7661"},{"taxonomy":"product_cat","embeddable":true,"href":"https:\/\/siltisud.com\/fr\/wp-json\/wp\/v2\/product_cat?post=7661"},{"taxonomy":"product_tag","embeddable":true,"href":"https:\/\/siltisud.com\/fr\/wp-json\/wp\/v2\/product_tag?post=7661"}],"curies":[{"name":"wp","href":"https:\/\/api.w.org\/{rel}","templated":true}]}}