{"id":7665,"date":"2025-10-28T17:23:29","date_gmt":"2025-10-28T16:23:29","guid":{"rendered":"https:\/\/siltisud.test3d0.it\/product\/armadietto-300-coppie-a-palo\/"},"modified":"2025-11-20T14:54:33","modified_gmt":"2025-11-20T13:54:33","slug":"armoire-a-300-paires-de-barres","status":"publish","type":"product","link":"https:\/\/siltisud.com\/fr\/product\/armoire-a-300-paires-de-barres\/","title":{"rendered":"Armoire \u00e0 300 paires de barres"},"content":{"rendered":"","protected":false},"excerpt":{"rendered":"<p>Les produits de la s\u00e9rie MDC sont des armoires de distribution pour installation ext\u00e9rieure ou int\u00e9rieure, sp\u00e9cialement con\u00e7ues pour la distribution terminale des r\u00e9seaux cuivre. Elles sont fabriqu\u00e9es en mat\u00e9riau thermodurcissable haute r\u00e9sistance et comportent des composants internes en acier.<\/p>\n<p><strong>Construction:<\/strong><\/p>\n<p>Ch\u00e2ssis de support<\/p>\n<p>Enveloppe ext\u00e9rieure\u00a0: socle, toit, porte, panneau arri\u00e8re, panneaux lat\u00e9raux et porte-sch\u00e9mas.<\/p>\n<p><strong>Utilisation:<\/strong><br \/>\nL\u2019armoire mont\u00e9e sur poteau est con\u00e7ue pour offrir un point de flexibilit\u00e9 au r\u00e9seau de distribution au niveau des extensions de c\u00e2bles a\u00e9riens.<\/p>\n<p>Armoire pour \u00e9quipements \u00e9lectriques.<\/p>\n<p><strong>Mat\u00e9riaux:<\/strong><br \/>\nCh\u00e2ssis de support\u00a0: acier galvanis\u00e9 Fe 44B UNI 7070-72.<\/p>\n<p>Enveloppe ext\u00e9rieure\u00a0: verre et r\u00e9sine polyester, pr\u00e9-impr\u00e9gn\u00e9s en feuilles, estamp\u00e9s \u00e0 chaud.<\/p>\n<p><strong>Caract\u00e9ristiques:<\/strong><br \/>\nMat\u00e9riau auto-extinguible conforme \u00e0 la norme ASTM D 635-72.<\/p>\n<p>Stabilit\u00e9 aux agents chimiques, atmosph\u00e9riques et aux micro-organismes.<\/p>\n<p><strong>Caract\u00e9ristiques:<\/strong><br \/>\nPorte ouvrante \u00e0 180\u00b0.<\/p>\n<p>Possibilit\u00e9 de remplacement sur site des composants endommag\u00e9s. Capacit\u00e9 d&rsquo;accueil d&rsquo;armoires de test de 100, 50 et 30 unit\u00e9s.<\/p>\n<p>\u00c9tanch\u00e9it\u00e9 \u00e0 la pluie.<\/p>\n<p>R\u00e9sistance aux chocs (de l&rsquo;armoire)\u00a0: \u2265 5\u00a0kg\u00b7m et possibilit\u00e9 d&rsquo;entr\u00e9e de c\u00e2ble par le bas.<\/p>\n","protected":false},"featured_media":8732,"template":"","meta":[],"product_brand":[],"product_cat":[92],"product_tag":[],"class_list":{"0":"post-7665","1":"product","2":"type-product","3":"status-publish","4":"has-post-thumbnail","6":"product_cat-armoires-de-raccordement","8":"first","9":"instock","10":"shipping-taxable","11":"product-type-external"},"_links":{"self":[{"href":"https:\/\/siltisud.com\/fr\/wp-json\/wp\/v2\/product\/7665","targetHints":{"allow":["GET"]}}],"collection":[{"href":"https:\/\/siltisud.com\/fr\/wp-json\/wp\/v2\/product"}],"about":[{"href":"https:\/\/siltisud.com\/fr\/wp-json\/wp\/v2\/types\/product"}],"wp:featuredmedia":[{"embeddable":true,"href":"https:\/\/siltisud.com\/fr\/wp-json\/wp\/v2\/media\/8732"}],"wp:attachment":[{"href":"https:\/\/siltisud.com\/fr\/wp-json\/wp\/v2\/media?parent=7665"}],"wp:term":[{"taxonomy":"product_brand","embeddable":true,"href":"https:\/\/siltisud.com\/fr\/wp-json\/wp\/v2\/product_brand?post=7665"},{"taxonomy":"product_cat","embeddable":true,"href":"https:\/\/siltisud.com\/fr\/wp-json\/wp\/v2\/product_cat?post=7665"},{"taxonomy":"product_tag","embeddable":true,"href":"https:\/\/siltisud.com\/fr\/wp-json\/wp\/v2\/product_tag?post=7665"}],"curies":[{"name":"wp","href":"https:\/\/api.w.org\/{rel}","templated":true}]}}