{"id":7677,"date":"2025-10-28T16:45:10","date_gmt":"2025-10-28T15:45:10","guid":{"rendered":"https:\/\/siltisud.test3d0.it\/product\/armadietto-per-interni-tipo-b-linea-90\/"},"modified":"2025-11-20T14:55:19","modified_gmt":"2025-11-20T13:55:19","slug":"armoire-interieure-type-b-ligne-90","status":"publish","type":"product","link":"https:\/\/siltisud.com\/fr\/product\/armoire-interieure-type-b-ligne-90\/","title":{"rendered":"Armoire int\u00e9rieure type \u00abB\u00bb ligne \u201990"},"content":{"rendered":"","protected":false},"excerpt":{"rendered":"<p>Les produits de la s\u00e9rie MDC sont des armoires de distribution pour installation ext\u00e9rieure ou int\u00e9rieure, sp\u00e9cialement con\u00e7ues pour la distribution terminale des r\u00e9seaux cuivre. Elles sont fabriqu\u00e9es en mat\u00e9riau thermodurcissable haute r\u00e9sistance et comportent des composants internes en acier.<\/p>\n<p><strong>Construction:<\/strong><\/p>\n<p>Ch\u00e2ssis porteur m\u00e9tallique<\/p>\n<p>Enveloppe ext\u00e9rieure\u00a0: socle, toit, porte, panneau arri\u00e8re, panneaux lat\u00e9raux, porte-sch\u00e9ma, structure interne.<\/p>\n<p><strong>Utilisation:<\/strong><br \/>\nL\u2019armoire constitue le point de raccordement du r\u00e9seau de distribution secondaire dans les grands logements.<\/p>\n<p>Armoire pour \u00e9quipements \u00e9lectriques.<\/p>\n<p><strong>Mat\u00e9riaux:<\/strong><br \/>\nCh\u00e2ssis porteur\u00a0: acier galvanis\u00e9 Fe 44B UNI 7070-72.<\/p>\n<p>Enveloppe ext\u00e9rieure\u00a0: verre et r\u00e9sine polyester, pr\u00e9-impr\u00e9gn\u00e9s en feuilles, estamp\u00e9s \u00e0 chaud.<\/p>\n<p>Structure interne\u00a0: profil\u00e9s plats, t\u00f4le\u00a0: s=3 Fe P 01 MB RL UNI 5866, galvanis\u00e9e.<\/p>\n<p>Vis\u00a0: X2 Cr Ni 1811 UNI 6901-71 en acier inoxydable.<\/p>\n<p><strong>Caract\u00e9ristiques:<\/strong><\/p>\n<p>Mat\u00e9riau auto-extinguible conforme \u00e0 la norme ASTM D 635-72.<\/p>\n<p>R\u00e9sistant aux agents chimiques, atmosph\u00e9riques et aux micro-organismes.<\/p>\n<p><strong>Performances:<\/strong><br \/>\nPorte s&rsquo;ouvrant \u00e0 180\u00b0.<\/p>\n<p>Remplacement possible sur site des composants endommag\u00e9s.<\/p>\n<p>Capacit\u00e9 d&rsquo;accueil : 7 unit\u00e9s duplex et 1 armoire de test 50 paires.<\/p>\n<p>\u00c9tanch\u00e9it\u00e9 \u00e0 la pluie.<\/p>\n<p>R\u00e9sistance aux chocs (de l&rsquo;armoire) : \u2265 3 kgm.<\/p>\n<p>Entr\u00e9e de c\u00e2bles possible par le haut et le bas gr\u00e2ce \u00e0 des cloisons perfor\u00e9es.<\/p>\n","protected":false},"featured_media":8796,"template":"","meta":[],"product_brand":[],"product_cat":[92],"product_tag":[],"class_list":{"0":"post-7677","1":"product","2":"type-product","3":"status-publish","4":"has-post-thumbnail","6":"product_cat-armoires-de-raccordement","8":"first","9":"instock","10":"shipping-taxable","11":"product-type-external"},"_links":{"self":[{"href":"https:\/\/siltisud.com\/fr\/wp-json\/wp\/v2\/product\/7677","targetHints":{"allow":["GET"]}}],"collection":[{"href":"https:\/\/siltisud.com\/fr\/wp-json\/wp\/v2\/product"}],"about":[{"href":"https:\/\/siltisud.com\/fr\/wp-json\/wp\/v2\/types\/product"}],"wp:featuredmedia":[{"embeddable":true,"href":"https:\/\/siltisud.com\/fr\/wp-json\/wp\/v2\/media\/8796"}],"wp:attachment":[{"href":"https:\/\/siltisud.com\/fr\/wp-json\/wp\/v2\/media?parent=7677"}],"wp:term":[{"taxonomy":"product_brand","embeddable":true,"href":"https:\/\/siltisud.com\/fr\/wp-json\/wp\/v2\/product_brand?post=7677"},{"taxonomy":"product_cat","embeddable":true,"href":"https:\/\/siltisud.com\/fr\/wp-json\/wp\/v2\/product_cat?post=7677"},{"taxonomy":"product_tag","embeddable":true,"href":"https:\/\/siltisud.com\/fr\/wp-json\/wp\/v2\/product_tag?post=7677"}],"curies":[{"name":"wp","href":"https:\/\/api.w.org\/{rel}","templated":true}]}}