{"id":7685,"date":"2025-10-28T15:59:47","date_gmt":"2025-10-28T14:59:47","guid":{"rendered":"https:\/\/siltisud.test3d0.it\/product\/box-30-coppie\/"},"modified":"2025-11-20T14:55:35","modified_gmt":"2025-11-20T13:55:35","slug":"utilisateurs-de-la-boite-10-2","status":"publish","type":"product","link":"https:\/\/siltisud.com\/fr\/product\/utilisateurs-de-la-boite-10-2\/","title":{"rendered":"Utilisateurs de la bo\u00eete 10"},"content":{"rendered":"","protected":false},"excerpt":{"rendered":"<p>La s\u00e9rie de distributeurs SDB repr\u00e9sente une solution extr\u00eamement fiable pour la distribution des r\u00e9seaux cuivre ext\u00e9rieurs.<\/p>\n<p>Fabriqu\u00e9s en polym\u00e8re haute stabilit\u00e9, tr\u00e8s r\u00e9sistant et durable aux environnements difficiles, les distributeurs SDB sont sp\u00e9cialement con\u00e7us pour un montage mural ou sur poteau, \u00e0 l&rsquo;aide des supports m\u00e9talliques disponibles en option.<\/p>\n<p>La s\u00e9rie SDB se compose de deux bo\u00eetiers\u00a0: le premier (type A) est g\u00e9n\u00e9ralement utilis\u00e9 pour les distributeurs jusqu&rsquo;\u00e0 10-20 paires\u00a0; le second (type B) pour 20-50 paires.<\/p>\n<p>Les deux bo\u00eetiers peuvent \u00eatre \u00e9quip\u00e9s de connecteurs des s\u00e9ries QCS et KCS, offrant ainsi \u00e0 l&rsquo;installateur un large choix.<\/p>\n<p>Enfin, les deux bo\u00eetiers sont disponibles avec deux types de serrures sur demande\u00a0: \u00e0 cl\u00e9 standard ou \u00e0 outil d&rsquo;ouverture sp\u00e9cifique.<\/p>\n<p><strong>Mat\u00e9riaux:<\/strong><\/p>\n<p>Socle et couvercle en PPO renforc\u00e9 de fibres de verre, support m\u00e9tallique interne en acier inoxydable AISI 304.<\/p>\n<p>Entr\u00e9e de c\u00e2ble en \u00e9lastom\u00e8re EPDM thermo-inject\u00e9.<\/p>\n<p>Joint d&rsquo;\u00e9tanch\u00e9it\u00e9 en \u00e9lastom\u00e8re.<\/p>\n<p><strong>Performances:<\/strong><br \/>\nClassement d&rsquo;inflammabilit\u00e9 V0 UL94. Indice de protection IP65.<\/p>\n<p>Entr\u00e9es de c\u00e2bles\u00a0:<\/p>\n<p>SDB\u00a0: 1 x 22\u00a0mm\u00a0; 1 x 15-22\u00a0mm\u00a0; 10 x 10\u00a0mm.<\/p>\n","protected":false},"featured_media":8856,"template":"","meta":[],"product_brand":[],"product_cat":[92],"product_tag":[],"class_list":{"0":"post-7685","1":"product","2":"type-product","3":"status-publish","4":"has-post-thumbnail","6":"product_cat-armoires-de-raccordement","8":"first","9":"instock","10":"shipping-taxable","11":"product-type-external"},"_links":{"self":[{"href":"https:\/\/siltisud.com\/fr\/wp-json\/wp\/v2\/product\/7685","targetHints":{"allow":["GET"]}}],"collection":[{"href":"https:\/\/siltisud.com\/fr\/wp-json\/wp\/v2\/product"}],"about":[{"href":"https:\/\/siltisud.com\/fr\/wp-json\/wp\/v2\/types\/product"}],"wp:featuredmedia":[{"embeddable":true,"href":"https:\/\/siltisud.com\/fr\/wp-json\/wp\/v2\/media\/8856"}],"wp:attachment":[{"href":"https:\/\/siltisud.com\/fr\/wp-json\/wp\/v2\/media?parent=7685"}],"wp:term":[{"taxonomy":"product_brand","embeddable":true,"href":"https:\/\/siltisud.com\/fr\/wp-json\/wp\/v2\/product_brand?post=7685"},{"taxonomy":"product_cat","embeddable":true,"href":"https:\/\/siltisud.com\/fr\/wp-json\/wp\/v2\/product_cat?post=7685"},{"taxonomy":"product_tag","embeddable":true,"href":"https:\/\/siltisud.com\/fr\/wp-json\/wp\/v2\/product_tag?post=7685"}],"curies":[{"name":"wp","href":"https:\/\/api.w.org\/{rel}","templated":true}]}}